{"id":1645,"date":"2025-07-17T13:08:12","date_gmt":"2025-07-17T11:08:12","guid":{"rendered":"https:\/\/kemmen.com\/aviso-legal\/"},"modified":"2025-09-11T14:38:57","modified_gmt":"2025-09-11T12:38:57","slug":"aviso-legal","status":"publish","type":"page","link":"https:\/\/kemmen.com\/pt-pt\/aviso-legal\/","title":{"rendered":"Aviso legal"},"content":{"rendered":"<p>[et_pb_section fb_built=&#8221;1&#8243; _builder_version=&#8221;4.27.4&#8243; _module_preset=&#8221;default&#8221; background_color=&#8221;#353535&#8243; custom_padding=&#8221;160px||||false|false&#8221; global_colors_info=&#8221;{}&#8221;][et_pb_row _builder_version=&#8221;4.27.4&#8243; _module_preset=&#8221;default&#8221; max_width=&#8221;1600px&#8221; animation_style=&#8221;fade&#8221; global_colors_info=&#8221;{}&#8221;][et_pb_column type=&#8221;4_4&#8243; _builder_version=&#8221;4.27.4&#8243; _module_preset=&#8221;default&#8221; global_colors_info=&#8221;{}&#8221;][et_pb_text _builder_version=&#8221;4.27.4&#8243; _module_preset=&#8221;default&#8221; header_font=&#8221;Open Sans|700|||||||&#8221; header_text_color=&#8221;#FFFFFF&#8221; header_font_size=&#8221;50px&#8221; global_colors_info=&#8221;{}&#8221;]<\/p>\n<h1>Aviso legal<\/h1>\n<p>[\/et_pb_text][\/et_pb_column][\/et_pb_row][\/et_pb_section][et_pb_section fb_built=&#8221;1&#8243; _builder_version=&#8221;4.27.4&#8243; _module_preset=&#8221;default&#8221; global_colors_info=&#8221;{}&#8221;][et_pb_row _builder_version=&#8221;4.27.4&#8243; _module_preset=&#8221;default&#8221; max_width=&#8221;1600px&#8221; animation_style=&#8221;fade&#8221; global_colors_info=&#8221;{}&#8221;][et_pb_column type=&#8221;4_4&#8243; _builder_version=&#8221;4.27.4&#8243; _module_preset=&#8221;default&#8221; global_colors_info=&#8221;{}&#8221;][et_pb_text _builder_version=&#8221;4.27.4&#8243; _module_preset=&#8221;default&#8221; text_font=&#8221;Open Sans||||||||&#8221; text_text_color=&#8221;#353535&#8243; text_font_size=&#8221;16px&#8221; link_text_color=&#8221;gcid-c94150fc-98ff-4d53-88a6-80ae99fedee0&#8243; hover_enabled=&#8221;0&#8243; global_colors_info=&#8221;{%22gcid-c94150fc-98ff-4d53-88a6-80ae99fedee0%22:%91%22link_text_color%22%93}&#8221; link_font=&#8221;||||on||||&#8221; sticky_enabled=&#8221;0&#8243;]<\/p>\n<p>Em cumprimento do artigo 10 da Lei 34\/2002, de 11 de julho, dos servi\u00e7os da Sociedade da Informa\u00e7\u00e3o e Com\u00e9rcio Eletr\u00f3nico (LSSICE), exp\u00f5em-se a seguir os dados identificativos da empresa.<\/p>\n<p><strong>Denomina\u00e7\u00e3o social<\/strong>: TPE KEMMEN S.L.<\/p>\n<p><strong>N\u00famero de identifica\u00e7\u00e3o fiscal<\/strong>: B95349817<\/p>\n<p><strong>Domic\u00edlio social<\/strong>: P.I. UGALDEGUREN I, Parc. 4 Pab. 21 &#8211; 48170 Zamudio (Bizkaia)  <\/p>\n<p><strong>Correio eletr\u00f3nico<\/strong>: <a href=\"mailto:kemmen@kemmen.com\">kemmen@kemmen.com<\/a><\/p>\n<p><strong>Telefones<\/strong>: +34 944 26 23 23<\/p>\n<p><strong>Dados de inscri\u00e7\u00e3o no registo comercial<\/strong>: TPE KEMMEN S.L. Inscrita no Registo Comercial de Vizcaya, Tomo 4.508, Livro 0, Folha 117, Folha BI-41543, Inscri\u00e7\u00e3o 1.\u00aa, CIF B95349817.<\/p>\n<p>[\/et_pb_text][\/et_pb_column][\/et_pb_row][\/et_pb_section]<\/p>\n","protected":false},"excerpt":{"rendered":"<p>Aviso legalEm cumprimento do artigo 10 da Lei 34\/2002, de 11 de julho, dos servi\u00e7os da Sociedade da Informa\u00e7\u00e3o e Com\u00e9rcio Eletr\u00f3nico (LSSICE), exp\u00f5em-se a seguir os dados identificativos da empresa. Denomina\u00e7\u00e3o social: TPE KEMMEN S.L. N\u00famero de identifica\u00e7\u00e3o fiscal: B95349817 Domic\u00edlio social: P.I. UGALDEGUREN I, Parc. 4 Pab. 21 &#8211; 48170 Zamudio (Bizkaia) Correio [&hellip;]<\/p>\n","protected":false},"author":2,"featured_media":0,"parent":0,"menu_order":0,"comment_status":"closed","ping_status":"closed","template":"","meta":{"_et_pb_use_builder":"on","_et_pb_old_content":"","_et_gb_content_width":"","footnotes":""},"class_list":["post-1645","page","type-page","status-publish","hentry"],"yoast_head":"<!-- This site is optimized with the Yoast SEO plugin v27.4 - https:\/\/yoast.com\/product\/yoast-seo-wordpress\/ -->\n<title>Aviso legal - Kemmen<\/title>\n<meta name=\"robots\" content=\"index, follow, max-snippet:-1, max-image-preview:large, max-video-preview:-1\" \/>\n<link rel=\"canonical\" href=\"https:\/\/kemmen.com\/pt-pt\/aviso-legal\/\" \/>\n<meta property=\"og:locale\" content=\"pt_PT\" \/>\n<meta property=\"og:type\" content=\"article\" \/>\n<meta property=\"og:title\" content=\"Aviso legal - Kemmen\" \/>\n<meta property=\"og:description\" content=\"Aviso legalEm cumprimento do artigo 10 da Lei 34\/2002, de 11 de julho, dos servi\u00e7os da Sociedade da Informa\u00e7\u00e3o e Com\u00e9rcio Eletr\u00f3nico (LSSICE), exp\u00f5em-se a seguir os dados identificativos da empresa. Denomina\u00e7\u00e3o social: TPE KEMMEN S.L. N\u00famero de identifica\u00e7\u00e3o fiscal: B95349817 Domic\u00edlio social: P.I. UGALDEGUREN I, Parc. 4 Pab. 21 - 48170 Zamudio (Bizkaia) Correio [&hellip;]\" \/>\n<meta property=\"og:url\" content=\"https:\/\/kemmen.com\/pt-pt\/aviso-legal\/\" \/>\n<meta property=\"og:site_name\" content=\"Kemmen\" \/>\n<meta property=\"article:modified_time\" content=\"2025-09-11T12:38:57+00:00\" \/>\n<meta name=\"twitter:card\" content=\"summary_large_image\" \/>\n<meta name=\"twitter:label1\" content=\"Tempo estimado de leitura\" \/>\n\t<meta name=\"twitter:data1\" content=\"1 minuto\" \/>\n<script type=\"application\/ld+json\" class=\"yoast-schema-graph\">{\"@context\":\"https:\\\/\\\/schema.org\",\"@graph\":[{\"@type\":\"WebPage\",\"@id\":\"https:\\\/\\\/kemmen.com\\\/pt-pt\\\/aviso-legal\\\/\",\"url\":\"https:\\\/\\\/kemmen.com\\\/pt-pt\\\/aviso-legal\\\/\",\"name\":\"Aviso legal - Kemmen\",\"isPartOf\":{\"@id\":\"https:\\\/\\\/kemmen.com\\\/pt-pt\\\/#website\"},\"datePublished\":\"2025-07-17T11:08:12+00:00\",\"dateModified\":\"2025-09-11T12:38:57+00:00\",\"breadcrumb\":{\"@id\":\"https:\\\/\\\/kemmen.com\\\/pt-pt\\\/aviso-legal\\\/#breadcrumb\"},\"inLanguage\":\"pt-PT\",\"potentialAction\":[{\"@type\":\"ReadAction\",\"target\":[\"https:\\\/\\\/kemmen.com\\\/pt-pt\\\/aviso-legal\\\/\"]}]},{\"@type\":\"BreadcrumbList\",\"@id\":\"https:\\\/\\\/kemmen.com\\\/pt-pt\\\/aviso-legal\\\/#breadcrumb\",\"itemListElement\":[{\"@type\":\"ListItem\",\"position\":1,\"name\":\"Portada\",\"item\":\"https:\\\/\\\/kemmen.com\\\/pt-pt\\\/\"},{\"@type\":\"ListItem\",\"position\":2,\"name\":\"Aviso legal\"}]},{\"@type\":\"WebSite\",\"@id\":\"https:\\\/\\\/kemmen.com\\\/pt-pt\\\/#website\",\"url\":\"https:\\\/\\\/kemmen.com\\\/pt-pt\\\/\",\"name\":\"Kemmen\",\"description\":\"\",\"potentialAction\":[{\"@type\":\"SearchAction\",\"target\":{\"@type\":\"EntryPoint\",\"urlTemplate\":\"https:\\\/\\\/kemmen.com\\\/pt-pt\\\/?s={search_term_string}\"},\"query-input\":{\"@type\":\"PropertyValueSpecification\",\"valueRequired\":true,\"valueName\":\"search_term_string\"}}],\"inLanguage\":\"pt-PT\"}]}<\/script>\n<!-- \/ Yoast SEO plugin. -->","yoast_head_json":{"title":"Aviso legal - Kemmen","robots":{"index":"index","follow":"follow","max-snippet":"max-snippet:-1","max-image-preview":"max-image-preview:large","max-video-preview":"max-video-preview:-1"},"canonical":"https:\/\/kemmen.com\/pt-pt\/aviso-legal\/","og_locale":"pt_PT","og_type":"article","og_title":"Aviso legal - Kemmen","og_description":"Aviso legalEm cumprimento do artigo 10 da Lei 34\/2002, de 11 de julho, dos servi\u00e7os da Sociedade da Informa\u00e7\u00e3o e Com\u00e9rcio Eletr\u00f3nico (LSSICE), exp\u00f5em-se a seguir os dados identificativos da empresa. Denomina\u00e7\u00e3o social: TPE KEMMEN S.L. N\u00famero de identifica\u00e7\u00e3o fiscal: B95349817 Domic\u00edlio social: P.I. UGALDEGUREN I, Parc. 4 Pab. 21 - 48170 Zamudio (Bizkaia) Correio [&hellip;]","og_url":"https:\/\/kemmen.com\/pt-pt\/aviso-legal\/","og_site_name":"Kemmen","article_modified_time":"2025-09-11T12:38:57+00:00","twitter_card":"summary_large_image","twitter_misc":{"Tempo estimado de leitura":"1 minuto"},"schema":{"@context":"https:\/\/schema.org","@graph":[{"@type":"WebPage","@id":"https:\/\/kemmen.com\/pt-pt\/aviso-legal\/","url":"https:\/\/kemmen.com\/pt-pt\/aviso-legal\/","name":"Aviso legal - Kemmen","isPartOf":{"@id":"https:\/\/kemmen.com\/pt-pt\/#website"},"datePublished":"2025-07-17T11:08:12+00:00","dateModified":"2025-09-11T12:38:57+00:00","breadcrumb":{"@id":"https:\/\/kemmen.com\/pt-pt\/aviso-legal\/#breadcrumb"},"inLanguage":"pt-PT","potentialAction":[{"@type":"ReadAction","target":["https:\/\/kemmen.com\/pt-pt\/aviso-legal\/"]}]},{"@type":"BreadcrumbList","@id":"https:\/\/kemmen.com\/pt-pt\/aviso-legal\/#breadcrumb","itemListElement":[{"@type":"ListItem","position":1,"name":"Portada","item":"https:\/\/kemmen.com\/pt-pt\/"},{"@type":"ListItem","position":2,"name":"Aviso legal"}]},{"@type":"WebSite","@id":"https:\/\/kemmen.com\/pt-pt\/#website","url":"https:\/\/kemmen.com\/pt-pt\/","name":"Kemmen","description":"","potentialAction":[{"@type":"SearchAction","target":{"@type":"EntryPoint","urlTemplate":"https:\/\/kemmen.com\/pt-pt\/?s={search_term_string}"},"query-input":{"@type":"PropertyValueSpecification","valueRequired":true,"valueName":"search_term_string"}}],"inLanguage":"pt-PT"}]}},"_links":{"self":[{"href":"https:\/\/kemmen.com\/pt-pt\/wp-json\/wp\/v2\/pages\/1645","targetHints":{"allow":["GET"]}}],"collection":[{"href":"https:\/\/kemmen.com\/pt-pt\/wp-json\/wp\/v2\/pages"}],"about":[{"href":"https:\/\/kemmen.com\/pt-pt\/wp-json\/wp\/v2\/types\/page"}],"author":[{"embeddable":true,"href":"https:\/\/kemmen.com\/pt-pt\/wp-json\/wp\/v2\/users\/2"}],"replies":[{"embeddable":true,"href":"https:\/\/kemmen.com\/pt-pt\/wp-json\/wp\/v2\/comments?post=1645"}],"version-history":[{"count":2,"href":"https:\/\/kemmen.com\/pt-pt\/wp-json\/wp\/v2\/pages\/1645\/revisions"}],"predecessor-version":[{"id":1647,"href":"https:\/\/kemmen.com\/pt-pt\/wp-json\/wp\/v2\/pages\/1645\/revisions\/1647"}],"wp:attachment":[{"href":"https:\/\/kemmen.com\/pt-pt\/wp-json\/wp\/v2\/media?parent=1645"}],"curies":[{"name":"wp","href":"https:\/\/api.w.org\/{rel}","templated":true}]}}