{"id":1683,"date":"2025-07-17T13:08:21","date_gmt":"2025-07-17T11:08:21","guid":{"rendered":"https:\/\/kemmen.com\/brugarolas\/"},"modified":"2025-12-16T17:23:13","modified_gmt":"2025-12-16T16:23:13","slug":"brugarolas","status":"publish","type":"page","link":"https:\/\/kemmen.com\/pt-pt\/brugarolas\/","title":{"rendered":"Brugarolas"},"content":{"rendered":"<p>[et_pb_section fb_built=&#8221;1&#8243; _builder_version=&#8221;4.27.4&#8243; _module_preset=&#8221;default&#8221; background_color=&#8221;rgba(0,31,58,0.8)&#8221; background_image=&#8221;https:\/\/kemmen.com\/wp-content\/uploads\/2025\/08\/Fondo_Brugarolas_2.jpg&#8221; background_blend=&#8221;multiply&#8221; custom_padding=&#8221;160px||50px||false|false&#8221; locked=&#8221;off&#8221; global_colors_info=&#8221;{%22gcid-c94150fc-98ff-4d53-88a6-80ae99fedee0%22:%91%22background_color%22%93}&#8221;][et_pb_row column_structure=&#8221;3_5,2_5&#8243; _builder_version=&#8221;4.27.4&#8243; _module_preset=&#8221;default&#8221; max_width=&#8221;1600px&#8221; custom_padding=&#8221;||0px|||&#8221; animation_style=&#8221;fade&#8221; global_colors_info=&#8221;{}&#8221;][et_pb_column type=&#8221;3_5&#8243; _builder_version=&#8221;4.27.4&#8243; _module_preset=&#8221;default&#8221; global_colors_info=&#8221;{}&#8221;][et_pb_text _builder_version=&#8221;4.27.4&#8243; _module_preset=&#8221;default&#8221; text_font=&#8221;Open Sans|700||on|||||&#8221; text_text_color=&#8221;#FFFFFF&#8221; text_font_size=&#8221;50px&#8221; header_font=&#8221;Open Sans|700|||||||&#8221; header_text_color=&#8221;#FFFFFF&#8221; header_font_size=&#8221;55px&#8221; header_line_height=&#8221;1.3em&#8221; custom_margin=&#8221;65px||59px|||&#8221; custom_margin_tablet=&#8221;65px||59px|||&#8221; custom_margin_phone=&#8221;0px||0px||true|false&#8221; custom_margin_last_edited=&#8221;on|phone&#8221; header_font_size_tablet=&#8221;55px&#8221; header_font_size_phone=&#8221;30px&#8221; header_font_size_last_edited=&#8221;on|phone&#8221; global_colors_info=&#8221;{}&#8221;]<\/p>\n<h1>Distribuidores de Brugarolas<\/h1>\n<p>[\/et_pb_text][\/et_pb_column][et_pb_column type=&#8221;2_5&#8243; _builder_version=&#8221;4.27.4&#8243; _module_preset=&#8221;default&#8221; global_colors_info=&#8221;{}&#8221;][et_pb_image src=&#8221;https:\/\/kemmen.com\/wp-content\/uploads\/2025\/07\/Logo_Brugarolas_Blanco.png&#8221; title_text=&#8221;Logo_Brugarolas_Blanco&#8221; _builder_version=&#8221;4.27.4&#8243; _module_preset=&#8221;default&#8221; custom_margin=&#8221;-83px|||||&#8221; custom_padding=&#8221;25px|||||&#8221; global_colors_info=&#8221;{}&#8221;][\/et_pb_image][\/et_pb_column][\/et_pb_row][\/et_pb_section][et_pb_section fb_built=&#8221;1&#8243; _builder_version=&#8221;4.27.4&#8243; _module_preset=&#8221;default&#8221; custom_padding=&#8221;102px||118px|||&#8221; locked=&#8221;off&#8221; global_colors_info=&#8221;{}&#8221;][et_pb_row column_structure=&#8221;1_2,1_2&#8243; _builder_version=&#8221;4.27.4&#8243; _module_preset=&#8221;default&#8221; max_width=&#8221;1600px&#8221; global_colors_info=&#8221;{}&#8221;][et_pb_column type=&#8221;1_2&#8243; _builder_version=&#8221;4.27.4&#8243; _module_preset=&#8221;default&#8221; global_colors_info=&#8221;{}&#8221;][et_pb_image src=&#8221;https:\/\/kemmen.com\/wp-content\/uploads\/2025\/07\/DistribuidoresBrugarolas_Kemmen.jpg&#8221; title_text=&#8221;DistribuidoresBrugarolas_Kemmen&#8221; _builder_version=&#8221;4.27.4&#8243; _module_preset=&#8221;default&#8221; animation_style=&#8221;slide&#8221; animation_direction=&#8221;left&#8221; border_radii=&#8221;on|25px|25px|25px|25px&#8221; box_shadow_style=&#8221;preset3&#8243; global_colors_info=&#8221;{}&#8221;][\/et_pb_image][\/et_pb_column][et_pb_column type=&#8221;1_2&#8243; _builder_version=&#8221;4.27.4&#8243; _module_preset=&#8221;default&#8221; global_colors_info=&#8221;{}&#8221;][et_pb_text _builder_version=&#8221;4.27.4&#8243; _module_preset=&#8221;default&#8221; text_font=&#8221;Lexend||||||||&#8221; text_text_color=&#8221;gcid-c94150fc-98ff-4d53-88a6-80ae99fedee0&#8243; text_font_size=&#8221;20px&#8221; custom_margin=&#8221;69px||5px|||&#8221; animation_style=&#8221;fade&#8221; locked=&#8221;off&#8221; global_colors_info=&#8221;{%22gcid-c94150fc-98ff-4d53-88a6-80ae99fedee0%22:%91%22text_text_color%22%93}&#8221;]<\/p>\n<p>Brugarolas<\/p>\n<p>[\/et_pb_text][et_pb_text _builder_version=&#8221;4.27.4&#8243; _module_preset=&#8221;default&#8221; header_font=&#8221;Open Sans|700||on|||||&#8221; header_text_color=&#8221;gcid-c94150fc-98ff-4d53-88a6-80ae99fedee0&#8243; header_font_size=&#8221;41px&#8221; header_line_height=&#8221;1.5em&#8221; header_2_font=&#8221;Open Sans|700||on|||||&#8221; header_2_text_color=&#8221;gcid-c94150fc-98ff-4d53-88a6-80ae99fedee0&#8243; header_2_font_size=&#8221;41px&#8221; header_2_line_height=&#8221;1.5em&#8221; custom_margin=&#8221;||13px|||&#8221; animation_style=&#8221;fade&#8221; header_2_font_size_tablet=&#8221;41px&#8221; header_2_font_size_phone=&#8221;30px&#8221; header_2_font_size_last_edited=&#8221;on|phone&#8221; locked=&#8221;off&#8221; global_colors_info=&#8221;{%22gcid-c94150fc-98ff-4d53-88a6-80ae99fedee0%22:%91%22header_2_text_color%22,%22header_text_color%22%93}&#8221;]<\/p>\n<h2>Lubrifica\u00e7\u00e3o Industrial<\/h2>\n<p>[\/et_pb_text][et_pb_text _builder_version=&#8221;4.27.4&#8243; _module_preset=&#8221;default&#8221; text_font=&#8221;Open Sans||||||||&#8221; text_text_color=&#8221;#353535&#8243; text_font_size=&#8221;16px&#8221; text_line_height=&#8221;1.6em&#8221; animation_style=&#8221;fade&#8221; hover_enabled=&#8221;0&#8243; locked=&#8221;off&#8221; global_colors_info=&#8221;{}&#8221; sticky_enabled=&#8221;0&#8243;]<\/p>\n<p>Como distribuidores de<a href=\"https:\/\/kemmen.com\/pt-pt\/elementos-de-transmissao-e-estanqueidade\/\"> lubrificantes industriais<\/a> da Brugarolas na Espanha, a TPE Kemmen representa a empresa qu\u00edmica espanhola l\u00edder em lubrifica\u00e7\u00e3o industrial, com mais de 135 anos de hist\u00f3ria ininterrupta desde 1885.<\/p>\n<p>A Brugarolas, uma empresa familiar na sua quarta gera\u00e7\u00e3o com presen\u00e7a em mais de 60 pa\u00edses, consolidou-se como refer\u00eancia mundial no desenvolvimento e fabrico de lubrificantes especiais, destacando-se especialmente pela sua gama BESLUX de produtos inovadores e de alta tecnologia.<\/p>\n<p>[\/et_pb_text][\/et_pb_column][\/et_pb_row][\/et_pb_section][et_pb_section fb_built=&#8221;1&#8243; _builder_version=&#8221;4.27.4&#8243; _module_preset=&#8221;default&#8221; background_color=&#8221;#353535&#8243; background_image=&#8221;https:\/\/kemmen.com\/wp-content\/uploads\/2025\/07\/CTA_Brugarolas.jpg&#8221; locked=&#8221;off&#8221; global_colors_info=&#8221;{}&#8221;][et_pb_row column_structure=&#8221;1_2,1_4,1_4&#8243; use_custom_gutter=&#8221;on&#8221; gutter_width=&#8221;2&#8243; _builder_version=&#8221;4.27.4&#8243; _module_preset=&#8221;default&#8221; max_width=&#8221;1600px&#8221; custom_margin=&#8221;27px|auto||auto|false|false&#8221; locked=&#8221;off&#8221; global_colors_info=&#8221;{}&#8221;][et_pb_column type=&#8221;1_2&#8243; _builder_version=&#8221;4.27.4&#8243; _module_preset=&#8221;default&#8221; global_colors_info=&#8221;{}&#8221;][et_pb_text _builder_version=&#8221;4.27.4&#8243; _module_preset=&#8221;default&#8221; header_2_font=&#8221;Open Sans|700||on|||||&#8221; header_2_text_color=&#8221;#FFFFFF&#8221; header_2_font_size=&#8221;41px&#8221; header_2_line_height=&#8221;1.5em&#8221; header_3_font=&#8221;Open Sans|700||on|||||&#8221; header_3_text_color=&#8221;#FFFFFF&#8221; header_3_font_size=&#8221;48px&#8221; header_3_line_height=&#8221;1.5em&#8221; custom_margin=&#8221;||13px|||&#8221; animation_style=&#8221;fade&#8221; header_2_font_size_tablet=&#8221;41px&#8221; header_2_font_size_phone=&#8221;30px&#8221; header_2_font_size_last_edited=&#8221;on|phone&#8221; locked=&#8221;off&#8221; global_colors_info=&#8221;{}&#8221;]<\/p>\n<h2>Descarregue os cat\u00e1logos de produtos Brugarolas<\/h2>\n<p>[\/et_pb_text][\/et_pb_column][et_pb_column type=&#8221;1_4&#8243; _builder_version=&#8221;4.27.4&#8243; _module_preset=&#8221;default&#8221; global_colors_info=&#8221;{}&#8221;][et_pb_blurb use_icon=&#8221;on&#8221; font_icon=&#8221;&#xe092;||divi||400&#8243; icon_color=&#8221;gcid-68313e46-7288-442c-8626-eff0e763ccc9&#8243; icon_placement=&#8221;left&#8221; _builder_version=&#8221;4.27.4&#8243; _dynamic_attributes=&#8221;link_option_url&#8221; _module_preset=&#8221;default&#8221; body_font=&#8221;Open Sans||||||||&#8221; body_text_color=&#8221;gcid-c94150fc-98ff-4d53-88a6-80ae99fedee0&#8243; body_font_size=&#8221;16px&#8221; body_line_height=&#8221;1.9em&#8221; background_color=&#8221;gcid-854d8ff2-bec1-4d69-b356-b3a35a900467&#8243; custom_margin=&#8221;||13px|||&#8221; custom_padding=&#8221;30px|15px|30px|15px|true|true&#8221; animation_style=&#8221;slide&#8221; animation_direction=&#8221;bottom&#8221; link_option_url=&#8221;@ET-DC@eyJkeW5hbWljIjp0cnVlLCJjb250ZW50IjoicG9zdF9saW5rX3VybF9hdHRhY2htZW50Iiwic2V0dGluZ3MiOnsicG9zdF9pZCI6Ijk2OSJ9fQ==@&#8221; border_radii=&#8221;on|15px|15px|15px|15px&#8221; global_colors_info=&#8221;{%22gcid-c94150fc-98ff-4d53-88a6-80ae99fedee0%22:%91%22body_text_color%22%93,%22gcid-854d8ff2-bec1-4d69-b356-b3a35a900467%22:%91%22background_color%22%93,%22gcid-68313e46-7288-442c-8626-eff0e763ccc9%22:%91%22icon_color%22%93}&#8221;]<\/p>\n<p>Cat\u00e1logo de <strong>lubrificantes<\/strong><\/p>\n<p>[\/et_pb_blurb][et_pb_blurb use_icon=&#8221;on&#8221; font_icon=&#8221;&#xe092;||divi||400&#8243; icon_color=&#8221;gcid-68313e46-7288-442c-8626-eff0e763ccc9&#8243; icon_placement=&#8221;left&#8221; _builder_version=&#8221;4.27.4&#8243; _dynamic_attributes=&#8221;link_option_url&#8221; _module_preset=&#8221;default&#8221; body_font=&#8221;Open Sans||||||||&#8221; body_text_color=&#8221;gcid-c94150fc-98ff-4d53-88a6-80ae99fedee0&#8243; body_font_size=&#8221;16px&#8221; body_line_height=&#8221;1.9em&#8221; background_color=&#8221;gcid-854d8ff2-bec1-4d69-b356-b3a35a900467&#8243; custom_margin=&#8221;||13px|||&#8221; custom_padding=&#8221;15px|15px|15px|15px|true|true&#8221; animation_style=&#8221;slide&#8221; animation_direction=&#8221;bottom&#8221; link_option_url=&#8221;@ET-DC@eyJkeW5hbWljIjp0cnVlLCJjb250ZW50IjoicG9zdF9saW5rX3VybF9hdHRhY2htZW50Iiwic2V0dGluZ3MiOnsicG9zdF9pZCI6Ijk2NyJ9fQ==@&#8221; border_radii=&#8221;on|15px|15px|15px|15px&#8221; global_colors_info=&#8221;{%22gcid-c94150fc-98ff-4d53-88a6-80ae99fedee0%22:%91%22body_text_color%22%93,%22gcid-854d8ff2-bec1-4d69-b356-b3a35a900467%22:%91%22background_color%22%93,%22gcid-68313e46-7288-442c-8626-eff0e763ccc9%22:%91%22icon_color%22%93}&#8221;]<\/p>\n<p>Cat\u00e1logo <strong>\u00d3leos Industriais<\/strong><\/p>\n<p>[\/et_pb_blurb][\/et_pb_column][et_pb_column type=&#8221;1_4&#8243; _builder_version=&#8221;4.27.4&#8243; _module_preset=&#8221;default&#8221; global_colors_info=&#8221;{}&#8221;][et_pb_blurb use_icon=&#8221;on&#8221; font_icon=&#8221;&#xe092;||divi||400&#8243; icon_color=&#8221;gcid-68313e46-7288-442c-8626-eff0e763ccc9&#8243; icon_placement=&#8221;left&#8221; _builder_version=&#8221;4.27.4&#8243; _dynamic_attributes=&#8221;link_option_url&#8221; _module_preset=&#8221;default&#8221; body_font=&#8221;Open Sans||||||||&#8221; body_text_color=&#8221;gcid-c94150fc-98ff-4d53-88a6-80ae99fedee0&#8243; body_font_size=&#8221;16px&#8221; body_line_height=&#8221;1.9em&#8221; background_color=&#8221;gcid-854d8ff2-bec1-4d69-b356-b3a35a900467&#8243; custom_margin=&#8221;||13px|||&#8221; custom_margin_tablet=&#8221;||13px|||&#8221; custom_margin_phone=&#8221;-30px||13px||false|false&#8221; custom_margin_last_edited=&#8221;on|phone&#8221; custom_padding=&#8221;15px|15px|15px|15px|true|true&#8221; animation_style=&#8221;slide&#8221; animation_direction=&#8221;bottom&#8221; link_option_url=&#8221;@ET-DC@eyJkeW5hbWljIjp0cnVlLCJjb250ZW50IjoicG9zdF9saW5rX3VybF9hdHRhY2htZW50Iiwic2V0dGluZ3MiOnsicG9zdF9pZCI6Ijk2OCJ9fQ==@&#8221; border_radii=&#8221;on|15px|15px|15px|15px&#8221; global_colors_info=&#8221;{%22gcid-c94150fc-98ff-4d53-88a6-80ae99fedee0%22:%91%22body_text_color%22%93,%22gcid-854d8ff2-bec1-4d69-b356-b3a35a900467%22:%91%22background_color%22%93,%22gcid-68313e46-7288-442c-8626-eff0e763ccc9%22:%91%22icon_color%22%93}&#8221;]<\/p>\n<p>Cat\u00e1logo <strong>Engrenagens abertas<\/strong><\/p>\n<p>[\/et_pb_blurb][et_pb_blurb use_icon=&#8221;on&#8221; font_icon=&#8221;&#xe092;||divi||400&#8243; icon_color=&#8221;gcid-68313e46-7288-442c-8626-eff0e763ccc9&#8243; icon_placement=&#8221;left&#8221; _builder_version=&#8221;4.27.4&#8243; _dynamic_attributes=&#8221;link_option_url&#8221; _module_preset=&#8221;default&#8221; body_font=&#8221;Open Sans||||||||&#8221; body_text_color=&#8221;gcid-c94150fc-98ff-4d53-88a6-80ae99fedee0&#8243; body_font_size=&#8221;16px&#8221; body_line_height=&#8221;1.9em&#8221; background_color=&#8221;gcid-854d8ff2-bec1-4d69-b356-b3a35a900467&#8243; custom_margin=&#8221;||13px|||&#8221; custom_padding=&#8221;15px|15px|15px|15px|true|true&#8221; animation_style=&#8221;slide&#8221; animation_direction=&#8221;bottom&#8221; link_option_url=&#8221;@ET-DC@eyJkeW5hbWljIjp0cnVlLCJjb250ZW50IjoicG9zdF9saW5rX3VybF9hdHRhY2htZW50Iiwic2V0dGluZ3MiOnsicG9zdF9pZCI6Ijk2NiJ9fQ==@&#8221; border_radii=&#8221;on|15px|15px|15px|15px&#8221; global_colors_info=&#8221;{%22gcid-c94150fc-98ff-4d53-88a6-80ae99fedee0%22:%91%22body_text_color%22%93,%22gcid-854d8ff2-bec1-4d69-b356-b3a35a900467%22:%91%22background_color%22%93,%22gcid-68313e46-7288-442c-8626-eff0e763ccc9%22:%91%22icon_color%22%93}&#8221;]<\/p>\n<p>Cat\u00e1logo <strong>\u00d3leos Deforma\u00e7\u00e3o<\/strong><\/p>\n<p>[\/et_pb_blurb][\/et_pb_column][\/et_pb_row][\/et_pb_section]<\/p>\n","protected":false},"excerpt":{"rendered":"<p>Distribuidores de BrugarolasBrugarolasLubrifica\u00e7\u00e3o IndustrialComo distribuidores de lubrificantes industriais da Brugarolas na Espanha, a TPE Kemmen representa a empresa qu\u00edmica espanhola l\u00edder em lubrifica\u00e7\u00e3o industrial, com mais de 135 anos de hist\u00f3ria ininterrupta desde 1885. A Brugarolas, uma empresa familiar na sua quarta gera\u00e7\u00e3o com presen\u00e7a em mais de 60 pa\u00edses, consolidou-se como refer\u00eancia mundial no [&hellip;]<\/p>\n","protected":false},"author":2,"featured_media":0,"parent":0,"menu_order":0,"comment_status":"closed","ping_status":"closed","template":"","meta":{"_et_pb_use_builder":"on","_et_pb_old_content":"","_et_gb_content_width":"","footnotes":""},"class_list":["post-1683","page","type-page","status-publish","hentry"],"yoast_head":"<!-- This site is optimized with the Yoast SEO plugin v27.4 - https:\/\/yoast.com\/product\/yoast-seo-wordpress\/ -->\n<title>Distribuidores oficiais da Brugarolas | Lubrifica\u00e7\u00e3o Industrial<\/title>\n<meta name=\"description\" content=\"Como distribuidores de lubrificantes industriais da Brugarolas em Espanha e Portugal, empresa l\u00edder em lubrifica\u00e7\u00e3o industrial\" \/>\n<meta name=\"robots\" content=\"index, follow, max-snippet:-1, max-image-preview:large, max-video-preview:-1\" \/>\n<link rel=\"canonical\" href=\"https:\/\/kemmen.com\/pt-pt\/brugarolas\/\" \/>\n<meta property=\"og:locale\" content=\"pt_PT\" \/>\n<meta property=\"og:type\" content=\"article\" \/>\n<meta property=\"og:title\" content=\"Distribuidores oficiais da Brugarolas | Lubrifica\u00e7\u00e3o Industrial\" \/>\n<meta property=\"og:description\" content=\"Como distribuidores de lubrificantes industriais da Brugarolas em Espanha e Portugal, empresa l\u00edder em lubrifica\u00e7\u00e3o industrial\" \/>\n<meta property=\"og:url\" content=\"https:\/\/kemmen.com\/pt-pt\/brugarolas\/\" \/>\n<meta property=\"og:site_name\" content=\"Kemmen\" \/>\n<meta property=\"article:modified_time\" content=\"2025-12-16T16:23:13+00:00\" \/>\n<meta name=\"twitter:card\" content=\"summary_large_image\" \/>\n<meta name=\"twitter:label1\" content=\"Tempo estimado de leitura\" \/>\n\t<meta name=\"twitter:data1\" content=\"7 minutos\" \/>\n<script type=\"application\/ld+json\" class=\"yoast-schema-graph\">{\"@context\":\"https:\\\/\\\/schema.org\",\"@graph\":[{\"@type\":\"WebPage\",\"@id\":\"https:\\\/\\\/kemmen.com\\\/pt-pt\\\/brugarolas\\\/\",\"url\":\"https:\\\/\\\/kemmen.com\\\/pt-pt\\\/brugarolas\\\/\",\"name\":\"Distribuidores oficiais da Brugarolas | Lubrifica\u00e7\u00e3o Industrial\",\"isPartOf\":{\"@id\":\"https:\\\/\\\/kemmen.com\\\/pt-pt\\\/#website\"},\"datePublished\":\"2025-07-17T11:08:21+00:00\",\"dateModified\":\"2025-12-16T16:23:13+00:00\",\"description\":\"Como distribuidores de lubrificantes industriais da Brugarolas em Espanha e Portugal, empresa l\u00edder em lubrifica\u00e7\u00e3o industrial\",\"breadcrumb\":{\"@id\":\"https:\\\/\\\/kemmen.com\\\/pt-pt\\\/brugarolas\\\/#breadcrumb\"},\"inLanguage\":\"pt-PT\",\"potentialAction\":[{\"@type\":\"ReadAction\",\"target\":[\"https:\\\/\\\/kemmen.com\\\/pt-pt\\\/brugarolas\\\/\"]}]},{\"@type\":\"BreadcrumbList\",\"@id\":\"https:\\\/\\\/kemmen.com\\\/pt-pt\\\/brugarolas\\\/#breadcrumb\",\"itemListElement\":[{\"@type\":\"ListItem\",\"position\":1,\"name\":\"Portada\",\"item\":\"https:\\\/\\\/kemmen.com\\\/pt-pt\\\/\"},{\"@type\":\"ListItem\",\"position\":2,\"name\":\"Brugarolas\"}]},{\"@type\":\"WebSite\",\"@id\":\"https:\\\/\\\/kemmen.com\\\/pt-pt\\\/#website\",\"url\":\"https:\\\/\\\/kemmen.com\\\/pt-pt\\\/\",\"name\":\"Kemmen\",\"description\":\"\",\"potentialAction\":[{\"@type\":\"SearchAction\",\"target\":{\"@type\":\"EntryPoint\",\"urlTemplate\":\"https:\\\/\\\/kemmen.com\\\/pt-pt\\\/?s={search_term_string}\"},\"query-input\":{\"@type\":\"PropertyValueSpecification\",\"valueRequired\":true,\"valueName\":\"search_term_string\"}}],\"inLanguage\":\"pt-PT\"}]}<\/script>\n<!-- \/ Yoast SEO plugin. -->","yoast_head_json":{"title":"Distribuidores oficiais da Brugarolas | Lubrifica\u00e7\u00e3o Industrial","description":"Como distribuidores de lubrificantes industriais da Brugarolas em Espanha e Portugal, empresa l\u00edder em lubrifica\u00e7\u00e3o industrial","robots":{"index":"index","follow":"follow","max-snippet":"max-snippet:-1","max-image-preview":"max-image-preview:large","max-video-preview":"max-video-preview:-1"},"canonical":"https:\/\/kemmen.com\/pt-pt\/brugarolas\/","og_locale":"pt_PT","og_type":"article","og_title":"Distribuidores oficiais da Brugarolas | Lubrifica\u00e7\u00e3o Industrial","og_description":"Como distribuidores de lubrificantes industriais da Brugarolas em Espanha e Portugal, empresa l\u00edder em lubrifica\u00e7\u00e3o industrial","og_url":"https:\/\/kemmen.com\/pt-pt\/brugarolas\/","og_site_name":"Kemmen","article_modified_time":"2025-12-16T16:23:13+00:00","twitter_card":"summary_large_image","twitter_misc":{"Tempo estimado de leitura":"7 minutos"},"schema":{"@context":"https:\/\/schema.org","@graph":[{"@type":"WebPage","@id":"https:\/\/kemmen.com\/pt-pt\/brugarolas\/","url":"https:\/\/kemmen.com\/pt-pt\/brugarolas\/","name":"Distribuidores oficiais da Brugarolas | Lubrifica\u00e7\u00e3o Industrial","isPartOf":{"@id":"https:\/\/kemmen.com\/pt-pt\/#website"},"datePublished":"2025-07-17T11:08:21+00:00","dateModified":"2025-12-16T16:23:13+00:00","description":"Como distribuidores de lubrificantes industriais da Brugarolas em Espanha e Portugal, empresa l\u00edder em lubrifica\u00e7\u00e3o industrial","breadcrumb":{"@id":"https:\/\/kemmen.com\/pt-pt\/brugarolas\/#breadcrumb"},"inLanguage":"pt-PT","potentialAction":[{"@type":"ReadAction","target":["https:\/\/kemmen.com\/pt-pt\/brugarolas\/"]}]},{"@type":"BreadcrumbList","@id":"https:\/\/kemmen.com\/pt-pt\/brugarolas\/#breadcrumb","itemListElement":[{"@type":"ListItem","position":1,"name":"Portada","item":"https:\/\/kemmen.com\/pt-pt\/"},{"@type":"ListItem","position":2,"name":"Brugarolas"}]},{"@type":"WebSite","@id":"https:\/\/kemmen.com\/pt-pt\/#website","url":"https:\/\/kemmen.com\/pt-pt\/","name":"Kemmen","description":"","potentialAction":[{"@type":"SearchAction","target":{"@type":"EntryPoint","urlTemplate":"https:\/\/kemmen.com\/pt-pt\/?s={search_term_string}"},"query-input":{"@type":"PropertyValueSpecification","valueRequired":true,"valueName":"search_term_string"}}],"inLanguage":"pt-PT"}]}},"_links":{"self":[{"href":"https:\/\/kemmen.com\/pt-pt\/wp-json\/wp\/v2\/pages\/1683","targetHints":{"allow":["GET"]}}],"collection":[{"href":"https:\/\/kemmen.com\/pt-pt\/wp-json\/wp\/v2\/pages"}],"about":[{"href":"https:\/\/kemmen.com\/pt-pt\/wp-json\/wp\/v2\/types\/page"}],"author":[{"embeddable":true,"href":"https:\/\/kemmen.com\/pt-pt\/wp-json\/wp\/v2\/users\/2"}],"replies":[{"embeddable":true,"href":"https:\/\/kemmen.com\/pt-pt\/wp-json\/wp\/v2\/comments?post=1683"}],"version-history":[{"count":4,"href":"https:\/\/kemmen.com\/pt-pt\/wp-json\/wp\/v2\/pages\/1683\/revisions"}],"predecessor-version":[{"id":6960,"href":"https:\/\/kemmen.com\/pt-pt\/wp-json\/wp\/v2\/pages\/1683\/revisions\/6960"}],"wp:attachment":[{"href":"https:\/\/kemmen.com\/pt-pt\/wp-json\/wp\/v2\/media?parent=1683"}],"curies":[{"name":"wp","href":"https:\/\/api.w.org\/{rel}","templated":true}]}}