{"id":1725,"date":"2025-07-17T13:09:10","date_gmt":"2025-07-17T11:09:10","guid":{"rendered":"https:\/\/kemmen.com\/empresa-2\/"},"modified":"2025-12-16T17:27:09","modified_gmt":"2025-12-16T16:27:09","slug":"empresa","status":"publish","type":"page","link":"https:\/\/kemmen.com\/pt-pt\/empresa\/","title":{"rendered":"Empresa"},"content":{"rendered":"<p>[et_pb_section fb_built=&#8221;1&#8243; custom_padding_last_edited=&#8221;on|phone&#8221; _builder_version=&#8221;4.27.4&#8243; _module_preset=&#8221;default&#8221; background_color=&#8221;rgba(0,31,58,0.74)&#8221; background_image=&#8221;https:\/\/kemmen.com\/wp-content\/uploads\/2025\/08\/Fondo_Empresa_Kemmen_2.jpg&#8221; background_blend=&#8221;multiply&#8221; custom_padding=&#8221;160px||90px||false|false&#8221; custom_padding_tablet=&#8221;160px||90px||false|false&#8221; custom_padding_phone=&#8221;150px||20px||false|false&#8221; locked=&#8221;off&#8221; global_colors_info=&#8221;{}&#8221;][et_pb_row column_structure=&#8221;3_5,2_5&#8243; _builder_version=&#8221;4.27.4&#8243; _module_preset=&#8221;default&#8221; max_width=&#8221;1600px&#8221; animation_style=&#8221;fade&#8221; global_colors_info=&#8221;{}&#8221;][et_pb_column type=&#8221;3_5&#8243; _builder_version=&#8221;4.27.4&#8243; _module_preset=&#8221;default&#8221; global_colors_info=&#8221;{}&#8221;][et_pb_text _builder_version=&#8221;4.27.4&#8243; _module_preset=&#8221;default&#8221; text_font=&#8221;Open Sans|700||on|||||&#8221; text_text_color=&#8221;#FFFFFF&#8221; text_font_size=&#8221;50px&#8221; custom_margin=&#8221;||59px|||&#8221; text_font_size_tablet=&#8221;50px&#8221; text_font_size_phone=&#8221;40px&#8221; text_font_size_last_edited=&#8221;on|phone&#8221; header_font_size_tablet=&#8221;&#8221; header_font_size_phone=&#8221;30px&#8221; header_font_size_last_edited=&#8221;on|phone&#8221; global_colors_info=&#8221;{}&#8221;]<\/p>\n<p>A empresa<\/p>\n<p>[\/et_pb_text][et_pb_button button_url=&#8221;#formulario-contactar&#8221; button_text=&#8221;Contactar&#8221; _builder_version=&#8221;4.27.4&#8243; _module_preset=&#8221;default&#8221; custom_button=&#8221;on&#8221; button_text_color=&#8221;#FFFFFF&#8221; button_bg_color=&#8221;gcid-c94150fc-98ff-4d53-88a6-80ae99fedee0&#8243; button_border_width=&#8221;0px&#8221; button_border_radius=&#8221;50px&#8221; button_font=&#8221;Lexend|||on|||||&#8221; custom_padding=&#8221;12px|30px|12px|30px|true|true&#8221; global_colors_info=&#8221;{%22gcid-c94150fc-98ff-4d53-88a6-80ae99fedee0%22:%91%22button_bg_color%22%93}&#8221;][\/et_pb_button][\/et_pb_column][et_pb_column type=&#8221;2_5&#8243; _builder_version=&#8221;4.27.4&#8243; _module_preset=&#8221;default&#8221; global_colors_info=&#8221;{}&#8221;][\/et_pb_column][\/et_pb_row][\/et_pb_section][et_pb_section fb_built=&#8221;1&#8243; _builder_version=&#8221;4.27.4&#8243; _module_preset=&#8221;default&#8221; custom_padding=&#8221;104px||104px||true|&#8221; global_colors_info=&#8221;{}&#8221;][et_pb_row column_structure=&#8221;2_5,3_5&#8243; _builder_version=&#8221;4.27.4&#8243; _module_preset=&#8221;default&#8221; max_width=&#8221;1600px&#8221; global_colors_info=&#8221;{}&#8221;][et_pb_column type=&#8221;2_5&#8243; _builder_version=&#8221;4.27.4&#8243; _module_preset=&#8221;default&#8221; global_colors_info=&#8221;{}&#8221;][et_pb_image src=&#8221;https:\/\/kemmen.com\/wp-content\/uploads\/2025\/07\/Almacen_Kemmen.jpg&#8221; title_text=&#8221;Almacen_Kemmen&#8221; _builder_version=&#8221;4.27.4&#8243; _module_preset=&#8221;default&#8221; animation_style=&#8221;slide&#8221; animation_direction=&#8221;left&#8221; border_radii=&#8221;on|25px|25px|25px|25px&#8221; box_shadow_style=&#8221;preset3&#8243; global_colors_info=&#8221;{}&#8221;][\/et_pb_image][\/et_pb_column][et_pb_column type=&#8221;3_5&#8243; _builder_version=&#8221;4.27.4&#8243; _module_preset=&#8221;default&#8221; global_colors_info=&#8221;{}&#8221;][et_pb_text _builder_version=&#8221;4.27.4&#8243; _module_preset=&#8221;default&#8221; text_font=&#8221;Lexend||||||||&#8221; text_text_color=&#8221;gcid-c94150fc-98ff-4d53-88a6-80ae99fedee0&#8243; text_font_size=&#8221;20px&#8221; custom_margin=&#8221;5px||5px|||&#8221; animation_style=&#8221;fade&#8221; locked=&#8221;off&#8221; global_colors_info=&#8221;{%22gcid-c94150fc-98ff-4d53-88a6-80ae99fedee0%22:%91%22text_text_color%22%93}&#8221;]<\/p>\n<p>TPE Kemmen<\/p>\n<p>[\/et_pb_text][et_pb_text _builder_version=&#8221;4.27.4&#8243; _module_preset=&#8221;default&#8221; header_font=&#8221;Open Sans|700||on|||||&#8221; header_text_color=&#8221;gcid-c94150fc-98ff-4d53-88a6-80ae99fedee0&#8243; header_font_size=&#8221;41px&#8221; header_line_height=&#8221;1.5em&#8221; header_2_font=&#8221;Open Sans|700||on|||||&#8221; header_2_text_color=&#8221;gcid-c94150fc-98ff-4d53-88a6-80ae99fedee0&#8243; header_2_font_size=&#8221;41px&#8221; header_2_line_height=&#8221;1.5em&#8221; custom_margin=&#8221;||13px|||&#8221; animation_style=&#8221;fade&#8221; header_font_size_tablet=&#8221;41px&#8221; header_font_size_phone=&#8221;30px&#8221; header_font_size_last_edited=&#8221;on|phone&#8221; header_2_font_size_tablet=&#8221;41px&#8221; header_2_font_size_phone=&#8221;33px&#8221; header_2_font_size_last_edited=&#8221;on|phone&#8221; locked=&#8221;off&#8221; global_colors_info=&#8221;{%22gcid-c94150fc-98ff-4d53-88a6-80ae99fedee0%22:%91%22header_2_text_color%22,%22header_text_color%22%93}&#8221;]<\/p>\n<h1>Especialistas em transmiss\u00e3o de pot\u00eancia e estanqueidade<\/h1>\n<p>[\/et_pb_text][et_pb_text _builder_version=&#8221;4.27.4&#8243; _module_preset=&#8221;default&#8221; text_font=&#8221;Open Sans||||||||&#8221; text_text_color=&#8221;#353535&#8243; text_font_size=&#8221;16px&#8221; text_line_height=&#8221;1.6em&#8221; animation_style=&#8221;fade&#8221; locked=&#8221;off&#8221; global_colors_info=&#8221;{}&#8221;]<\/p>\n<p>Na TPE Kemmen, h\u00e1 mais de 30 anos que nos especializamos em transmiss\u00e3o de pot\u00eancia e estanqueidade. A partir das nossas instala\u00e7\u00f5es em Zamudio, crescemos at\u00e9 nos tornarmos o parceiro de confian\u00e7a de empresas de todos os setores industriais. <\/p>\n<p>Ao longo destas d\u00e9cadas, desenvolvemos uma s\u00f3lida rede de colabora\u00e7\u00f5es com os melhores fabricantes mundiais, o que nos permite oferecer as marcas mais prestigiadas do mercado. O nosso departamento comercial e de engenharia fornece aconselhamento t\u00e9cnico especializado e solu\u00e7\u00f5es integrais adaptadas \u00e0s necessidades espec\u00edficas de cada cliente, apoiadas por garantia e assist\u00eancia t\u00e9cnica completa. <\/p>\n<p>[\/et_pb_text][et_pb_blurb url_new_window=&#8221;on&#8221; use_icon=&#8221;on&#8221; font_icon=&#8221;&#xe092;||divi||400&#8243; icon_color=&#8221;gcid-68313e46-7288-442c-8626-eff0e763ccc9&#8243; icon_placement=&#8221;left&#8221; content_max_width_tablet=&#8221;&#8221; content_max_width_phone=&#8221;&#8221; content_max_width_last_edited=&#8221;on|phone&#8221; _builder_version=&#8221;4.27.4&#8243; _module_preset=&#8221;default&#8221; body_font=&#8221;Open Sans||||||||&#8221; body_text_color=&#8221;gcid-c94150fc-98ff-4d53-88a6-80ae99fedee0&#8243; body_font_size=&#8221;16px&#8221; body_line_height=&#8221;1.9em&#8221; background_color=&#8221;gcid-854d8ff2-bec1-4d69-b356-b3a35a900467&#8243; custom_margin=&#8221;|355px|13px|||&#8221; custom_margin_tablet=&#8221;|355px|13px|||&#8221; custom_margin_phone=&#8221;|25px|||false|false&#8221; custom_margin_last_edited=&#8221;on|phone&#8221; custom_padding=&#8221;15px|15px|15px|15px|true|true&#8221; animation_style=&#8221;slide&#8221; animation_direction=&#8221;bottom&#8221; link_option_url=&#8221;https:\/\/kemmen.com\/wp-content\/uploads\/2025\/08\/catalogo-TPE-KEMMEN-2022-3.pdf&#8221; border_radii=&#8221;on|15px|15px|15px|15px&#8221; locked=&#8221;off&#8221; global_colors_info=&#8221;{%22gcid-c94150fc-98ff-4d53-88a6-80ae99fedee0%22:%91%22body_text_color%22%93,%22gcid-854d8ff2-bec1-4d69-b356-b3a35a900467%22:%91%22background_color%22%93,%22gcid-68313e46-7288-442c-8626-eff0e763ccc9%22:%91%22icon_color%22%93}&#8221;]<\/p>\n<p>Cat\u00e1logo <strong>TPE KEMMEN<\/strong><\/p>\n<p>[\/et_pb_blurb][\/et_pb_column][\/et_pb_row][\/et_pb_section][et_pb_section fb_built=&#8221;1&#8243; _builder_version=&#8221;4.27.4&#8243; _module_preset=&#8221;default&#8221; background_color=&#8221;#353535&#8243; background_image=&#8221;https:\/\/kemmen.com\/wp-content\/uploads\/2025\/07\/Fondo_Mapa_Empresa_Kemmen-1.jpg&#8221; parallax=&#8221;on&#8221; parallax_method=&#8221;off&#8221; custom_padding=&#8221;95px||95px||true|&#8221; background_last_edited=&#8221;on|phone&#8221; parallax_phone=&#8221;on&#8221; background_position_phone=&#8221;center_right&#8221; background_horizontal_offset_phone=&#8221;34%&#8221; locked=&#8221;off&#8221; global_colors_info=&#8221;{}&#8221;][et_pb_row column_structure=&#8221;2_3,1_3&#8243; _builder_version=&#8221;4.27.4&#8243; _module_preset=&#8221;default&#8221; max_width=&#8221;1600px&#8221; animation_style=&#8221;fade&#8221; global_colors_info=&#8221;{}&#8221;][et_pb_column type=&#8221;2_3&#8243; _builder_version=&#8221;4.27.4&#8243; _module_preset=&#8221;default&#8221; global_colors_info=&#8221;{}&#8221;][et_pb_text _builder_version=&#8221;4.27.4&#8243; _module_preset=&#8221;default&#8221; text_font=&#8221;Lexend||||||||&#8221; text_text_color=&#8221;#FFFFFF&#8221; text_font_size=&#8221;20px&#8221; header_2_font=&#8221;Lexend||||||||&#8221; header_2_text_color=&#8221;gcid-854d8ff2-bec1-4d69-b356-b3a35a900467&#8243; header_2_font_size=&#8221;20px&#8221; custom_margin=&#8221;||5px|||&#8221; locked=&#8221;off&#8221; global_colors_info=&#8221;{%22gcid-854d8ff2-bec1-4d69-b356-b3a35a900467%22:%91%22header_2_text_color%22%93}&#8221;]<\/p>\n<p>Donghua MRO Partner<\/p>\n<p>[\/et_pb_text][et_pb_text _builder_version=&#8221;4.27.4&#8243; _module_preset=&#8221;default&#8221; header_2_font=&#8221;Open Sans|700||on|||||&#8221; header_2_text_color=&#8221;#FFFFFF&#8221; header_2_font_size=&#8221;41px&#8221; header_2_line_height=&#8221;1.5em&#8221; header_3_font=&#8221;Open Sans|700||on|||||&#8221; header_3_text_color=&#8221;#FFFFFF&#8221; header_3_font_size=&#8221;48px&#8221; header_3_line_height=&#8221;1.5em&#8221; custom_margin=&#8221;||13px|||&#8221; header_2_font_size_tablet=&#8221;41px&#8221; header_2_font_size_phone=&#8221;30px&#8221; header_2_font_size_last_edited=&#8221;on|phone&#8221; locked=&#8221;off&#8221; global_colors_info=&#8221;{}&#8221;]<\/p>\n<h2>Distribuidor Oficial Donghua para Espa\u00f1a e Portugal<\/h2>\n<p>[\/et_pb_text][et_pb_text _builder_version=&#8221;4.27.4&#8243; _module_preset=&#8221;default&#8221; text_font=&#8221;Open Sans||||||||&#8221; text_text_color=&#8221;#FFFFFF&#8221; text_font_size=&#8221;16px&#8221; text_line_height=&#8221;1.6em&#8221; locked=&#8221;off&#8221; global_colors_info=&#8221;{}&#8221;]<\/p>\n<p>A TPE Kemmen \u00e9 PARCEIRA OFICIAL MRO da prestigiada marca de correntes DONGHUA, o maior fabricante mundial de correntes industriais. Como distribuidor autorizado para Espanha e Portugal, oferecemos acesso direto \u00e0 tecnologia mais avan\u00e7ada da Donghua. A partir do nosso armaz\u00e9m, garantimos a disponibilidade imediata de mais de 10.000 refer\u00eancias. A nossa equipa t\u00e9cnica especializada fornece aconselhamento profissional, os melhores pre\u00e7os do mercado e garantia direta do fabricante para qualquer tipo de corrente de transmiss\u00e3o, eleva\u00e7\u00e3o e transporte.   <\/p>\n<p>[\/et_pb_text][et_pb_button button_url=&#8221;https:\/\/www.kemmen.com\/donghua-mro-partner\/&#8221; button_text=&#8221;Descubra mais&#8221; _builder_version=&#8221;4.27.4&#8243; _module_preset=&#8221;default&#8221; custom_button=&#8221;on&#8221; button_text_size=&#8221;18px&#8221; button_text_color=&#8221;#FFFFFF&#8221; button_bg_color=&#8221;gcid-c94150fc-98ff-4d53-88a6-80ae99fedee0&#8243; button_border_width=&#8221;0px&#8221; button_border_radius=&#8221;50px&#8221; button_font=&#8221;Lexend|||on|||||&#8221; custom_padding=&#8221;12px|30px|12px|30px|true|true&#8221; hover_enabled=&#8221;0&#8243; locked=&#8221;off&#8221; global_colors_info=&#8221;{%22gcid-c94150fc-98ff-4d53-88a6-80ae99fedee0%22:%91%22button_bg_color%22%93}&#8221; sticky_enabled=&#8221;0&#8243;][\/et_pb_button][\/et_pb_column][et_pb_column type=&#8221;1_3&#8243; _builder_version=&#8221;4.27.4&#8243; _module_preset=&#8221;default&#8221; global_colors_info=&#8221;{}&#8221;][\/et_pb_column][\/et_pb_row][\/et_pb_section][et_pb_section fb_built=&#8221;1&#8243; _builder_version=&#8221;4.27.4&#8243; _module_preset=&#8221;default&#8221; background_color=&#8221;#FFFFFF&#8221; background_image=&#8221;https:\/\/kemmen.com\/wp-content\/uploads\/2025\/07\/Fondo_Kemmen_1.jpg&#8221; parallax=&#8221;on&#8221; custom_padding=&#8221;104px||104px||true|&#8221; locked=&#8221;off&#8221; global_colors_info=&#8221;{}&#8221;][et_pb_row column_structure=&#8221;1_2,1_2&#8243; _builder_version=&#8221;4.27.4&#8243; _module_preset=&#8221;default&#8221; max_width=&#8221;1600px&#8221; animation_style=&#8221;fade&#8221; global_colors_info=&#8221;{}&#8221;][et_pb_column type=&#8221;1_2&#8243; _builder_version=&#8221;4.27.4&#8243; _module_preset=&#8221;default&#8221; global_colors_info=&#8221;{}&#8221;][et_pb_text _builder_version=&#8221;4.27.4&#8243; _module_preset=&#8221;default&#8221; text_font=&#8221;Open Sans|700||on|||||&#8221; text_text_color=&#8221;gcid-c94150fc-98ff-4d53-88a6-80ae99fedee0&#8243; text_font_size=&#8221;50px&#8221; text_line_height=&#8221;1.5em&#8221; custom_margin=&#8221;-1px|||||&#8221; locked=&#8221;off&#8221; global_colors_info=&#8221;{%22gcid-c94150fc-98ff-4d53-88a6-80ae99fedee0%22:%91%22text_text_color%22%93}&#8221;]<\/p>\n<p>As nossas marcas<\/p>\n<p>[\/et_pb_text][\/et_pb_column][et_pb_column type=&#8221;1_2&#8243; _builder_version=&#8221;4.27.4&#8243; _module_preset=&#8221;default&#8221; global_colors_info=&#8221;{}&#8221;][et_pb_text _builder_version=&#8221;4.27.4&#8243; _module_preset=&#8221;default&#8221; text_font=&#8221;Open Sans||||||||&#8221; text_text_color=&#8221;#353535&#8243; text_font_size=&#8221;16px&#8221; text_line_height=&#8221;1.6em&#8221; custom_margin=&#8221;10px|||||&#8221; locked=&#8221;off&#8221; global_colors_info=&#8221;{}&#8221;]<\/p>\n<p>Representamos as marcas mais reconhecidas do setor industrial para oferecer solu\u00e7\u00f5es completas em correntes, transmiss\u00e3o de pot\u00eancia e estanqueidade.<\/p>\n<p>[\/et_pb_text][\/et_pb_column][\/et_pb_row][et_pb_row _builder_version=&#8221;4.27.4&#8243; _module_preset=&#8221;default&#8221; max_width=&#8221;1600px&#8221; animation_style=&#8221;fade&#8221; global_colors_info=&#8221;{}&#8221;][et_pb_column type=&#8221;4_4&#8243; _builder_version=&#8221;4.27.4&#8243; _module_preset=&#8221;default&#8221; global_colors_info=&#8221;{}&#8221;][ba_logo_carousel slide_count=&#8221;4&#8243; nav_height=&#8221;48px&#8221; nav_width=&#8221;48px&#8221; nav_color=&#8221;gcid-c94150fc-98ff-4d53-88a6-80ae99fedee0&#8243; nav_bg=&#8221;RGBA(255,255,255,0)&#8221; nav_pos_x=&#8221;-55px&#8221; icon_left=&#8221;&#xf104;||fa||900&#8243; icon_right=&#8221;&#xf105;||fa||900&#8243; slide_count_tablet=&#8221;4&#8243; slide_count_phone=&#8221;1&#8243; slide_count_last_edited=&#8221;on|phone&#8221; _builder_version=&#8221;4.27.4&#8243; _module_preset=&#8221;default&#8221; global_colors_info=&#8221;{%22gcid-c94150fc-98ff-4d53-88a6-80ae99fedee0%22:%91%22nav_color%22%93}&#8221;][ba_logo_carousel_child logo=&#8221;https:\/\/kemmen.com\/wp-content\/uploads\/2025\/07\/Logo_Donghua2.jpg&#8221; brand_name=&#8221;Donghua&#8221; is_link=&#8221;on&#8221; link_url=&#8221;@ET-DC@eyJkeW5hbWljIjp0cnVlLCJjb250ZW50IjoicG9zdF9saW5rX3VybF9wYWdlIiwic2V0dGluZ3MiOnsicG9zdF9pZCI6IjU4IiwiZW5hYmxlX2h0bWwiOiJvZmYifX0=@&#8221; _builder_version=&#8221;4.27.4&#8243; _dynamic_attributes=&#8221;link_url&#8221; background_color=&#8221;#FFFFFF&#8221; background_enable_color=&#8221;on&#8221; border_radii_item=&#8221;on|25px|25px|25px|25px&#8221; box_shadow_style=&#8221;preset3&#8243; global_colors_info=&#8221;{}&#8221;][\/ba_logo_carousel_child][ba_logo_carousel_child logo=&#8221;https:\/\/kemmen.com\/wp-content\/uploads\/2025\/07\/Logo_BWTopas.jpg&#8221; brand_name=&#8221;BW Topas&#8221; is_link=&#8221;on&#8221; link_url=&#8221;@ET-DC@eyJkeW5hbWljIjp0cnVlLCJjb250ZW50IjoicG9zdF9saW5rX3VybF9wYWdlIiwic2V0dGluZ3MiOnsicG9zdF9pZCI6IjY1IiwiZW5hYmxlX2h0bWwiOiJvZmYifX0=@&#8221; _builder_version=&#8221;4.27.4&#8243; _dynamic_attributes=&#8221;link_url&#8221; background_color=&#8221;#FFFFFF&#8221; background_enable_color=&#8221;on&#8221; border_radii_item=&#8221;on|25px|25px|25px|25px&#8221; box_shadow_style=&#8221;preset3&#8243; global_colors_info=&#8221;{}&#8221;][\/ba_logo_carousel_child][ba_logo_carousel_child logo=&#8221;https:\/\/kemmen.com\/wp-content\/uploads\/2025\/07\/Logo_EPR.jpg&#8221; brand_name=&#8221;EPR&#8221; is_link=&#8221;on&#8221; link_url=&#8221;@ET-DC@eyJkeW5hbWljIjp0cnVlLCJjb250ZW50IjoicG9zdF9saW5rX3VybF9wYWdlIiwic2V0dGluZ3MiOnsicG9zdF9pZCI6IjY5IiwiZW5hYmxlX2h0bWwiOiJvZmYifX0=@&#8221; _builder_version=&#8221;4.27.4&#8243; _dynamic_attributes=&#8221;link_url&#8221; background_color=&#8221;#FFFFFF&#8221; background_enable_color=&#8221;on&#8221; border_radii_item=&#8221;on|25px|25px|25px|25px&#8221; box_shadow_style=&#8221;preset3&#8243; global_colors_info=&#8221;{}&#8221;][\/ba_logo_carousel_child][ba_logo_carousel_child logo=&#8221;https:\/\/kemmen.com\/wp-content\/uploads\/2025\/07\/Logo_GWB-GKN.jpg&#8221; brand_name=&#8221;GWB-GKN&#8221; is_link=&#8221;on&#8221; link_url=&#8221;@ET-DC@eyJkeW5hbWljIjp0cnVlLCJjb250ZW50IjoicG9zdF9saW5rX3VybF9wYWdlIiwic2V0dGluZ3MiOnsicG9zdF9pZCI6IjczIiwiZW5hYmxlX2h0bWwiOiJvZmYifX0=@&#8221; _builder_version=&#8221;4.27.4&#8243; _dynamic_attributes=&#8221;link_url&#8221; background_color=&#8221;#FFFFFF&#8221; background_enable_color=&#8221;on&#8221; border_radii_item=&#8221;on|25px|25px|25px|25px&#8221; box_shadow_style=&#8221;preset3&#8243; global_colors_info=&#8221;{}&#8221;][\/ba_logo_carousel_child][ba_logo_carousel_child logo=&#8221;https:\/\/kemmen.com\/wp-content\/uploads\/2025\/07\/Logo_Brugarolas.jpg&#8221; brand_name=&#8221;Brugarolas&#8221; is_link=&#8221;on&#8221; link_url=&#8221;@ET-DC@eyJkeW5hbWljIjp0cnVlLCJjb250ZW50IjoicG9zdF9saW5rX3VybF9wYWdlIiwic2V0dGluZ3MiOnsicG9zdF9pZCI6IjgwIiwiZW5hYmxlX2h0bWwiOiJvZmYifX0=@&#8221; _builder_version=&#8221;4.27.4&#8243; _dynamic_attributes=&#8221;link_url&#8221; background_color=&#8221;#FFFFFF&#8221; background_enable_color=&#8221;on&#8221; border_radii_item=&#8221;on|25px|25px|25px|25px&#8221; box_shadow_style=&#8221;preset3&#8243; global_colors_info=&#8221;{}&#8221;][\/ba_logo_carousel_child][ba_logo_carousel_child logo=&#8221;https:\/\/kemmen.com\/wp-content\/uploads\/2025\/07\/Logo_FAG-INA.jpg&#8221; brand_name=&#8221;FAG-INA&#8221; is_link=&#8221;on&#8221; link_url=&#8221;@ET-DC@eyJkeW5hbWljIjp0cnVlLCJjb250ZW50IjoicG9zdF9saW5rX3VybF9wYWdlIiwic2V0dGluZ3MiOnsicG9zdF9pZCI6Ijg0IiwiZW5hYmxlX2h0bWwiOiJvZmYifX0=@&#8221; _builder_version=&#8221;4.27.4&#8243; _dynamic_attributes=&#8221;link_url&#8221; background_color=&#8221;#FFFFFF&#8221; background_enable_color=&#8221;on&#8221; border_radii_item=&#8221;on|25px|25px|25px|25px&#8221; box_shadow_style=&#8221;preset3&#8243; global_colors_info=&#8221;{}&#8221;][\/ba_logo_carousel_child][ba_logo_carousel_child logo=&#8221;https:\/\/kemmen.com\/wp-content\/uploads\/2025\/08\/Logo_OPTIBELT.jpg&#8221; brand_name=&#8221;OPTIBELT&#8221; is_link=&#8221;on&#8221; link_url=&#8221;@ET-DC@eyJkeW5hbWljIjp0cnVlLCJjb250ZW50IjoicG9zdF9saW5rX3VybF9wYWdlIiwic2V0dGluZ3MiOnsicG9zdF9pZCI6IjEzMDkiLCJlbmFibGVfaHRtbCI6Im9mZiJ9fQ==@&#8221; _builder_version=&#8221;4.27.4&#8243; _dynamic_attributes=&#8221;link_url&#8221; background_color=&#8221;#FFFFFF&#8221; background_enable_color=&#8221;on&#8221; border_radii_item=&#8221;on|25px|25px|25px|25px&#8221; box_shadow_style=&#8221;preset3&#8243; global_colors_info=&#8221;{}&#8221;][\/ba_logo_carousel_child][\/ba_logo_carousel][\/et_pb_column][\/et_pb_row][\/et_pb_section]<\/p>\n","protected":false},"excerpt":{"rendered":"<p>A empresaTPE KemmenEspecialistas em transmiss\u00e3o de pot\u00eancia e estanqueidadeNa TPE Kemmen, h\u00e1 mais de 30 anos que nos especializamos em transmiss\u00e3o de pot\u00eancia e estanqueidade. A partir das nossas instala\u00e7\u00f5es em Zamudio, crescemos at\u00e9 nos tornarmos o parceiro de confian\u00e7a de empresas de todos os setores industriais. Ao longo destas d\u00e9cadas, desenvolvemos uma s\u00f3lida rede [&hellip;]<\/p>\n","protected":false},"author":2,"featured_media":0,"parent":0,"menu_order":0,"comment_status":"closed","ping_status":"closed","template":"","meta":{"_et_pb_use_builder":"on","_et_pb_old_content":"","_et_gb_content_width":"","footnotes":""},"class_list":["post-1725","page","type-page","status-publish","hentry"],"yoast_head":"<!-- This site is optimized with the Yoast SEO plugin v27.4 - https:\/\/yoast.com\/product\/yoast-seo-wordpress\/ -->\n<title>Especialistas em transmiss\u00e3o de pot\u00eancia e estanqueidade<\/title>\n<meta name=\"description\" content=\"Na Kemmen somos especialistas em transmiss\u00e3o de pot\u00eancia e estanqueidade. Distribuidores de correntes, correias met\u00e1licas, rolamentos, card\u00e3s\" \/>\n<meta name=\"robots\" content=\"index, follow, max-snippet:-1, max-image-preview:large, max-video-preview:-1\" \/>\n<link rel=\"canonical\" href=\"https:\/\/kemmen.com\/pt-pt\/empresa\/\" \/>\n<meta property=\"og:locale\" content=\"pt_PT\" \/>\n<meta property=\"og:type\" content=\"article\" \/>\n<meta property=\"og:title\" content=\"Especialistas em transmiss\u00e3o de pot\u00eancia e estanqueidade\" \/>\n<meta property=\"og:description\" content=\"Na Kemmen somos especialistas em transmiss\u00e3o de pot\u00eancia e estanqueidade. Distribuidores de correntes, correias met\u00e1licas, rolamentos, card\u00e3s\" \/>\n<meta property=\"og:url\" content=\"https:\/\/kemmen.com\/pt-pt\/empresa\/\" \/>\n<meta property=\"og:site_name\" content=\"Kemmen\" \/>\n<meta property=\"article:modified_time\" content=\"2025-12-16T16:27:09+00:00\" \/>\n<meta name=\"twitter:card\" content=\"summary_large_image\" \/>\n<meta name=\"twitter:label1\" content=\"Tempo estimado de leitura\" \/>\n\t<meta name=\"twitter:data1\" content=\"3 minutos\" \/>\n<script type=\"application\/ld+json\" class=\"yoast-schema-graph\">{\"@context\":\"https:\\\/\\\/schema.org\",\"@graph\":[{\"@type\":\"WebPage\",\"@id\":\"https:\\\/\\\/kemmen.com\\\/pt-pt\\\/empresa\\\/\",\"url\":\"https:\\\/\\\/kemmen.com\\\/pt-pt\\\/empresa\\\/\",\"name\":\"Especialistas em transmiss\u00e3o de pot\u00eancia e estanqueidade\",\"isPartOf\":{\"@id\":\"https:\\\/\\\/kemmen.com\\\/pt-pt\\\/#website\"},\"datePublished\":\"2025-07-17T11:09:10+00:00\",\"dateModified\":\"2025-12-16T16:27:09+00:00\",\"description\":\"Na Kemmen somos especialistas em transmiss\u00e3o de pot\u00eancia e estanqueidade. Distribuidores de correntes, correias met\u00e1licas, rolamentos, card\u00e3s\",\"breadcrumb\":{\"@id\":\"https:\\\/\\\/kemmen.com\\\/pt-pt\\\/empresa\\\/#breadcrumb\"},\"inLanguage\":\"pt-PT\",\"potentialAction\":[{\"@type\":\"ReadAction\",\"target\":[\"https:\\\/\\\/kemmen.com\\\/pt-pt\\\/empresa\\\/\"]}]},{\"@type\":\"BreadcrumbList\",\"@id\":\"https:\\\/\\\/kemmen.com\\\/pt-pt\\\/empresa\\\/#breadcrumb\",\"itemListElement\":[{\"@type\":\"ListItem\",\"position\":1,\"name\":\"Portada\",\"item\":\"https:\\\/\\\/kemmen.com\\\/pt-pt\\\/\"},{\"@type\":\"ListItem\",\"position\":2,\"name\":\"Empresa\"}]},{\"@type\":\"WebSite\",\"@id\":\"https:\\\/\\\/kemmen.com\\\/pt-pt\\\/#website\",\"url\":\"https:\\\/\\\/kemmen.com\\\/pt-pt\\\/\",\"name\":\"Kemmen\",\"description\":\"\",\"potentialAction\":[{\"@type\":\"SearchAction\",\"target\":{\"@type\":\"EntryPoint\",\"urlTemplate\":\"https:\\\/\\\/kemmen.com\\\/pt-pt\\\/?s={search_term_string}\"},\"query-input\":{\"@type\":\"PropertyValueSpecification\",\"valueRequired\":true,\"valueName\":\"search_term_string\"}}],\"inLanguage\":\"pt-PT\"}]}<\/script>\n<!-- \/ Yoast SEO plugin. -->","yoast_head_json":{"title":"Especialistas em transmiss\u00e3o de pot\u00eancia e estanqueidade","description":"Na Kemmen somos especialistas em transmiss\u00e3o de pot\u00eancia e estanqueidade. Distribuidores de correntes, correias met\u00e1licas, rolamentos, card\u00e3s","robots":{"index":"index","follow":"follow","max-snippet":"max-snippet:-1","max-image-preview":"max-image-preview:large","max-video-preview":"max-video-preview:-1"},"canonical":"https:\/\/kemmen.com\/pt-pt\/empresa\/","og_locale":"pt_PT","og_type":"article","og_title":"Especialistas em transmiss\u00e3o de pot\u00eancia e estanqueidade","og_description":"Na Kemmen somos especialistas em transmiss\u00e3o de pot\u00eancia e estanqueidade. Distribuidores de correntes, correias met\u00e1licas, rolamentos, card\u00e3s","og_url":"https:\/\/kemmen.com\/pt-pt\/empresa\/","og_site_name":"Kemmen","article_modified_time":"2025-12-16T16:27:09+00:00","twitter_card":"summary_large_image","twitter_misc":{"Tempo estimado de leitura":"3 minutos"},"schema":{"@context":"https:\/\/schema.org","@graph":[{"@type":"WebPage","@id":"https:\/\/kemmen.com\/pt-pt\/empresa\/","url":"https:\/\/kemmen.com\/pt-pt\/empresa\/","name":"Especialistas em transmiss\u00e3o de pot\u00eancia e estanqueidade","isPartOf":{"@id":"https:\/\/kemmen.com\/pt-pt\/#website"},"datePublished":"2025-07-17T11:09:10+00:00","dateModified":"2025-12-16T16:27:09+00:00","description":"Na Kemmen somos especialistas em transmiss\u00e3o de pot\u00eancia e estanqueidade. Distribuidores de correntes, correias met\u00e1licas, rolamentos, card\u00e3s","breadcrumb":{"@id":"https:\/\/kemmen.com\/pt-pt\/empresa\/#breadcrumb"},"inLanguage":"pt-PT","potentialAction":[{"@type":"ReadAction","target":["https:\/\/kemmen.com\/pt-pt\/empresa\/"]}]},{"@type":"BreadcrumbList","@id":"https:\/\/kemmen.com\/pt-pt\/empresa\/#breadcrumb","itemListElement":[{"@type":"ListItem","position":1,"name":"Portada","item":"https:\/\/kemmen.com\/pt-pt\/"},{"@type":"ListItem","position":2,"name":"Empresa"}]},{"@type":"WebSite","@id":"https:\/\/kemmen.com\/pt-pt\/#website","url":"https:\/\/kemmen.com\/pt-pt\/","name":"Kemmen","description":"","potentialAction":[{"@type":"SearchAction","target":{"@type":"EntryPoint","urlTemplate":"https:\/\/kemmen.com\/pt-pt\/?s={search_term_string}"},"query-input":{"@type":"PropertyValueSpecification","valueRequired":true,"valueName":"search_term_string"}}],"inLanguage":"pt-PT"}]}},"_links":{"self":[{"href":"https:\/\/kemmen.com\/pt-pt\/wp-json\/wp\/v2\/pages\/1725","targetHints":{"allow":["GET"]}}],"collection":[{"href":"https:\/\/kemmen.com\/pt-pt\/wp-json\/wp\/v2\/pages"}],"about":[{"href":"https:\/\/kemmen.com\/pt-pt\/wp-json\/wp\/v2\/types\/page"}],"author":[{"embeddable":true,"href":"https:\/\/kemmen.com\/pt-pt\/wp-json\/wp\/v2\/users\/2"}],"replies":[{"embeddable":true,"href":"https:\/\/kemmen.com\/pt-pt\/wp-json\/wp\/v2\/comments?post=1725"}],"version-history":[{"count":6,"href":"https:\/\/kemmen.com\/pt-pt\/wp-json\/wp\/v2\/pages\/1725\/revisions"}],"predecessor-version":[{"id":2051,"href":"https:\/\/kemmen.com\/pt-pt\/wp-json\/wp\/v2\/pages\/1725\/revisions\/2051"}],"wp:attachment":[{"href":"https:\/\/kemmen.com\/pt-pt\/wp-json\/wp\/v2\/media?parent=1725"}],"curies":[{"name":"wp","href":"https:\/\/api.w.org\/{rel}","templated":true}]}}