{"id":1737,"date":"2025-07-17T13:09:21","date_gmt":"2025-07-17T11:09:21","guid":{"rendered":"https:\/\/kemmen.com\/fag-ina-2\/"},"modified":"2025-12-16T17:26:56","modified_gmt":"2025-12-16T16:26:56","slug":"ina-fag","status":"publish","type":"page","link":"https:\/\/kemmen.com\/pt-pt\/ina-fag\/","title":{"rendered":"FAG INA"},"content":{"rendered":"<p>[et_pb_section fb_built=&#8221;1&#8243; _builder_version=&#8221;4.27.4&#8243; _module_preset=&#8221;default&#8221; background_color=&#8221;rgba(0,31,58,0.8)&#8221; background_image=&#8221;https:\/\/kemmen.com\/wp-content\/uploads\/2025\/08\/Fondo_FAG-INA_2.jpg&#8221; background_blend=&#8221;multiply&#8221; custom_padding=&#8221;160px||50px||false|false&#8221; locked=&#8221;off&#8221; global_colors_info=&#8221;{%22gcid-c94150fc-98ff-4d53-88a6-80ae99fedee0%22:%91%22background_color%22%93}&#8221;][et_pb_row column_structure=&#8221;3_5,2_5&#8243; _builder_version=&#8221;4.27.4&#8243; _module_preset=&#8221;default&#8221; max_width=&#8221;1600px&#8221; animation_style=&#8221;fade&#8221; global_colors_info=&#8221;{}&#8221;][et_pb_column type=&#8221;3_5&#8243; _builder_version=&#8221;4.27.4&#8243; _module_preset=&#8221;default&#8221; global_colors_info=&#8221;{}&#8221;][et_pb_text content_tablet=&#8221;<\/p>\n<h1>Distribuidores de<br \/>INA-FAG<\/h1>\n<p>&#8221; content_phone=&#8221;<\/p>\n<h1>Distribuidores de FAG-INA<\/h1>\n<p>&#8221; content_last_edited=&#8221;on|phone&#8221; _builder_version=&#8221;4.27.4&#8243; _module_preset=&#8221;default&#8221; text_font=&#8221;Open Sans|700||on|||||&#8221; text_text_color=&#8221;#FFFFFF&#8221; text_font_size=&#8221;50px&#8221; header_font=&#8221;Open Sans|700|||||||&#8221; header_text_color=&#8221;#FFFFFF&#8221; header_font_size=&#8221;55px&#8221; header_line_height=&#8221;1.3em&#8221; custom_margin=&#8221;37px||59px|||&#8221; hover_enabled=&#8221;0&#8243; header_font_size_tablet=&#8221;55px&#8221; header_font_size_phone=&#8221;30px&#8221; header_font_size_last_edited=&#8221;on|phone&#8221; global_colors_info=&#8221;{}&#8221; sticky_enabled=&#8221;0&#8243;]<\/p>\n<h1>ROLAMENTOS e SUPORTES INA-FAG<\/h1>\n<p>[\/et_pb_text][\/et_pb_column][et_pb_column type=&#8221;2_5&#8243; _builder_version=&#8221;4.27.4&#8243; _module_preset=&#8221;default&#8221; global_colors_info=&#8221;{}&#8221;][et_pb_image src=&#8221;https:\/\/kemmen.com\/wp-content\/uploads\/2025\/07\/Logo_FAG-INA_Blanco.png&#8221; title_text=&#8221;Logo_FAG-INA_Blanco&#8221; _builder_version=&#8221;4.27.4&#8243; _module_preset=&#8221;default&#8221; custom_margin=&#8221;-85px|||||&#8221; global_colors_info=&#8221;{}&#8221;][\/et_pb_image][\/et_pb_column][\/et_pb_row][\/et_pb_section][et_pb_section fb_built=&#8221;1&#8243; _builder_version=&#8221;4.27.4&#8243; _module_preset=&#8221;default&#8221; custom_padding=&#8221;102px||118px|||&#8221; locked=&#8221;off&#8221; global_colors_info=&#8221;{}&#8221;][et_pb_row column_structure=&#8221;1_2,1_2&#8243; _builder_version=&#8221;4.27.4&#8243; _module_preset=&#8221;default&#8221; max_width=&#8221;1600px&#8221; global_colors_info=&#8221;{}&#8221;][et_pb_column type=&#8221;1_2&#8243; _builder_version=&#8221;4.27.4&#8243; _module_preset=&#8221;default&#8221; global_colors_info=&#8221;{}&#8221;][et_pb_image src=&#8221;https:\/\/kemmen.com\/wp-content\/uploads\/2025\/07\/DistribuidoresFAG-INA_Kemmen.jpg&#8221; title_text=&#8221;DistribuidoresFAG-INA_Kemmen&#8221; _builder_version=&#8221;4.27.4&#8243; _module_preset=&#8221;default&#8221; custom_margin=&#8221;54px|||||&#8221; custom_margin_tablet=&#8221;54px|||||&#8221; custom_margin_phone=&#8221;0px||||false|false&#8221; custom_margin_last_edited=&#8221;on|phone&#8221; custom_padding=&#8221;42px|||||&#8221; animation_style=&#8221;fade&#8221; border_radii=&#8221;on|25px|25px|25px|25px&#8221; global_colors_info=&#8221;{}&#8221;][\/et_pb_image][\/et_pb_column][et_pb_column type=&#8221;1_2&#8243; _builder_version=&#8221;4.27.4&#8243; _module_preset=&#8221;default&#8221; global_colors_info=&#8221;{}&#8221;][et_pb_text _builder_version=&#8221;4.27.4&#8243; _module_preset=&#8221;default&#8221; text_font=&#8221;Lexend||||||||&#8221; text_text_color=&#8221;gcid-c94150fc-98ff-4d53-88a6-80ae99fedee0&#8243; text_font_size=&#8221;20px&#8221; custom_margin=&#8221;||5px|||&#8221; animation_style=&#8221;fade&#8221; hover_enabled=&#8221;0&#8243; locked=&#8221;off&#8221; global_colors_info=&#8221;{%22gcid-c94150fc-98ff-4d53-88a6-80ae99fedee0%22:%91%22text_text_color%22%93}&#8221; sticky_enabled=&#8221;0&#8243;]<\/p>\n<p>INA-FAG<\/p>\n<p>[\/et_pb_text][et_pb_text _builder_version=&#8221;4.27.4&#8243; _module_preset=&#8221;default&#8221; header_font=&#8221;Open Sans|700||on|||||&#8221; header_text_color=&#8221;gcid-c94150fc-98ff-4d53-88a6-80ae99fedee0&#8243; header_font_size=&#8221;41px&#8221; header_line_height=&#8221;1.5em&#8221; header_2_font=&#8221;Open Sans|700||on|||||&#8221; header_2_text_color=&#8221;gcid-c94150fc-98ff-4d53-88a6-80ae99fedee0&#8243; header_2_font_size=&#8221;41px&#8221; header_2_line_height=&#8221;1.5em&#8221; custom_margin=&#8221;||13px|||&#8221; animation_style=&#8221;fade&#8221; hover_enabled=&#8221;0&#8243; header_2_font_size_tablet=&#8221;41px&#8221; header_2_font_size_phone=&#8221;30px&#8221; header_2_font_size_last_edited=&#8221;on|phone&#8221; locked=&#8221;off&#8221; global_colors_info=&#8221;{%22gcid-c94150fc-98ff-4d53-88a6-80ae99fedee0%22:%91%22header_2_text_color%22,%22header_text_color%22%93}&#8221; sticky_enabled=&#8221;0&#8243;]<\/p>\n<h2>Rolamentos e suportes industriais<\/h2>\n<p>[\/et_pb_text][et_pb_text _builder_version=&#8221;4.27.4&#8243; _module_preset=&#8221;default&#8221; text_font=&#8221;Open Sans||||||||&#8221; text_text_color=&#8221;#353535&#8243; text_font_size=&#8221;16px&#8221; text_line_height=&#8221;1.6em&#8221; animation_style=&#8221;fade&#8221; hover_enabled=&#8221;0&#8243; locked=&#8221;off&#8221; global_colors_info=&#8221;{}&#8221; sticky_enabled=&#8221;0&#8243;]<\/p>\n<p data-start=\"61\" data-end=\"285\">Trabalhamos com produtos de um dos grupos industriais mais prestigiados a n\u00edvel mundial no campo da engenharia de movimento.<\/p>\n<p data-start=\"287\" data-end=\"647\">A FAG e a INA, marcas pertencentes ao Grupo Schaeffler, contam com d\u00e9cadas de experi\u00eancia no desenvolvimento e fabrica\u00e7\u00e3o de <a href=\"https:\/\/kemmen.com\/rodillos-industriales\/\">rolamentos e suportes <\/a>de precis\u00e3o para aplica\u00e7\u00f5es industriais e automotivas. A sua lideran\u00e7a tecnol\u00f3gica e presen\u00e7a global garantem produtos de m\u00e1xima confiabilidade e qualidade. <\/p>\n<p data-start=\"649\" data-end=\"904\" data-is-last-node=\"\" data-is-only-node=\"\">A nossa equipa t\u00e9cnica na TPE Kemmen garante a sele\u00e7\u00e3o ideal de componentes FAG-INA para cada aplica\u00e7\u00e3o, fornecendo solu\u00e7\u00f5es espec\u00edficas que garantem resist\u00eancia, durabilidade e efici\u00eancia, mesmo nas condi\u00e7\u00f5es de opera\u00e7\u00e3o mais exigentes.<\/p>\n<p>[\/et_pb_text][\/et_pb_column][\/et_pb_row][\/et_pb_section]<\/p>\n","protected":false},"excerpt":{"rendered":"<p>ROLAMENTOS e SUPORTES INA-FAGINA-FAGRolamentos e suportes industriaisTrabalhamos com produtos de um dos grupos industriais mais prestigiados a n\u00edvel mundial no campo da engenharia de movimento. A FAG e a INA, marcas pertencentes ao Grupo Schaeffler, contam com d\u00e9cadas de experi\u00eancia no desenvolvimento e fabrica\u00e7\u00e3o de rolamentos e suportes de precis\u00e3o para aplica\u00e7\u00f5es industriais e automotivas. [&hellip;]<\/p>\n","protected":false},"author":2,"featured_media":0,"parent":0,"menu_order":0,"comment_status":"closed","ping_status":"closed","template":"","meta":{"_et_pb_use_builder":"on","_et_pb_old_content":"","_et_gb_content_width":"","footnotes":""},"class_list":["post-1737","page","type-page","status-publish","hentry"],"yoast_head":"<!-- This site is optimized with the Yoast SEO plugin v27.4 - https:\/\/yoast.com\/product\/yoast-seo-wordpress\/ -->\n<title>Distribuidores da INA FAG | Rolamentos e rolamentos industriais<\/title>\n<meta name=\"description\" content=\"Somos distribuidores da INA FAG, empresa com lideran\u00e7a tecnol\u00f3gica e presen\u00e7a global que garante produtos de m\u00e1xima fiabilidade e qualidade.\" \/>\n<meta name=\"robots\" content=\"index, follow, max-snippet:-1, max-image-preview:large, max-video-preview:-1\" \/>\n<link rel=\"canonical\" href=\"https:\/\/kemmen.com\/pt-pt\/ina-fag\/\" \/>\n<meta property=\"og:locale\" content=\"pt_PT\" \/>\n<meta property=\"og:type\" content=\"article\" \/>\n<meta property=\"og:title\" content=\"Distribuidores da INA FAG | Rolamentos e rolamentos industriais\" \/>\n<meta property=\"og:description\" content=\"Somos distribuidores da INA FAG, empresa com lideran\u00e7a tecnol\u00f3gica e presen\u00e7a global que garante produtos de m\u00e1xima fiabilidade e qualidade.\" \/>\n<meta property=\"og:url\" content=\"https:\/\/kemmen.com\/pt-pt\/ina-fag\/\" \/>\n<meta property=\"og:site_name\" content=\"Kemmen\" \/>\n<meta property=\"article:modified_time\" content=\"2025-12-16T16:26:56+00:00\" \/>\n<meta name=\"twitter:card\" content=\"summary_large_image\" \/>\n<meta name=\"twitter:label1\" content=\"Tempo estimado de leitura\" \/>\n\t<meta name=\"twitter:data1\" content=\"1 minuto\" \/>\n<script type=\"application\/ld+json\" class=\"yoast-schema-graph\">{\"@context\":\"https:\\\/\\\/schema.org\",\"@graph\":[{\"@type\":\"WebPage\",\"@id\":\"https:\\\/\\\/kemmen.com\\\/pt-pt\\\/ina-fag\\\/\",\"url\":\"https:\\\/\\\/kemmen.com\\\/pt-pt\\\/ina-fag\\\/\",\"name\":\"Distribuidores da INA FAG | Rolamentos e rolamentos industriais\",\"isPartOf\":{\"@id\":\"https:\\\/\\\/kemmen.com\\\/pt-pt\\\/#website\"},\"datePublished\":\"2025-07-17T11:09:21+00:00\",\"dateModified\":\"2025-12-16T16:26:56+00:00\",\"description\":\"Somos distribuidores da INA FAG, empresa com lideran\u00e7a tecnol\u00f3gica e presen\u00e7a global que garante produtos de m\u00e1xima fiabilidade e qualidade.\",\"breadcrumb\":{\"@id\":\"https:\\\/\\\/kemmen.com\\\/pt-pt\\\/ina-fag\\\/#breadcrumb\"},\"inLanguage\":\"pt-PT\",\"potentialAction\":[{\"@type\":\"ReadAction\",\"target\":[\"https:\\\/\\\/kemmen.com\\\/pt-pt\\\/ina-fag\\\/\"]}]},{\"@type\":\"BreadcrumbList\",\"@id\":\"https:\\\/\\\/kemmen.com\\\/pt-pt\\\/ina-fag\\\/#breadcrumb\",\"itemListElement\":[{\"@type\":\"ListItem\",\"position\":1,\"name\":\"Portada\",\"item\":\"https:\\\/\\\/kemmen.com\\\/pt-pt\\\/\"},{\"@type\":\"ListItem\",\"position\":2,\"name\":\"FAG INA\"}]},{\"@type\":\"WebSite\",\"@id\":\"https:\\\/\\\/kemmen.com\\\/pt-pt\\\/#website\",\"url\":\"https:\\\/\\\/kemmen.com\\\/pt-pt\\\/\",\"name\":\"Kemmen\",\"description\":\"\",\"potentialAction\":[{\"@type\":\"SearchAction\",\"target\":{\"@type\":\"EntryPoint\",\"urlTemplate\":\"https:\\\/\\\/kemmen.com\\\/pt-pt\\\/?s={search_term_string}\"},\"query-input\":{\"@type\":\"PropertyValueSpecification\",\"valueRequired\":true,\"valueName\":\"search_term_string\"}}],\"inLanguage\":\"pt-PT\"}]}<\/script>\n<!-- \/ Yoast SEO plugin. -->","yoast_head_json":{"title":"Distribuidores da INA FAG | Rolamentos e rolamentos industriais","description":"Somos distribuidores da INA FAG, empresa com lideran\u00e7a tecnol\u00f3gica e presen\u00e7a global que garante produtos de m\u00e1xima fiabilidade e qualidade.","robots":{"index":"index","follow":"follow","max-snippet":"max-snippet:-1","max-image-preview":"max-image-preview:large","max-video-preview":"max-video-preview:-1"},"canonical":"https:\/\/kemmen.com\/pt-pt\/ina-fag\/","og_locale":"pt_PT","og_type":"article","og_title":"Distribuidores da INA FAG | Rolamentos e rolamentos industriais","og_description":"Somos distribuidores da INA FAG, empresa com lideran\u00e7a tecnol\u00f3gica e presen\u00e7a global que garante produtos de m\u00e1xima fiabilidade e qualidade.","og_url":"https:\/\/kemmen.com\/pt-pt\/ina-fag\/","og_site_name":"Kemmen","article_modified_time":"2025-12-16T16:26:56+00:00","twitter_card":"summary_large_image","twitter_misc":{"Tempo estimado de leitura":"1 minuto"},"schema":{"@context":"https:\/\/schema.org","@graph":[{"@type":"WebPage","@id":"https:\/\/kemmen.com\/pt-pt\/ina-fag\/","url":"https:\/\/kemmen.com\/pt-pt\/ina-fag\/","name":"Distribuidores da INA FAG | Rolamentos e rolamentos industriais","isPartOf":{"@id":"https:\/\/kemmen.com\/pt-pt\/#website"},"datePublished":"2025-07-17T11:09:21+00:00","dateModified":"2025-12-16T16:26:56+00:00","description":"Somos distribuidores da INA FAG, empresa com lideran\u00e7a tecnol\u00f3gica e presen\u00e7a global que garante produtos de m\u00e1xima fiabilidade e qualidade.","breadcrumb":{"@id":"https:\/\/kemmen.com\/pt-pt\/ina-fag\/#breadcrumb"},"inLanguage":"pt-PT","potentialAction":[{"@type":"ReadAction","target":["https:\/\/kemmen.com\/pt-pt\/ina-fag\/"]}]},{"@type":"BreadcrumbList","@id":"https:\/\/kemmen.com\/pt-pt\/ina-fag\/#breadcrumb","itemListElement":[{"@type":"ListItem","position":1,"name":"Portada","item":"https:\/\/kemmen.com\/pt-pt\/"},{"@type":"ListItem","position":2,"name":"FAG INA"}]},{"@type":"WebSite","@id":"https:\/\/kemmen.com\/pt-pt\/#website","url":"https:\/\/kemmen.com\/pt-pt\/","name":"Kemmen","description":"","potentialAction":[{"@type":"SearchAction","target":{"@type":"EntryPoint","urlTemplate":"https:\/\/kemmen.com\/pt-pt\/?s={search_term_string}"},"query-input":{"@type":"PropertyValueSpecification","valueRequired":true,"valueName":"search_term_string"}}],"inLanguage":"pt-PT"}]}},"_links":{"self":[{"href":"https:\/\/kemmen.com\/pt-pt\/wp-json\/wp\/v2\/pages\/1737","targetHints":{"allow":["GET"]}}],"collection":[{"href":"https:\/\/kemmen.com\/pt-pt\/wp-json\/wp\/v2\/pages"}],"about":[{"href":"https:\/\/kemmen.com\/pt-pt\/wp-json\/wp\/v2\/types\/page"}],"author":[{"embeddable":true,"href":"https:\/\/kemmen.com\/pt-pt\/wp-json\/wp\/v2\/users\/2"}],"replies":[{"embeddable":true,"href":"https:\/\/kemmen.com\/pt-pt\/wp-json\/wp\/v2\/comments?post=1737"}],"version-history":[{"count":6,"href":"https:\/\/kemmen.com\/pt-pt\/wp-json\/wp\/v2\/pages\/1737\/revisions"}],"predecessor-version":[{"id":2037,"href":"https:\/\/kemmen.com\/pt-pt\/wp-json\/wp\/v2\/pages\/1737\/revisions\/2037"}],"wp:attachment":[{"href":"https:\/\/kemmen.com\/pt-pt\/wp-json\/wp\/v2\/media?parent=1737"}],"curies":[{"name":"wp","href":"https:\/\/api.w.org\/{rel}","templated":true}]}}