{"id":1748,"date":"2025-08-28T11:14:19","date_gmt":"2025-08-28T09:14:19","guid":{"rendered":"https:\/\/kemmen.com\/optibel\/"},"modified":"2025-12-16T17:25:19","modified_gmt":"2025-12-16T16:25:19","slug":"optibel","status":"publish","type":"page","link":"https:\/\/kemmen.com\/pt-pt\/optibel\/","title":{"rendered":"Optibel"},"content":{"rendered":"<p>[et_pb_section fb_built=&#8221;1&#8243; _builder_version=&#8221;4.27.4&#8243; _module_preset=&#8221;default&#8221; background_color=&#8221;rgba(0,31,58,0.8)&#8221; background_image=&#8221;https:\/\/kemmen.com\/wp-content\/uploads\/2025\/08\/optibelt-ALPHA-LINEAR-polyurethane-timing-belt.jpg&#8221; background_blend=&#8221;multiply&#8221; custom_padding=&#8221;160px||50px||false|false&#8221; locked=&#8221;off&#8221; global_colors_info=&#8221;{%22gcid-c94150fc-98ff-4d53-88a6-80ae99fedee0%22:%91%22background_color%22%93}&#8221;][et_pb_row column_structure=&#8221;3_5,2_5&#8243; _builder_version=&#8221;4.27.4&#8243; _module_preset=&#8221;default&#8221; max_width=&#8221;1600px&#8221; custom_padding=&#8221;0px|||||&#8221; animation_style=&#8221;fade&#8221; global_colors_info=&#8221;{}&#8221;][et_pb_column type=&#8221;3_5&#8243; _builder_version=&#8221;4.27.4&#8243; _module_preset=&#8221;default&#8221; global_colors_info=&#8221;{}&#8221;][et_pb_text content_tablet=&#8221;<\/p>\n<h1>Distribuidores de<br \/>Optiblet<\/h1>\n<p>&#8221; content_phone=&#8221;<\/p>\n<h1>Distribuidores de Optiblet<\/h1>\n<p>&#8221; content_last_edited=&#8221;on|phone&#8221; _builder_version=&#8221;4.27.4&#8243; _module_preset=&#8221;default&#8221; text_font=&#8221;Open Sans|700||on|||||&#8221; text_text_color=&#8221;#FFFFFF&#8221; text_font_size=&#8221;50px&#8221; header_font=&#8221;Open Sans|700|||||||&#8221; header_text_color=&#8221;#FFFFFF&#8221; header_font_size=&#8221;55px&#8221; header_line_height=&#8221;1.3em&#8221; custom_margin=&#8221;125px||59px|||&#8221; custom_margin_tablet=&#8221;125px||59px|||&#8221; custom_margin_phone=&#8221;0px||0px||true|false&#8221; custom_margin_last_edited=&#8221;on|phone&#8221; hover_enabled=&#8221;0&#8243; header_font_size_tablet=&#8221;55px&#8221; header_font_size_phone=&#8221;30px&#8221; header_font_size_last_edited=&#8221;on|phone&#8221; global_colors_info=&#8221;{}&#8221; sticky_enabled=&#8221;0&#8243;]<\/p>\n<h1>Correias e Polias Optiblet<\/h1>\n<p>[\/et_pb_text][\/et_pb_column][et_pb_column type=&#8221;2_5&#8243; _builder_version=&#8221;4.27.4&#8243; _module_preset=&#8221;default&#8221; global_colors_info=&#8221;{}&#8221;][et_pb_image src=&#8221;https:\/\/kemmen.com\/wp-content\/uploads\/2025\/08\/white-Photoroom-Photoroom.png&#8221; title_text=&#8221;white-Photoroom-Photoroom&#8221; admin_label=&#8221;Imagen&#8221; _builder_version=&#8221;4.27.4&#8243; _module_preset=&#8221;default&#8221; global_colors_info=&#8221;{}&#8221;][\/et_pb_image][\/et_pb_column][\/et_pb_row][\/et_pb_section][et_pb_section fb_built=&#8221;1&#8243; _builder_version=&#8221;4.27.4&#8243; _module_preset=&#8221;default&#8221; custom_padding=&#8221;102px||118px|||&#8221; locked=&#8221;off&#8221; global_colors_info=&#8221;{}&#8221;][et_pb_row column_structure=&#8221;1_2,1_2&#8243; _builder_version=&#8221;4.27.4&#8243; _module_preset=&#8221;default&#8221; max_width=&#8221;1600px&#8221; global_colors_info=&#8221;{}&#8221;][et_pb_column type=&#8221;1_2&#8243; _builder_version=&#8221;4.27.4&#8243; _module_preset=&#8221;default&#8221; global_colors_info=&#8221;{}&#8221;][et_pb_image src=&#8221;https:\/\/kemmen.com\/wp-content\/uploads\/2025\/08\/Correas-y-poleas-industriales2.jpg&#8221; title_text=&#8221;Correas-y-poleas-industriales2&#8243; _builder_version=&#8221;4.27.4&#8243; _module_preset=&#8221;default&#8221; custom_padding=&#8221;0px|||||&#8221; animation_style=&#8221;slide&#8221; animation_direction=&#8221;left&#8221; border_radii=&#8221;on|25px|25px|25px|25px&#8221; box_shadow_style=&#8221;preset3&#8243; global_colors_info=&#8221;{}&#8221;][\/et_pb_image][\/et_pb_column][et_pb_column type=&#8221;1_2&#8243; _builder_version=&#8221;4.27.4&#8243; _module_preset=&#8221;default&#8221; global_colors_info=&#8221;{}&#8221;][et_pb_text _builder_version=&#8221;4.27.4&#8243; _module_preset=&#8221;default&#8221; text_font=&#8221;Lexend||||||||&#8221; text_text_color=&#8221;gcid-c94150fc-98ff-4d53-88a6-80ae99fedee0&#8243; text_font_size=&#8221;20px&#8221; custom_margin=&#8221;56px||5px|||&#8221; animation_style=&#8221;fade&#8221; locked=&#8221;off&#8221; global_colors_info=&#8221;{%22gcid-c94150fc-98ff-4d53-88a6-80ae99fedee0%22:%91%22text_text_color%22%93}&#8221;]<\/p>\n<p>OPTIBELT<\/p>\n<p>[\/et_pb_text][et_pb_text _builder_version=&#8221;4.27.4&#8243; _module_preset=&#8221;default&#8221; header_font=&#8221;Open Sans|700||on|||||&#8221; header_text_color=&#8221;gcid-c94150fc-98ff-4d53-88a6-80ae99fedee0&#8243; header_font_size=&#8221;41px&#8221; header_line_height=&#8221;1.5em&#8221; header_2_font=&#8221;Open Sans|700||on|||||&#8221; header_2_text_color=&#8221;gcid-c94150fc-98ff-4d53-88a6-80ae99fedee0&#8243; header_2_font_size=&#8221;41px&#8221; header_2_line_height=&#8221;1.5em&#8221; custom_margin=&#8221;||13px|||&#8221; animation_style=&#8221;fade&#8221; header_2_font_size_tablet=&#8221;41px&#8221; header_2_font_size_phone=&#8221;30px&#8221; header_2_font_size_last_edited=&#8221;on|phone&#8221; locked=&#8221;off&#8221; global_colors_info=&#8221;{%22gcid-c94150fc-98ff-4d53-88a6-80ae99fedee0%22:%91%22header_2_text_color%22,%22header_text_color%22%93}&#8221;]<\/p>\n<h2>Correias e Polias<\/h2>\n<p>[\/et_pb_text][et_pb_text _builder_version=&#8221;4.27.4&#8243; _module_preset=&#8221;default&#8221; text_font=&#8221;Open Sans||||||||&#8221; text_text_color=&#8221;#353535&#8243; text_font_size=&#8221;16px&#8221; text_line_height=&#8221;1.6em&#8221; animation_style=&#8221;fade&#8221; locked=&#8221;off&#8221; global_colors_info=&#8221;{}&#8221;]<\/p>\n<p data-start=\"55\" data-end=\"484\">As<strong data-start=\"59\" data-end=\"88\"><a href=\"https:\/\/kemmen.com\/pt-pt\/elementos-de-transmissao-e-estanqueidade\/\" title=\"Correias e polias\"> correias e polias Optibelt<\/a><\/strong> distinguem-se pela sua elevada qualidade, resist\u00eancia e efici\u00eancia na transmiss\u00e3o de pot\u00eancia. Como distribuidores especializados, oferecemos solu\u00e7\u00f5es adaptadas a diferentes setores industriais, garantindo um desempenho fi\u00e1vel e uma maior vida \u00fatil dos equipamentos. A nossa experi\u00eancia garante aconselhamento t\u00e9cnico e disponibilidade de uma ampla gama de correias e polias para cada necessidade.<\/p>\n<p>[\/et_pb_text][\/et_pb_column][\/et_pb_row][\/et_pb_section]<\/p>\n","protected":false},"excerpt":{"rendered":"<p>Correias e Polias OptibletOPTIBELTCorreias e PoliasAs correias e polias Optibelt distinguem-se pela sua elevada qualidade, resist\u00eancia e efici\u00eancia na transmiss\u00e3o de pot\u00eancia. Como distribuidores especializados, oferecemos solu\u00e7\u00f5es adaptadas a diferentes setores industriais, garantindo um desempenho fi\u00e1vel e uma maior vida \u00fatil dos equipamentos. A nossa experi\u00eancia garante aconselhamento t\u00e9cnico e disponibilidade de uma ampla gama [&hellip;]<\/p>\n","protected":false},"author":2,"featured_media":0,"parent":0,"menu_order":0,"comment_status":"closed","ping_status":"closed","template":"","meta":{"_et_pb_use_builder":"on","_et_pb_old_content":"","_et_gb_content_width":"","footnotes":""},"class_list":["post-1748","page","type-page","status-publish","hentry"],"yoast_head":"<!-- This site is optimized with the Yoast SEO plugin v27.4 - https:\/\/yoast.com\/product\/yoast-seo-wordpress\/ -->\n<title>Correias e poleias Optibelt | Distruibuidores de correias e poleias<\/title>\n<meta name=\"description\" content=\"Distribuidores de correias e polias Optibelt. Produtos de alta qualidade para transmiss\u00e3o de pot\u00eancia, com assessoria t\u00e9cnica.\" \/>\n<meta name=\"robots\" content=\"index, follow, max-snippet:-1, max-image-preview:large, max-video-preview:-1\" \/>\n<link rel=\"canonical\" href=\"https:\/\/kemmen.com\/pt-pt\/optibel\/\" \/>\n<meta property=\"og:locale\" content=\"pt_PT\" \/>\n<meta property=\"og:type\" content=\"article\" \/>\n<meta property=\"og:title\" content=\"Correias e poleias Optibelt | Distruibuidores de correias e poleias\" \/>\n<meta property=\"og:description\" content=\"Distribuidores de correias e polias Optibelt. Produtos de alta qualidade para transmiss\u00e3o de pot\u00eancia, com assessoria t\u00e9cnica.\" \/>\n<meta property=\"og:url\" content=\"https:\/\/kemmen.com\/pt-pt\/optibel\/\" \/>\n<meta property=\"og:site_name\" content=\"Kemmen\" \/>\n<meta property=\"article:modified_time\" content=\"2025-12-16T16:25:19+00:00\" \/>\n<meta name=\"twitter:card\" content=\"summary_large_image\" \/>\n<meta name=\"twitter:label1\" content=\"Tempo estimado de leitura\" \/>\n\t<meta name=\"twitter:data1\" content=\"3 minutos\" \/>\n<script type=\"application\/ld+json\" class=\"yoast-schema-graph\">{\"@context\":\"https:\\\/\\\/schema.org\",\"@graph\":[{\"@type\":\"WebPage\",\"@id\":\"https:\\\/\\\/kemmen.com\\\/pt-pt\\\/optibel\\\/\",\"url\":\"https:\\\/\\\/kemmen.com\\\/pt-pt\\\/optibel\\\/\",\"name\":\"Correias e poleias Optibelt | Distruibuidores de correias e poleias\",\"isPartOf\":{\"@id\":\"https:\\\/\\\/kemmen.com\\\/pt-pt\\\/#website\"},\"datePublished\":\"2025-08-28T09:14:19+00:00\",\"dateModified\":\"2025-12-16T16:25:19+00:00\",\"description\":\"Distribuidores de correias e polias Optibelt. Produtos de alta qualidade para transmiss\u00e3o de pot\u00eancia, com assessoria t\u00e9cnica.\",\"breadcrumb\":{\"@id\":\"https:\\\/\\\/kemmen.com\\\/pt-pt\\\/optibel\\\/#breadcrumb\"},\"inLanguage\":\"pt-PT\",\"potentialAction\":[{\"@type\":\"ReadAction\",\"target\":[\"https:\\\/\\\/kemmen.com\\\/pt-pt\\\/optibel\\\/\"]}]},{\"@type\":\"BreadcrumbList\",\"@id\":\"https:\\\/\\\/kemmen.com\\\/pt-pt\\\/optibel\\\/#breadcrumb\",\"itemListElement\":[{\"@type\":\"ListItem\",\"position\":1,\"name\":\"Portada\",\"item\":\"https:\\\/\\\/kemmen.com\\\/pt-pt\\\/\"},{\"@type\":\"ListItem\",\"position\":2,\"name\":\"Optibel\"}]},{\"@type\":\"WebSite\",\"@id\":\"https:\\\/\\\/kemmen.com\\\/pt-pt\\\/#website\",\"url\":\"https:\\\/\\\/kemmen.com\\\/pt-pt\\\/\",\"name\":\"Kemmen\",\"description\":\"\",\"potentialAction\":[{\"@type\":\"SearchAction\",\"target\":{\"@type\":\"EntryPoint\",\"urlTemplate\":\"https:\\\/\\\/kemmen.com\\\/pt-pt\\\/?s={search_term_string}\"},\"query-input\":{\"@type\":\"PropertyValueSpecification\",\"valueRequired\":true,\"valueName\":\"search_term_string\"}}],\"inLanguage\":\"pt-PT\"}]}<\/script>\n<!-- \/ Yoast SEO plugin. -->","yoast_head_json":{"title":"Correias e poleias Optibelt | Distruibuidores de correias e poleias","description":"Distribuidores de correias e polias Optibelt. Produtos de alta qualidade para transmiss\u00e3o de pot\u00eancia, com assessoria t\u00e9cnica.","robots":{"index":"index","follow":"follow","max-snippet":"max-snippet:-1","max-image-preview":"max-image-preview:large","max-video-preview":"max-video-preview:-1"},"canonical":"https:\/\/kemmen.com\/pt-pt\/optibel\/","og_locale":"pt_PT","og_type":"article","og_title":"Correias e poleias Optibelt | Distruibuidores de correias e poleias","og_description":"Distribuidores de correias e polias Optibelt. Produtos de alta qualidade para transmiss\u00e3o de pot\u00eancia, com assessoria t\u00e9cnica.","og_url":"https:\/\/kemmen.com\/pt-pt\/optibel\/","og_site_name":"Kemmen","article_modified_time":"2025-12-16T16:25:19+00:00","twitter_card":"summary_large_image","twitter_misc":{"Tempo estimado de leitura":"3 minutos"},"schema":{"@context":"https:\/\/schema.org","@graph":[{"@type":"WebPage","@id":"https:\/\/kemmen.com\/pt-pt\/optibel\/","url":"https:\/\/kemmen.com\/pt-pt\/optibel\/","name":"Correias e poleias Optibelt | Distruibuidores de correias e poleias","isPartOf":{"@id":"https:\/\/kemmen.com\/pt-pt\/#website"},"datePublished":"2025-08-28T09:14:19+00:00","dateModified":"2025-12-16T16:25:19+00:00","description":"Distribuidores de correias e polias Optibelt. Produtos de alta qualidade para transmiss\u00e3o de pot\u00eancia, com assessoria t\u00e9cnica.","breadcrumb":{"@id":"https:\/\/kemmen.com\/pt-pt\/optibel\/#breadcrumb"},"inLanguage":"pt-PT","potentialAction":[{"@type":"ReadAction","target":["https:\/\/kemmen.com\/pt-pt\/optibel\/"]}]},{"@type":"BreadcrumbList","@id":"https:\/\/kemmen.com\/pt-pt\/optibel\/#breadcrumb","itemListElement":[{"@type":"ListItem","position":1,"name":"Portada","item":"https:\/\/kemmen.com\/pt-pt\/"},{"@type":"ListItem","position":2,"name":"Optibel"}]},{"@type":"WebSite","@id":"https:\/\/kemmen.com\/pt-pt\/#website","url":"https:\/\/kemmen.com\/pt-pt\/","name":"Kemmen","description":"","potentialAction":[{"@type":"SearchAction","target":{"@type":"EntryPoint","urlTemplate":"https:\/\/kemmen.com\/pt-pt\/?s={search_term_string}"},"query-input":{"@type":"PropertyValueSpecification","valueRequired":true,"valueName":"search_term_string"}}],"inLanguage":"pt-PT"}]}},"_links":{"self":[{"href":"https:\/\/kemmen.com\/pt-pt\/wp-json\/wp\/v2\/pages\/1748","targetHints":{"allow":["GET"]}}],"collection":[{"href":"https:\/\/kemmen.com\/pt-pt\/wp-json\/wp\/v2\/pages"}],"about":[{"href":"https:\/\/kemmen.com\/pt-pt\/wp-json\/wp\/v2\/types\/page"}],"author":[{"embeddable":true,"href":"https:\/\/kemmen.com\/pt-pt\/wp-json\/wp\/v2\/users\/2"}],"replies":[{"embeddable":true,"href":"https:\/\/kemmen.com\/pt-pt\/wp-json\/wp\/v2\/comments?post=1748"}],"version-history":[{"count":4,"href":"https:\/\/kemmen.com\/pt-pt\/wp-json\/wp\/v2\/pages\/1748\/revisions"}],"predecessor-version":[{"id":6975,"href":"https:\/\/kemmen.com\/pt-pt\/wp-json\/wp\/v2\/pages\/1748\/revisions\/6975"}],"wp:attachment":[{"href":"https:\/\/kemmen.com\/pt-pt\/wp-json\/wp\/v2\/media?parent=1748"}],"curies":[{"name":"wp","href":"https:\/\/api.w.org\/{rel}","templated":true}]}}