{"id":1752,"date":"2025-07-17T13:09:42","date_gmt":"2025-07-17T11:09:42","guid":{"rendered":"https:\/\/kemmen.com\/?page_id=1752"},"modified":"2025-09-12T14:23:03","modified_gmt":"2025-09-12T12:23:03","slug":"politica-de-cookies","status":"publish","type":"page","link":"https:\/\/kemmen.com\/pt-pt\/politica-de-cookies\/","title":{"rendered":"Pol\u00edtica de cookies"},"content":{"rendered":"<p>[et_pb_section fb_built=&#8221;1&#8243; _builder_version=&#8221;4.27.4&#8243; _module_preset=&#8221;default&#8221; background_color=&#8221;#353535&#8243; custom_padding=&#8221;160px||||false|false&#8221; locked=&#8221;off&#8221; global_colors_info=&#8221;{}&#8221;][et_pb_row _builder_version=&#8221;4.27.4&#8243; _module_preset=&#8221;default&#8221; max_width=&#8221;1600px&#8221; animation_style=&#8221;fade&#8221; global_colors_info=&#8221;{}&#8221;][et_pb_column type=&#8221;4_4&#8243; _builder_version=&#8221;4.27.4&#8243; _module_preset=&#8221;default&#8221; global_colors_info=&#8221;{}&#8221;][et_pb_text _builder_version=&#8221;4.27.4&#8243; _module_preset=&#8221;default&#8221; header_font=&#8221;Open Sans|700|||||||&#8221; header_text_color=&#8221;#FFFFFF&#8221; header_font_size=&#8221;50px&#8221; global_colors_info=&#8221;{}&#8221;]<\/p>\n<h1>Pol\u00edtica de cookies<\/h1>\n<p>[\/et_pb_text][\/et_pb_column][\/et_pb_row][\/et_pb_section][et_pb_section fb_built=&#8221;1&#8243; _builder_version=&#8221;4.27.4&#8243; _module_preset=&#8221;default&#8221; locked=&#8221;off&#8221; global_colors_info=&#8221;{}&#8221;][et_pb_row _builder_version=&#8221;4.27.4&#8243; _module_preset=&#8221;default&#8221; max_width=&#8221;1600px&#8221; animation_style=&#8221;fade&#8221; global_colors_info=&#8221;{}&#8221;][et_pb_column type=&#8221;4_4&#8243; _builder_version=&#8221;4.27.4&#8243; _module_preset=&#8221;default&#8221; global_colors_info=&#8221;{}&#8221;][et_pb_text _builder_version=&#8221;4.27.4&#8243; _module_preset=&#8221;default&#8221; text_font=&#8221;Open Sans||||||||&#8221; text_text_color=&#8221;#353535&#8243; text_font_size=&#8221;16px&#8221; link_text_color=&#8221;gcid-c94150fc-98ff-4d53-88a6-80ae99fedee0&#8243; hover_enabled=&#8221;0&#8243; global_colors_info=&#8221;{%22gcid-c94150fc-98ff-4d53-88a6-80ae99fedee0%22:%91%22link_text_color%22%93}&#8221; link_font=&#8221;||||on||||&#8221; sticky_enabled=&#8221;0&#8243;]<\/p>\n<p><strong>\u00bfQu\u00e9 son las cookies?<\/strong><\/p>\n<p>Una cookie es un fichero que se descarga en su ordenador al acceder a determinadas p\u00e1ginas web. las cookies permiten a una p\u00e1gina web, entre ostras cosas, almacenar y recuperar informaci\u00f3n sobre los h\u00e1bitos de navegaci\u00f3n de un usuario o de su equipo y, dependiendo de la informaci\u00f3n que contengan y de la forma en que utilice su equipo, pueden utilizarse para reconocer al usuario. El navegador del usuario memoriza cookies en el disco duro solamente durante la sesi\u00f3n actual ocupando un espacio de memoria m\u00ednimo y no perjudicando al ordenador. Las cookies no contienen ninguna clase de informaci\u00f3n personal espec\u00edfica, y la mayor\u00eda de las mismas se borran del disco duro al finalizar la sesi\u00f3n de navegador (las denominadas cookies de sesi\u00f3n).<\/p>\n<p>La mayor\u00eda de los navegadores aceptan como est\u00e1ndar las cookies y, con independencia de las mismas, permiten o impiden en los ajustes de seguridad las cookies temporales o memorizadas.<\/p>\n<p>Sin su expreso consentimiento \u2013 mediante la activaci\u00f3n de las cookies en su navegador \u2013 este sitio web no enlazar\u00e1 en las cookies los datos memorizados con sus datos personales proporcionados en el momento del registro o la compra.<\/p>\n<p><strong>\u00bfQu\u00e9 tipos de cookies utilizamos en este sitio web?<\/strong><\/p>\n<p>Este sitio web utiliza cookies que permiten el funcionamiento y la prestaci\u00f3n de los servicios ofrecidos en el mismo.<\/p>\n<p>Siguiendo las directrices de la Agencia Espa\u00f1ola de Protecci\u00f3n de Datos procedemos a detallar el uso de cookies que hace esta web con el fin de informarle con la m\u00e1xima exactitud posible.<\/p>\n<p>Este sitio web utiliza las siguientes\u00a0<strong>cookies propias<\/strong>:<\/p>\n<ul>\n<li><strong>Cookies t\u00e9cnicas<\/strong>: son aquellas que permiten al usuario la navegaci\u00f3n a trav\u00e9s de una p\u00e1gina web, plataforma o aplicaci\u00f3n y la utilizaci\u00f3n de las diferentes opciones o servicios que en ella existan, incluyendo aquellas que el editor utiliza para permitir la gesti\u00f3n y operativa de la p\u00e1gina web y habilitar sus funciones y servicios, como, por ejemplo, controlar le tr\u00e1fico y la comunicaci\u00f3n de datos, identificar\u00a0la sesi\u00f3n, acceder a partes de acceso restringido, recordar los elementos que integran un pedido, realizar el proceso de compra de un pedido, gestionar el pago, controlar el fraude vinculado a la seguridad del servicio, realizar la solicitud de inscripci\u00f3n o participaci\u00f3n en un evento, contar visitas a efectos de la facturaci\u00f3n de licencias del software con el que funciona el servicio (sitio web, plataforma o aplicaci\u00f3n), utilizar elementos de seguridad durante la navegaci\u00f3n, almacenar contenidos para la difusi\u00f3n de v\u00eddeos o sonido, habilitar contenidos din\u00e1micos (por ejemplo, animaci\u00f3n de carga de un texto o imagen) o compartir contenidos a trav\u00e9s de redes sociales.<\/li>\n<li><strong>Cookies de personalizaci\u00f3n<\/strong>: son aquellas que permiten recordar informaci\u00f3n para que el usuario acceda al servicio con determinadas caracter\u00edsticas que pueden diferencias su experiencia de la de otros usuarios, como, por ejemplo, el idioma, el n\u00famero de resultados a mostrar cuando el usuario realiza una b\u00fasqueda, el aspecto o contenido del servicio en funci\u00f3n del tipo de navegador a trav\u00e9s del cual el usuario accede al servicio o de la regi\u00f3n desde la que accede al servicio, etc.<\/li>\n<\/ul>\n<p>Este sitio web utiliza las siguientes\u00a0<strong>cookies de terceros<\/strong>:<\/p>\n<ul>\n<li><strong>Google Analytics<\/strong>:\u00a0Almacena cookies para poder elaborar estad\u00edsticas sobre el tr\u00e1fico y volumen de visitas de esta web. Al utilizar este sitio web est\u00e1 consintiendo el tratamiento de informaci\u00f3n acerca de usted por Google. Por tanto, el ejercicio de cualquier derecho en este sentido deber\u00e1 hacerlo comunicando directamente con Google.<\/li>\n<li><strong>Redes sociales<\/strong>:\u00a0Cada red social utiliza sus propias cookies para que usted pueda pinchar en botones del tipo Me gusta o Compartir.<\/li>\n<\/ul>\n<p><strong>Resumen de cookies propias y de terceros utilizadas en este portal web<\/strong><\/p>\n<table style=\"border-collapse: collapse; width: 100%;\" border=\"1\">\n<tbody>\n<tr>\n<td style=\"width: 20%;\"><strong>Tipo de cookies<\/strong><\/td>\n<td style=\"width: 20%;\"><strong>Titularidad<\/strong><\/td>\n<td style=\"width: 20%;\"><strong>Identificaci\u00f3n\/nombre de la cookie<\/strong><\/td>\n<td style=\"width: 20%;\"><strong>Periodo de conservaci\u00f3n<\/strong><\/td>\n<td style=\"width: 20%;\"><strong>Prop\u00f3sito \/ Finalidad<\/strong><\/td>\n<\/tr>\n<tr>\n<td style=\"width: 20%;\">T\u00e9cnica<\/td>\n<td style=\"width: 20%;\">Tercero: Google<\/td>\n<td style=\"width: 20%;\">UULE<\/td>\n<td style=\"width: 20%;\">1 d\u00eda<\/td>\n<td style=\"width: 20%;\">Cookie asociada al servicio de Google Maps. Permite la geolocalizaci\u00f3n de nuestra empresa en la secci\u00f3n correspondiente de este sitio web.<\/td>\n<\/tr>\n<tr>\n<td style=\"width: 20%;\">T\u00e9cnica<\/td>\n<td style=\"width: 20%;\">Propia<\/td>\n<td style=\"width: 20%;\">viewed_cookie_policy<\/td>\n<td style=\"width: 20%;\">1 d\u00eda<\/td>\n<td style=\"width: 20%;\">Cookies de uso interno necesarias para el funcionamiento de la visualizaci\u00f3n de la pol\u00edtica de cookies de la web.<\/td>\n<\/tr>\n<\/tbody>\n<\/table>\n<p><strong>Derechos de los interesados<\/strong><\/p>\n<p>Al desactivar cookies, algunos de los servicios disponibles podr\u00edan dejar de estar operativos. La forma de deshabilitar las cookies es diferente para cada navegador, pero normalmente puede hacerse desde el men\u00fa Herramientas u Opciones. Tambi\u00e9n puede consultarse el men\u00fa de Ayuda del navegador donde puedes encontrar instrucciones. El usuario podr\u00e1 en cualquier momento elegir qu\u00e9 cookies quiere que funcionen en este sitio web.<\/p>\n<p>Puede usted permitir, bloquear o eleiminar las cookies instaladas en su equipo mediante la configuraci\u00f3n de las opciones del navegador instalado en su ordenador:<\/p>\n<ul>\n<li><a href=\"https:\/\/support.microsoft.com\/en-us\/windows\/manage-cookies-in-microsoft-edge-view-allow-block-delete-and-use-168dab11-0753-043d-7c16-ede5947fc64d\">Microsoft Internet Explorer o Microsoft Edge<\/a><\/li>\n<li><a href=\"https:\/\/support.mozilla.org\/es\/kb\/impedir-que-los-sitios-web-guarden-sus-preferencia\">Mozilla Firefox<\/a><\/li>\n<li><a href=\"https:\/\/support.google.com\/accounts\/answer\/61416?hl=es\">Chrome<\/a><\/li>\n<li><a href=\"http:\/\/safari.helpmax.net\/es\/privacidad-y-seguridad\/como-gestionar-las-cookies\/\">Safari<\/a><\/li>\n<li><a href=\"https:\/\/help.opera.com\/en\/latest\/web-preferences\/#cookies\">Opera<\/a><\/li>\n<li><a href=\"https:\/\/help.opera.com\/en\/latest\/web-preferences\/#cookies\">Safari para iOS (dispositivos iPhone y iPad)<\/a><\/li>\n<li><a href=\"https:\/\/support.google.com\/chrome\/answer\/114662?hl=es&amp;visit_id=638766796449661175-3948853750&amp;rd=1\">Chrome para Android<\/a><\/li>\n<li><a href=\"https:\/\/support.microsoft.com\/en-us\/windows\/what-does-it-mean-if-windows-isn-t-supported-08f3b92d-7539-671e-1452-2e71cdad18b5\">Windows Phone<\/a><\/li>\n<\/ul>\n<p>Adem\u00e1s, tambi\u00e9n puede gestionar el almac\u00e9n de cookies es su navegador a trav\u00e9s de herramientas como las siguientes:<\/p>\n<p>Ghostery:\u00a0<a href=\"http:\/\/www.ghostery.com\/\">www.ghostery.com<\/a><\/p>\n<p>Your online choices:\u00a0<a href=\"http:\/\/www.youronlinechoices.com\/es\/\">www.youronlinechoices.com\/es\/<\/a><\/p>\n<p>M\u00e1<\/p>\n<p>[et_pb_section fb_built=&#8221;1&#8243; _builder_version=&#8221;4.27.4&#8243; _module_preset=&#8221;default&#8221; background_color=&#8221;#353535&#8243; custom_padding=&#8221;160px||||false|false&#8221; locked=&#8221;off&#8221; global_colors_info=&#8221;{}&#8221;][et_pb_row _builder_version=&#8221;4.27.4&#8243; _module_preset=&#8221;default&#8221; max_width=&#8221;1600px&#8221; animation_style=&#8221;fade&#8221; global_colors_info=&#8221;{}&#8221;][et_pb_column type=&#8221;4_4&#8243; _builder_version=&#8221;4.27.4&#8243; _module_preset=&#8221;default&#8221; global_colors_info=&#8221;{}&#8221;][et_pb_text _builder_version=&#8221;4.27.4&#8243; _module_preset=&#8221;default&#8221; header_font=&#8221;Open Sans|700|||||||&#8221; header_text_color=&#8221;#FFFFFF&#8221; header_font_size=&#8221;50px&#8221; global_colors_info=&#8221;{}&#8221;]<\/p>\n<p>Pol\u00edtica de cookies<\/p>\n<p>[\/et_pb_text][\/et_pb_column][\/et_pb_row][\/et_pb_section][et_pb_section fb_built=&#8221;1&#8243; _builder_version=&#8221;4.27.4&#8243; _module_preset=&#8221;default&#8221; locked=&#8221;off&#8221; global_colors_info=&#8221;{}&#8221;][et_pb_row _builder_version=&#8221;4.27.4&#8243; _module_preset=&#8221;default&#8221; max_width=&#8221;1600px&#8221; animation_style=&#8221;fade&#8221; global_colors_info=&#8221;{}&#8221;][et_pb_column type=&#8221;4_4&#8243; _builder_version=&#8221;4.27.4&#8243; _module_preset=&#8221;default&#8221; global_colors_info=&#8221;{}&#8221;][et_pb_text _builder_version=&#8221;4.27.4&#8243; _module_preset=&#8221;default&#8221; text_font=&#8221;Open Sans||||||||&#8221; text_text_color=&#8221;#353535&#8243; text_font_size=&#8221;16px&#8221; link_text_color=&#8221;gcid-c94150fc-98ff-4d53-88a6-80ae99fedee0&#8243; hover_enabled=&#8221;0&#8243; global_colors_info=&#8221;{%22gcid-c94150fc-98ff-4d53-88a6-80ae99fedee0%22:%91%22link_text_color%22%93}&#8221; link_font=&#8221;||||on||||&#8221; sticky_enabled=&#8221;0&#8243;]<\/p>\n<p>O que s\u00e3o cookies?<\/p>\n<p>Um cookie \u00e9 um ficheiro que \u00e9 descarregado no seu computador ao aceder a determinadas p\u00e1ginas web. Os cookies permitem a uma p\u00e1gina web, entre outras coisas, armazenar e recuperar informa\u00e7\u00e3o sobre os h\u00e1bitos de navega\u00e7\u00e3o de um utilizador ou do seu equipamento e, dependendo da informa\u00e7\u00e3o que contenham e da forma como utiliza o seu equipamento, podem ser usados para reconhecer o utilizador. O navegador do utilizador memoriza cookies no disco r\u00edgido apenas durante a sess\u00e3o atual, ocupando um espa\u00e7o m\u00ednimo de mem\u00f3ria e n\u00e3o prejudicando o computador. Os cookies n\u00e3o cont\u00eam nenhum tipo de informa\u00e7\u00e3o pessoal espec\u00edfica, e a maioria deles \u00e9 eliminada do disco r\u00edgido ao terminar a sess\u00e3o do navegador (os denominados cookies de sess\u00e3o).<\/p>\n<p>A maioria dos navegadores aceita cookies como padr\u00e3o e, independentemente destes, permitem ou impedem nos ajustes de seguran\u00e7a os cookies tempor\u00e1rios ou memorizados.<\/p>\n<p>Sem o seu expresso consentimento \u2013 mediante a ativa\u00e7\u00e3o dos cookies no seu navegador \u2013 este site n\u00e3o associar\u00e1 nas cookies os dados memorizados com os seus dados pessoais fornecidos no momento do registo ou da compra.<\/p>\n<p>Que tipos de cookies utilizamos neste site?<\/p>\n<p>Este site utiliza cookies que permitem o funcionamento e a presta\u00e7\u00e3o dos servi\u00e7os oferecidos no mesmo.<\/p>\n<p>Seguindo as diretrizes da Ag\u00eancia Espanhola de Prote\u00e7\u00e3o de Dados, procedemos a detalhar o uso de cookies que este site faz com o objetivo de o informar com a m\u00e1xima exatid\u00e3o poss\u00edvel.<\/p>\n<p>Este site utiliza os seguintes cookies pr\u00f3prios:<\/p>\n<p>Cookies t\u00e9cnicas: s\u00e3o aquelas que permitem ao utilizador a navega\u00e7\u00e3o atrav\u00e9s de uma p\u00e1gina web, plataforma ou aplica\u00e7\u00e3o e a utiliza\u00e7\u00e3o das diferentes op\u00e7\u00f5es ou servi\u00e7os que nela existam, incluindo aquelas que o editor utiliza para permitir a gest\u00e3o e opera\u00e7\u00e3o da p\u00e1gina web e habilitar as suas fun\u00e7\u00f5es e servi\u00e7os, como, por exemplo, controlar o tr\u00e1fego e a comunica\u00e7\u00e3o de dados, identificar a sess\u00e3o, aceder a partes de acesso restrito, recordar os elementos que comp\u00f5em um pedido, realizar o processo de compra de um pedido, gerir o pagamento, controlar a fraude relacionada com a seguran\u00e7a do servi\u00e7o, realizar o pedido de inscri\u00e7\u00e3o ou participa\u00e7\u00e3o num evento, contabilizar visitas para efeitos de fatura\u00e7\u00e3o de licen\u00e7as do software com o qual funciona o servi\u00e7o (site, plataforma ou aplica\u00e7\u00e3o), utilizar elementos de seguran\u00e7a durante a navega\u00e7\u00e3o, armazenar conte\u00fados para a difus\u00e3o de v\u00eddeos ou som, habilitar conte\u00fados din\u00e2micos (por exemplo, anima\u00e7\u00e3o de carregamento de um texto ou imagem) ou partilhar conte\u00fados atrav\u00e9s de redes sociais.<br \/>\nCookies de personaliza\u00e7\u00e3o: s\u00e3o aquelas que permitem recordar informa\u00e7\u00e3o para que o utilizador aceda ao servi\u00e7o com determinadas caracter\u00edsticas que podem diferenciar a sua experi\u00eancia da de outros utilizadores, como, por exemplo, o idioma, o n\u00famero de resultados a mostrar quando o utilizador realiza uma pesquisa, o aspeto ou conte\u00fado do servi\u00e7o em fun\u00e7\u00e3o do tipo de navegador atrav\u00e9s do qual o utilizador acede ao servi\u00e7o ou da regi\u00e3o a partir da qual acede ao servi\u00e7o, etc.<\/p>\n<p>Este site utiliza os seguintes cookies de terceiros:<\/p>\n<p>Google Analytics: Armazena cookies para poder elaborar estat\u00edsticas sobre o tr\u00e1fego e volume de visitas deste site. Ao utilizar este site est\u00e1 a consentir o tratamento de informa\u00e7\u00e3o sobre si pelo Google. Assim, o exerc\u00edcio de qualquer direito neste sentido dever\u00e1 ser feito comunicando diretamente com o Google.<br \/>\nRedes sociais: Cada rede social utiliza os seus pr\u00f3prios cookies para que possa clicar em bot\u00f5es do tipo Gosto ou Partilhar.<\/p>\n<p>Resumo de cookies pr\u00f3prios e de terceiros utilizados neste portal web<\/p>\n<p>Tipo de cookies Titularidade Identifica\u00e7\u00e3o\/nome do cookie Per\u00edodo de conserva\u00e7\u00e3o Prop\u00f3sito \/ Finalidade<br \/>\nT\u00e9cnica Terceiro: Google UULE 1 dia Cookie associada ao servi\u00e7o do Google Maps. Permite a geolocaliza\u00e7\u00e3o da nossa empresa na sec\u00e7\u00e3o correspondente deste site.<br \/>\nT\u00e9cnica Pr\u00f3pria viewed_cookie_policy 1 dia Cookies de uso interno necess\u00e1rias para o funcionamento da visualiza\u00e7\u00e3o da pol\u00edtica de cookies do site.<\/p>\n<p>Direitos dos titulares dos dados<\/p>\n<p>Ao desativar cookies, alguns dos servi\u00e7os dispon\u00edveis podem deixar de estar operativos. A forma de desativar os cookies \u00e9 diferente para cada navegador, mas normalmente pode ser feita a partir do menu Ferramentas ou Op\u00e7\u00f5es. Tamb\u00e9m pode consultar o menu de Ajuda do navegador onde encontrar\u00e1 instru\u00e7\u00f5es. O utilizador poder\u00e1, em qualquer momento, escolher que cookies deseja que funcionem neste site.<\/p>\n<p>Pode permitir, bloquear ou eliminar os cookies instalados no seu equipamento atrav\u00e9s da configura\u00e7\u00e3o das op\u00e7\u00f5es do navegador instalado no seu computador:<\/p>\n<p>Microsoft Internet Explorer ou Microsoft Edge<br \/>\nMozilla Firefox<br \/>\nChrome<br \/>\nSafari<br \/>\nOpera<br \/>\nSafari para iOS (dispositivos iPhone e iPad)<br \/>\nChrome para Android<br \/>\nWindows Phone<\/p>\n<p>Al\u00e9m disso, tamb\u00e9m pode gerir o armazenamento de cookies no seu navegador atrav\u00e9s de ferramentas como as seguintes:<\/p>\n<p>Ghostery: www.ghostery.com<\/p>\n<p>Your online choices: www.youronlinechoices.com\/pt\/<\/p>\n<p>Mais informa\u00e7\u00e3o relativa \u00e0 prote\u00e7\u00e3o dos seus dados pessoais na nossa Pol\u00edtica de Privacidade.<\/p>\n<p>O editor reserva-se o direito de alterar esta pol\u00edtica de cookies caso se realizem altera\u00e7\u00f5es na configura\u00e7\u00e3o e\/ou utiliza\u00e7\u00e3o das mesmas. Ser\u00e1 publicada uma vers\u00e3o atualizada nesta p\u00e1gina web.<\/p>\n<p>[\/et_pb_text][\/et_pb_column][\/et_pb_row][\/et_pb_section]<\/p>\n","protected":false},"excerpt":{"rendered":"<p>Pol\u00edtica de cookies \u00bfQu\u00e9 son las cookies? Una cookie es un fichero que se descarga en su ordenador al acceder a determinadas p\u00e1ginas web. las cookies permiten a una p\u00e1gina web, entre ostras cosas, almacenar y recuperar informaci\u00f3n sobre los h\u00e1bitos de navegaci\u00f3n de un usuario o de su equipo y, dependiendo de la informaci\u00f3n [&hellip;]<\/p>\n","protected":false},"author":2,"featured_media":0,"parent":0,"menu_order":0,"comment_status":"closed","ping_status":"closed","template":"","meta":{"_et_pb_use_builder":"on","_et_pb_old_content":"","_et_gb_content_width":"","footnotes":""},"class_list":["post-1752","page","type-page","status-publish","hentry"],"yoast_head":"<!-- This site is optimized with the Yoast SEO plugin v27.4 - https:\/\/yoast.com\/product\/yoast-seo-wordpress\/ -->\n<title>Pol\u00edtica de cookies - Kemmen<\/title>\n<meta name=\"robots\" content=\"index, follow, max-snippet:-1, max-image-preview:large, max-video-preview:-1\" \/>\n<link rel=\"canonical\" href=\"https:\/\/kemmen.com\/pt-pt\/politica-de-cookies\/\" \/>\n<meta property=\"og:locale\" content=\"pt_PT\" \/>\n<meta property=\"og:type\" content=\"article\" \/>\n<meta property=\"og:title\" content=\"Pol\u00edtica de cookies - Kemmen\" \/>\n<meta property=\"og:description\" content=\"Pol\u00edtica de cookies \u00bfQu\u00e9 son las cookies? Una cookie es un fichero que se descarga en su ordenador al acceder a determinadas p\u00e1ginas web. las cookies permiten a una p\u00e1gina web, entre ostras cosas, almacenar y recuperar informaci\u00f3n sobre los h\u00e1bitos de navegaci\u00f3n de un usuario o de su equipo y, dependiendo de la informaci\u00f3n [&hellip;]\" \/>\n<meta property=\"og:url\" content=\"https:\/\/kemmen.com\/pt-pt\/politica-de-cookies\/\" \/>\n<meta property=\"og:site_name\" content=\"Kemmen\" \/>\n<meta property=\"article:modified_time\" content=\"2025-09-12T12:23:03+00:00\" \/>\n<meta name=\"twitter:card\" content=\"summary_large_image\" \/>\n<meta name=\"twitter:label1\" content=\"Tempo estimado de leitura\" \/>\n\t<meta name=\"twitter:data1\" content=\"8 minutos\" \/>\n<script type=\"application\/ld+json\" class=\"yoast-schema-graph\">{\"@context\":\"https:\\\/\\\/schema.org\",\"@graph\":[{\"@type\":\"WebPage\",\"@id\":\"https:\\\/\\\/kemmen.com\\\/pt-pt\\\/politica-de-cookies\\\/\",\"url\":\"https:\\\/\\\/kemmen.com\\\/pt-pt\\\/politica-de-cookies\\\/\",\"name\":\"Pol\u00edtica de cookies - Kemmen\",\"isPartOf\":{\"@id\":\"https:\\\/\\\/kemmen.com\\\/pt-pt\\\/#website\"},\"datePublished\":\"2025-07-17T11:09:42+00:00\",\"dateModified\":\"2025-09-12T12:23:03+00:00\",\"breadcrumb\":{\"@id\":\"https:\\\/\\\/kemmen.com\\\/pt-pt\\\/politica-de-cookies\\\/#breadcrumb\"},\"inLanguage\":\"pt-PT\",\"potentialAction\":[{\"@type\":\"ReadAction\",\"target\":[\"https:\\\/\\\/kemmen.com\\\/pt-pt\\\/politica-de-cookies\\\/\"]}]},{\"@type\":\"BreadcrumbList\",\"@id\":\"https:\\\/\\\/kemmen.com\\\/pt-pt\\\/politica-de-cookies\\\/#breadcrumb\",\"itemListElement\":[{\"@type\":\"ListItem\",\"position\":1,\"name\":\"Portada\",\"item\":\"https:\\\/\\\/kemmen.com\\\/pt-pt\\\/\"},{\"@type\":\"ListItem\",\"position\":2,\"name\":\"Pol\u00edtica de cookies\"}]},{\"@type\":\"WebSite\",\"@id\":\"https:\\\/\\\/kemmen.com\\\/pt-pt\\\/#website\",\"url\":\"https:\\\/\\\/kemmen.com\\\/pt-pt\\\/\",\"name\":\"Kemmen\",\"description\":\"\",\"potentialAction\":[{\"@type\":\"SearchAction\",\"target\":{\"@type\":\"EntryPoint\",\"urlTemplate\":\"https:\\\/\\\/kemmen.com\\\/pt-pt\\\/?s={search_term_string}\"},\"query-input\":{\"@type\":\"PropertyValueSpecification\",\"valueRequired\":true,\"valueName\":\"search_term_string\"}}],\"inLanguage\":\"pt-PT\"}]}<\/script>\n<!-- \/ Yoast SEO plugin. -->","yoast_head_json":{"title":"Pol\u00edtica de cookies - Kemmen","robots":{"index":"index","follow":"follow","max-snippet":"max-snippet:-1","max-image-preview":"max-image-preview:large","max-video-preview":"max-video-preview:-1"},"canonical":"https:\/\/kemmen.com\/pt-pt\/politica-de-cookies\/","og_locale":"pt_PT","og_type":"article","og_title":"Pol\u00edtica de cookies - Kemmen","og_description":"Pol\u00edtica de cookies \u00bfQu\u00e9 son las cookies? Una cookie es un fichero que se descarga en su ordenador al acceder a determinadas p\u00e1ginas web. las cookies permiten a una p\u00e1gina web, entre ostras cosas, almacenar y recuperar informaci\u00f3n sobre los h\u00e1bitos de navegaci\u00f3n de un usuario o de su equipo y, dependiendo de la informaci\u00f3n [&hellip;]","og_url":"https:\/\/kemmen.com\/pt-pt\/politica-de-cookies\/","og_site_name":"Kemmen","article_modified_time":"2025-09-12T12:23:03+00:00","twitter_card":"summary_large_image","twitter_misc":{"Tempo estimado de leitura":"8 minutos"},"schema":{"@context":"https:\/\/schema.org","@graph":[{"@type":"WebPage","@id":"https:\/\/kemmen.com\/pt-pt\/politica-de-cookies\/","url":"https:\/\/kemmen.com\/pt-pt\/politica-de-cookies\/","name":"Pol\u00edtica de cookies - Kemmen","isPartOf":{"@id":"https:\/\/kemmen.com\/pt-pt\/#website"},"datePublished":"2025-07-17T11:09:42+00:00","dateModified":"2025-09-12T12:23:03+00:00","breadcrumb":{"@id":"https:\/\/kemmen.com\/pt-pt\/politica-de-cookies\/#breadcrumb"},"inLanguage":"pt-PT","potentialAction":[{"@type":"ReadAction","target":["https:\/\/kemmen.com\/pt-pt\/politica-de-cookies\/"]}]},{"@type":"BreadcrumbList","@id":"https:\/\/kemmen.com\/pt-pt\/politica-de-cookies\/#breadcrumb","itemListElement":[{"@type":"ListItem","position":1,"name":"Portada","item":"https:\/\/kemmen.com\/pt-pt\/"},{"@type":"ListItem","position":2,"name":"Pol\u00edtica de cookies"}]},{"@type":"WebSite","@id":"https:\/\/kemmen.com\/pt-pt\/#website","url":"https:\/\/kemmen.com\/pt-pt\/","name":"Kemmen","description":"","potentialAction":[{"@type":"SearchAction","target":{"@type":"EntryPoint","urlTemplate":"https:\/\/kemmen.com\/pt-pt\/?s={search_term_string}"},"query-input":{"@type":"PropertyValueSpecification","valueRequired":true,"valueName":"search_term_string"}}],"inLanguage":"pt-PT"}]}},"_links":{"self":[{"href":"https:\/\/kemmen.com\/pt-pt\/wp-json\/wp\/v2\/pages\/1752","targetHints":{"allow":["GET"]}}],"collection":[{"href":"https:\/\/kemmen.com\/pt-pt\/wp-json\/wp\/v2\/pages"}],"about":[{"href":"https:\/\/kemmen.com\/pt-pt\/wp-json\/wp\/v2\/types\/page"}],"author":[{"embeddable":true,"href":"https:\/\/kemmen.com\/pt-pt\/wp-json\/wp\/v2\/users\/2"}],"replies":[{"embeddable":true,"href":"https:\/\/kemmen.com\/pt-pt\/wp-json\/wp\/v2\/comments?post=1752"}],"version-history":[{"count":1,"href":"https:\/\/kemmen.com\/pt-pt\/wp-json\/wp\/v2\/pages\/1752\/revisions"}],"predecessor-version":[{"id":1753,"href":"https:\/\/kemmen.com\/pt-pt\/wp-json\/wp\/v2\/pages\/1752\/revisions\/1753"}],"wp:attachment":[{"href":"https:\/\/kemmen.com\/pt-pt\/wp-json\/wp\/v2\/media?parent=1752"}],"curies":[{"name":"wp","href":"https:\/\/api.w.org\/{rel}","templated":true}]}}