{"id":1754,"date":"2025-07-17T13:10:08","date_gmt":"2025-07-17T11:10:08","guid":{"rendered":"https:\/\/kemmen.com\/?page_id=1754"},"modified":"2025-09-12T14:25:37","modified_gmt":"2025-09-12T12:25:37","slug":"politica-de-privacidade","status":"publish","type":"page","link":"https:\/\/kemmen.com\/pt-pt\/politica-de-privacidade\/","title":{"rendered":"Pol\u00edtica de privacidade"},"content":{"rendered":"<p>[et_pb_section fb_built=&#8221;1&#8243; _builder_version=&#8221;4.27.4&#8243; _module_preset=&#8221;default&#8221; background_color=&#8221;#353535&#8243; custom_padding=&#8221;160px||||false|false&#8221; locked=&#8221;off&#8221; global_colors_info=&#8221;{}&#8221;][et_pb_row _builder_version=&#8221;4.27.4&#8243; _module_preset=&#8221;default&#8221; max_width=&#8221;1600px&#8221; animation_style=&#8221;fade&#8221; global_colors_info=&#8221;{}&#8221;][et_pb_column type=&#8221;4_4&#8243; _builder_version=&#8221;4.27.4&#8243; _module_preset=&#8221;default&#8221; global_colors_info=&#8221;{}&#8221;][et_pb_text _builder_version=&#8221;4.27.4&#8243; _module_preset=&#8221;default&#8221; header_font=&#8221;Open Sans|700|||||||&#8221; header_text_color=&#8221;#FFFFFF&#8221; header_font_size=&#8221;50px&#8221; global_colors_info=&#8221;{}&#8221;]<\/p>\n<p>Pol\u00edtica de privacidade<\/p>\n<p>[\/et_pb_text][\/et_pb_column][\/et_pb_row][\/et_pb_section]<\/p>\n<p>[et_pb_section fb_built=&#8221;1&#8243; _builder_version=&#8221;4.27.4&#8243; _module_preset=&#8221;default&#8221; locked=&#8221;off&#8221; global_colors_info=&#8221;{}&#8221;][et_pb_row _builder_version=&#8221;4.27.4&#8243; _module_preset=&#8221;default&#8221; max_width=&#8221;1600px&#8221; animation_style=&#8221;fade&#8221; global_colors_info=&#8221;{}&#8221;][et_pb_column type=&#8221;4_4&#8243; _builder_version=&#8221;4.27.4&#8243; _module_preset=&#8221;default&#8221; global_colors_info=&#8221;{}&#8221;][et_pb_text _builder_version=&#8221;4.27.4&#8243; _module_preset=&#8221;default&#8221; text_font=&#8221;Open Sans||||||||&#8221; text_text_color=&#8221;#353535&#8243; text_font_size=&#8221;16px&#8221; link_text_color=&#8221;gcid-c94150fc-98ff-4d53-88a6-80ae99fedee0&#8243; hover_enabled=&#8221;0&#8243; global_colors_info=&#8221;{%22gcid-c94150fc-98ff-4d53-88a6-80ae99fedee0%22:%91%22link_text_color%22%93}&#8221; link_font=&#8221;||||on|||gcid-c94150fc-98ff-4d53-88a6-80ae99fedee0|&#8221; sticky_enabled=&#8221;0&#8243;]<\/p>\n<p>RESPONS\u00c1VEL<\/p>\n<p>Raz\u00e3o social: TPE KEMMEN S.L.<\/p>\n<p>NIF: B95349817<\/p>\n<p>Domic\u00edlio: P.I. UGALDEGUREN I, Parc. 4 Pab. 21 &#8211; 48170 Zamudio (Bizkaia)<\/p>\n<p>Telefone: 94 426 23 23<\/p>\n<p>Correio eletr\u00f3nico: igor@kemmen.com<\/p>\n<ol start=\"2\">\n<li>FINALIDADE<\/li>\n<\/ol>\n<p>Na TPE KEMMEN S.L. trataremos a sua informa\u00e7\u00e3o para:<\/p>\n<ul>\n<li>Manuten\u00e7\u00e3o da rela\u00e7\u00e3o comercial e presta\u00e7\u00e3o do servi\u00e7o contratado.<\/li>\n<li>Elabora\u00e7\u00e3o de um or\u00e7amento ajustado \u00e0s suas necessidades.<\/li>\n<li>Gerir comunica\u00e7\u00f5es por correio eletr\u00f3nico com interessados.<\/li>\n<\/ul>\n<p>Durante quanto tempo teremos os seus dados?<\/p>\n<p>Os dados pessoais que nos fornecer ser\u00e3o conservados enquanto se mantiver a rela\u00e7\u00e3o comercial em vigor. No entanto, para termos a m\u00e1xima transpar\u00eancia consigo, indicamos-lhe que os prazos gerais com os quais trabalhamos s\u00e3o:<\/p>\n<ol>\n<li>Legitimidade<\/li>\n<\/ol>\n<p>Qual \u00e9 a legitimidade para o tratamento dos seus dados?<\/p>\n<p>De acordo com as finalidades da recolha dos nossos dados, o tratamento dos seus dados \u00e9 necess\u00e1rio para:<\/p>\n<ul>\n<li>Gerir a rela\u00e7\u00e3o comercial que subscreveu e contratou connosco.<br \/>\nExecu\u00e7\u00e3o de um contrato (habilitado pelo artigo 6.1.b RGPD)<\/li>\n<li>Consentimento do titular dos dados (habilitado pelo artigo 6.1.a RGPD)<\/li>\n<li>Elabora\u00e7\u00e3o de um or\u00e7amento ajustado \u00e0s suas necessidades.<br \/>\nConsentimento do titular dos dados (habilitado pelo artigo 6.1.a RGPD)<\/li>\n<li>Gerir comunica\u00e7\u00f5es por correio eletr\u00f3nico com interessados.<br \/>\nConsentimento do titular dos dados (habilitado pelo artigo 6.1.a RGPD)<\/li>\n<li>Interesse leg\u00edtimo (habilitado pelo artigo 6.1.f RGPD)<\/li>\n<\/ul>\n<ol>\n<li>Direitos que assistem \u00e0s pessoas titulares dos dados<\/li>\n<\/ol>\n<p>Que direitos tenho em mat\u00e9ria de prote\u00e7\u00e3o de dados?<\/p>\n<p>Pode exercer qualquer um dos seguintes direitos comunicando-nos por correio postal para a morada Erreka Basterrak, 13 &#8211; 48970 Basauri (Bizkaia) ou para o endere\u00e7o eletr\u00f3nico indicado no cabe\u00e7alho (igor@kemmen.com). Em qualquer caso, segundo a normativa em vigor, tem reconhecido o:<\/p>\n<ul>\n<li>Direito a solicitar o acesso aos dados pessoais relativos ao titular.<\/li>\n<li>Direito a solicitar a sua retifica\u00e7\u00e3o ou elimina\u00e7\u00e3o.<\/li>\n<li>Direito a solicitar a limita\u00e7\u00e3o do tratamento.<\/li>\n<li>Direito a opor-se ao tratamento.<\/li>\n<li>Direito \u00e0 portabilidade.<\/li>\n<\/ul>\n<p>Adicionalmente, pode apresentar uma reclama\u00e7\u00e3o junto da Ag\u00eancia Espanhola de Prote\u00e7\u00e3o de Dados (AEPD). Mais informa\u00e7\u00e3o na Sec\u00e7\u00e3o VII do presente documento.<\/p>\n<ol start=\"3\">\n<li>Destinat\u00e1rios<\/li>\n<\/ol>\n<p>A que destinat\u00e1rios ser\u00e3o comunicados os seus dados?<\/p>\n<p>Os seus dados n\u00e3o ser\u00e3o comunicados a empresas terceiras. Da mesma forma, informamos que os seus dados n\u00e3o ser\u00e3o transferidos internacionalmente para nenhum pa\u00eds terceiro.<\/p>\n<ol start=\"4\">\n<li>Proced\u00eancia dos seus dados<\/li>\n<\/ol>\n<p>Como obtivemos os seus dados?<\/p>\n<p>Os dados de car\u00e1ter pessoal que utiliza a TPE KEMMEN S.L. prov\u00eam do pr\u00f3prio titular.<\/p>\n<p>Que categorias de dados tratamos?<\/p>\n<p>As categorias de dados de car\u00e1ter pessoal que se tratam s\u00e3o:<\/p>\n<ul>\n<li>Dados de identifica\u00e7\u00e3o:<\/li>\n<li>Empresa<\/li>\n<li>Nome e apelidos<\/li>\n<li>Endere\u00e7os eletr\u00f3nicos, telefones de contacto<\/li>\n<li>Informa\u00e7\u00e3o comercial<\/li>\n<\/ul>\n<ol>\n<li>Autoridade de controlo<\/li>\n<\/ol>\n<p>Na TPE KEMMEN S.L. colocamos o m\u00e1ximo empenho em cumprir com a normativa de prote\u00e7\u00e3o de dados dado que \u00e9 o ativo mais valioso para n\u00f3s. No entanto, informamos que, caso entenda que os seus direitos foram prejudicados, pode apresentar uma reclama\u00e7\u00e3o junto da Ag\u00eancia Espanhola de Prote\u00e7\u00e3o de Dados (AEPD), sita em C\/Jorge Juan, 6. 28001 &#8211; Madrid. Mais informa\u00e7\u00e3o sobre a AEPD (http:\/\/www.agpd.es\/).<\/p>\n<p>[\/et_pb_text][\/et_pb_column][\/et_pb_row][\/et_pb_section]<\/p>\n","protected":false},"excerpt":{"rendered":"<p>Pol\u00edtica de privacidade RESPONS\u00c1VEL Raz\u00e3o social: TPE KEMMEN S.L. NIF: B95349817 Domic\u00edlio: P.I. UGALDEGUREN I, Parc. 4 Pab. 21 &#8211; 48170 Zamudio (Bizkaia) Telefone: 94 426 23 23 Correio eletr\u00f3nico: igor@kemmen.com FINALIDADE Na TPE KEMMEN S.L. trataremos a sua informa\u00e7\u00e3o para: Manuten\u00e7\u00e3o da rela\u00e7\u00e3o comercial e presta\u00e7\u00e3o do servi\u00e7o contratado. Elabora\u00e7\u00e3o de um or\u00e7amento ajustado [&hellip;]<\/p>\n","protected":false},"author":2,"featured_media":0,"parent":0,"menu_order":0,"comment_status":"closed","ping_status":"closed","template":"","meta":{"_et_pb_use_builder":"on","_et_pb_old_content":"","_et_gb_content_width":"","footnotes":""},"class_list":["post-1754","page","type-page","status-publish","hentry"],"yoast_head":"<!-- This site is optimized with the Yoast SEO plugin v27.4 - https:\/\/yoast.com\/product\/yoast-seo-wordpress\/ -->\n<title>Pol\u00edtica de privacidade - Kemmen<\/title>\n<meta name=\"robots\" content=\"index, follow, max-snippet:-1, max-image-preview:large, max-video-preview:-1\" \/>\n<link rel=\"canonical\" href=\"https:\/\/kemmen.com\/pt-pt\/politica-de-privacidade\/\" \/>\n<meta property=\"og:locale\" content=\"pt_PT\" \/>\n<meta property=\"og:type\" content=\"article\" \/>\n<meta property=\"og:title\" content=\"Pol\u00edtica de privacidade - Kemmen\" \/>\n<meta property=\"og:description\" content=\"Pol\u00edtica de privacidade RESPONS\u00c1VEL Raz\u00e3o social: TPE KEMMEN S.L. NIF: B95349817 Domic\u00edlio: P.I. UGALDEGUREN I, Parc. 4 Pab. 21 - 48170 Zamudio (Bizkaia) Telefone: 94 426 23 23 Correio eletr\u00f3nico: igor@kemmen.com FINALIDADE Na TPE KEMMEN S.L. trataremos a sua informa\u00e7\u00e3o para: Manuten\u00e7\u00e3o da rela\u00e7\u00e3o comercial e presta\u00e7\u00e3o do servi\u00e7o contratado. Elabora\u00e7\u00e3o de um or\u00e7amento ajustado [&hellip;]\" \/>\n<meta property=\"og:url\" content=\"https:\/\/kemmen.com\/pt-pt\/politica-de-privacidade\/\" \/>\n<meta property=\"og:site_name\" content=\"Kemmen\" \/>\n<meta property=\"article:modified_time\" content=\"2025-09-12T12:25:37+00:00\" \/>\n<meta name=\"twitter:card\" content=\"summary_large_image\" \/>\n<meta name=\"twitter:label1\" content=\"Tempo estimado de leitura\" \/>\n\t<meta name=\"twitter:data1\" content=\"3 minutos\" \/>\n<script type=\"application\/ld+json\" class=\"yoast-schema-graph\">{\"@context\":\"https:\\\/\\\/schema.org\",\"@graph\":[{\"@type\":\"WebPage\",\"@id\":\"https:\\\/\\\/kemmen.com\\\/pt-pt\\\/politica-de-privacidade\\\/\",\"url\":\"https:\\\/\\\/kemmen.com\\\/pt-pt\\\/politica-de-privacidade\\\/\",\"name\":\"Pol\u00edtica de privacidade - Kemmen\",\"isPartOf\":{\"@id\":\"https:\\\/\\\/kemmen.com\\\/pt-pt\\\/#website\"},\"datePublished\":\"2025-07-17T11:10:08+00:00\",\"dateModified\":\"2025-09-12T12:25:37+00:00\",\"breadcrumb\":{\"@id\":\"https:\\\/\\\/kemmen.com\\\/pt-pt\\\/politica-de-privacidade\\\/#breadcrumb\"},\"inLanguage\":\"pt-PT\",\"potentialAction\":[{\"@type\":\"ReadAction\",\"target\":[\"https:\\\/\\\/kemmen.com\\\/pt-pt\\\/politica-de-privacidade\\\/\"]}]},{\"@type\":\"BreadcrumbList\",\"@id\":\"https:\\\/\\\/kemmen.com\\\/pt-pt\\\/politica-de-privacidade\\\/#breadcrumb\",\"itemListElement\":[{\"@type\":\"ListItem\",\"position\":1,\"name\":\"Portada\",\"item\":\"https:\\\/\\\/kemmen.com\\\/pt-pt\\\/\"},{\"@type\":\"ListItem\",\"position\":2,\"name\":\"Pol\u00edtica de privacidade\"}]},{\"@type\":\"WebSite\",\"@id\":\"https:\\\/\\\/kemmen.com\\\/pt-pt\\\/#website\",\"url\":\"https:\\\/\\\/kemmen.com\\\/pt-pt\\\/\",\"name\":\"Kemmen\",\"description\":\"\",\"potentialAction\":[{\"@type\":\"SearchAction\",\"target\":{\"@type\":\"EntryPoint\",\"urlTemplate\":\"https:\\\/\\\/kemmen.com\\\/pt-pt\\\/?s={search_term_string}\"},\"query-input\":{\"@type\":\"PropertyValueSpecification\",\"valueRequired\":true,\"valueName\":\"search_term_string\"}}],\"inLanguage\":\"pt-PT\"}]}<\/script>\n<!-- \/ Yoast SEO plugin. -->","yoast_head_json":{"title":"Pol\u00edtica de privacidade - Kemmen","robots":{"index":"index","follow":"follow","max-snippet":"max-snippet:-1","max-image-preview":"max-image-preview:large","max-video-preview":"max-video-preview:-1"},"canonical":"https:\/\/kemmen.com\/pt-pt\/politica-de-privacidade\/","og_locale":"pt_PT","og_type":"article","og_title":"Pol\u00edtica de privacidade - Kemmen","og_description":"Pol\u00edtica de privacidade RESPONS\u00c1VEL Raz\u00e3o social: TPE KEMMEN S.L. NIF: B95349817 Domic\u00edlio: P.I. UGALDEGUREN I, Parc. 4 Pab. 21 - 48170 Zamudio (Bizkaia) Telefone: 94 426 23 23 Correio eletr\u00f3nico: igor@kemmen.com FINALIDADE Na TPE KEMMEN S.L. trataremos a sua informa\u00e7\u00e3o para: Manuten\u00e7\u00e3o da rela\u00e7\u00e3o comercial e presta\u00e7\u00e3o do servi\u00e7o contratado. Elabora\u00e7\u00e3o de um or\u00e7amento ajustado [&hellip;]","og_url":"https:\/\/kemmen.com\/pt-pt\/politica-de-privacidade\/","og_site_name":"Kemmen","article_modified_time":"2025-09-12T12:25:37+00:00","twitter_card":"summary_large_image","twitter_misc":{"Tempo estimado de leitura":"3 minutos"},"schema":{"@context":"https:\/\/schema.org","@graph":[{"@type":"WebPage","@id":"https:\/\/kemmen.com\/pt-pt\/politica-de-privacidade\/","url":"https:\/\/kemmen.com\/pt-pt\/politica-de-privacidade\/","name":"Pol\u00edtica de privacidade - Kemmen","isPartOf":{"@id":"https:\/\/kemmen.com\/pt-pt\/#website"},"datePublished":"2025-07-17T11:10:08+00:00","dateModified":"2025-09-12T12:25:37+00:00","breadcrumb":{"@id":"https:\/\/kemmen.com\/pt-pt\/politica-de-privacidade\/#breadcrumb"},"inLanguage":"pt-PT","potentialAction":[{"@type":"ReadAction","target":["https:\/\/kemmen.com\/pt-pt\/politica-de-privacidade\/"]}]},{"@type":"BreadcrumbList","@id":"https:\/\/kemmen.com\/pt-pt\/politica-de-privacidade\/#breadcrumb","itemListElement":[{"@type":"ListItem","position":1,"name":"Portada","item":"https:\/\/kemmen.com\/pt-pt\/"},{"@type":"ListItem","position":2,"name":"Pol\u00edtica de privacidade"}]},{"@type":"WebSite","@id":"https:\/\/kemmen.com\/pt-pt\/#website","url":"https:\/\/kemmen.com\/pt-pt\/","name":"Kemmen","description":"","potentialAction":[{"@type":"SearchAction","target":{"@type":"EntryPoint","urlTemplate":"https:\/\/kemmen.com\/pt-pt\/?s={search_term_string}"},"query-input":{"@type":"PropertyValueSpecification","valueRequired":true,"valueName":"search_term_string"}}],"inLanguage":"pt-PT"}]}},"_links":{"self":[{"href":"https:\/\/kemmen.com\/pt-pt\/wp-json\/wp\/v2\/pages\/1754","targetHints":{"allow":["GET"]}}],"collection":[{"href":"https:\/\/kemmen.com\/pt-pt\/wp-json\/wp\/v2\/pages"}],"about":[{"href":"https:\/\/kemmen.com\/pt-pt\/wp-json\/wp\/v2\/types\/page"}],"author":[{"embeddable":true,"href":"https:\/\/kemmen.com\/pt-pt\/wp-json\/wp\/v2\/users\/2"}],"replies":[{"embeddable":true,"href":"https:\/\/kemmen.com\/pt-pt\/wp-json\/wp\/v2\/comments?post=1754"}],"version-history":[{"count":2,"href":"https:\/\/kemmen.com\/pt-pt\/wp-json\/wp\/v2\/pages\/1754\/revisions"}],"predecessor-version":[{"id":1756,"href":"https:\/\/kemmen.com\/pt-pt\/wp-json\/wp\/v2\/pages\/1754\/revisions\/1756"}],"wp:attachment":[{"href":"https:\/\/kemmen.com\/pt-pt\/wp-json\/wp\/v2\/media?parent=1754"}],"curies":[{"name":"wp","href":"https:\/\/api.w.org\/{rel}","templated":true}]}}