{"id":1757,"date":"2025-07-17T13:09:37","date_gmt":"2025-07-17T11:09:37","guid":{"rendered":"https:\/\/kemmen.com\/mapa-web-2\/"},"modified":"2025-09-15T13:45:43","modified_gmt":"2025-09-15T11:45:43","slug":"mapa-web","status":"publish","type":"page","link":"https:\/\/kemmen.com\/pt-pt\/mapa-web\/","title":{"rendered":"Mapa Web"},"content":{"rendered":"<p>[et_pb_section fb_built=&#8221;1&#8243; _builder_version=&#8221;4.27.4&#8243; _module_preset=&#8221;default&#8221; background_color=&#8221;#353535&#8243; custom_padding=&#8221;160px||||false|false&#8221; locked=&#8221;off&#8221; global_colors_info=&#8221;{}&#8221;][et_pb_row _builder_version=&#8221;4.27.4&#8243; _module_preset=&#8221;default&#8221; max_width=&#8221;1600px&#8221; animation_style=&#8221;fade&#8221; global_colors_info=&#8221;{}&#8221;][et_pb_column type=&#8221;4_4&#8243; _builder_version=&#8221;4.27.4&#8243; _module_preset=&#8221;default&#8221; global_colors_info=&#8221;{}&#8221;][et_pb_text _builder_version=&#8221;4.27.4&#8243; _module_preset=&#8221;default&#8221; header_font=&#8221;Open Sans|700|||||||&#8221; header_text_color=&#8221;#FFFFFF&#8221; header_font_size=&#8221;50px&#8221; global_colors_info=&#8221;{}&#8221;]<\/p>\n<h1>Mapa web<\/h1>\n<p>[\/et_pb_text][\/et_pb_column][\/et_pb_row][\/et_pb_section][et_pb_section fb_built=&#8221;1&#8243; _builder_version=&#8221;4.27.4&#8243; _module_preset=&#8221;default&#8221; locked=&#8221;off&#8221; global_colors_info=&#8221;{}&#8221;][et_pb_row _builder_version=&#8221;4.27.4&#8243; _module_preset=&#8221;default&#8221; max_width=&#8221;1600px&#8221; animation_style=&#8221;fade&#8221; global_colors_info=&#8221;{}&#8221;][et_pb_column type=&#8221;4_4&#8243; _builder_version=&#8221;4.27.4&#8243; _module_preset=&#8221;default&#8221; global_colors_info=&#8221;{}&#8221;][et_pb_text _builder_version=&#8221;4.27.4&#8243; _module_preset=&#8221;default&#8221; text_font=&#8221;Open Sans||||||||&#8221; text_text_color=&#8221;#353535&#8243; text_font_size=&#8221;16px&#8221; link_text_color=&#8221;gcid-c94150fc-98ff-4d53-88a6-80ae99fedee0&#8243; hover_enabled=&#8221;0&#8243; global_colors_info=&#8221;{%22gcid-c94150fc-98ff-4d53-88a6-80ae99fedee0%22:%91%22link_text_color%22%93}&#8221; link_font=&#8221;||||on||||&#8221; sticky_enabled=&#8221;0&#8243;]<\/p>\n<ul>\n<li><a href=\"https:\/\/kemmen.com\/pt-pt\/\">Home<\/a><\/li>\n<li><a href=\"https:\/\/kemmen.com\/pt-pt\/empresa\/\">A Empresa<\/a>\n<ul>\n<li><a href=\"https:\/\/kemmen.com\/donghua\/\">Distribuidores oficiais de Donghua<\/a><\/li>\n<li><a href=\"https:\/\/kemmen.com\/pt-pt\/bw-topas-2\/\">Distribuidores oficiais da BW Topas<\/a><\/li>\n<li><a href=\"https:\/\/kemmen.com\/pt-pt\/epr-2\/\">Distribuidores oficiais da EPR<\/a><\/li>\n<li><a href=\"https:\/\/kemmen.com\/pt-pt\/gkn-gwb-2\/\">Distribuidores de GKN-GWB<\/a><\/li>\n<li><a href=\"https:\/\/kemmen.com\/?page_id=76\">Distribuidores de Trygonal<\/a><\/li>\n<li><a href=\"https:\/\/kemmen.com\/brugarolas\/\">Distribuidores de Brugarolas<\/a><\/li>\n<li><a href=\"https:\/\/kemmen.com\/pt-pt\/ina-fag\/\">Distribuidores de Fag-ina<\/a><\/li>\n<\/ul>\n<\/li>\n<li>Correntes\n<ul>\n<li><a href=\"https:\/\/kemmen.com\/cadenas-de-transmision\/\">Correntes de transmiss\u00e3o<\/a><\/li>\n<li><a href=\"https:\/\/kemmen.com\/cadenas-transportadoras\/\">Correntes transportadoras<\/a><\/li>\n<li><a href=\"https:\/\/kemmen.com\/cadenas-de-aplicacion\/\">Correntes para aplica\u00e7\u00f5es especiais<\/a><\/li>\n<li><a href=\"https:\/\/kemmen.com\/cadenas-de-elevacion\/\">Correntes de eleva\u00e7\u00e3o<\/a><\/li>\n<li><a href=\"https:\/\/kemmen.com\/cadenas-agricolas\/\">Correntes agr\u00edcolas<\/a><\/li>\n<li><a href=\"https:\/\/kemmen.com\/pt-pt\/elementos-de-transmissao\/\">Elementos de transmiss\u00e3o<\/a><\/li>\n<li><a href=\"https:\/\/kemmen.com\/pt-pt\/acessorios-para-correntes\/\">Acess\u00f3rios para correntes<\/a><\/li>\n<li><a href=\"https:\/\/kemmen.com\/cadenas-kemm\/\">Cadenas KEM<\/a><\/li>\n<\/ul>\n<\/li>\n<li>Cardan e acoplamentos\n<ul>\n<li><a href=\"https:\/\/kemmen.com\/pt-pt\/transmissoes-cardan\/\">Transmiss\u00f5es cardans<\/a><\/li>\n<li><a href=\"https:\/\/kemmen.com\/acoplamientos-dentados-y-flexibles\/\">Acoplamentos dentados e flex\u00edveis<\/a><\/li>\n<\/ul>\n<\/li>\n<li>Outros productos\n<ul>\n<li><a href=\"https:\/\/kemmen.com\/pt-pt\/correias-de-metal\/\">Correias de metal<\/a><\/li>\n<li><a href=\"https:\/\/kemmen.com\/pt-pt\/rolos-industriais\/\">Rolos industriais<\/a><\/li>\n<li><a href=\"https:\/\/kemmen.com\/pt-pt\/elementos-de-transmissao-e-estanqueidade\/\">Elementos de transmiss\u00e3o e estanqueidade<\/a><\/li>\n<li><a href=\"https:\/\/kemmen.com\/pt-pt\/alta-temperatura-2\/\">Alta Temperatura<\/a><\/li>\n<\/ul>\n<\/li>\n<li><a href=\"https:\/\/kemmen.com\/pt-pt\/blogue\/\">Blog<\/a><\/li>\n<li><a href=\"https:\/\/kemmen.com\/pt-pt\/contacto-2\/\">Contacto<\/a><\/li>\n<\/ul>\n<p>[\/et_pb_text][\/et_pb_column][\/et_pb_row][\/et_pb_section]<\/p>\n","protected":false},"excerpt":{"rendered":"<p>Mapa web Home A Empresa Distribuidores oficiais de Donghua Distribuidores oficiais da BW Topas Distribuidores oficiais da EPR Distribuidores de GKN-GWB Distribuidores de Trygonal Distribuidores de Brugarolas Distribuidores de Fag-ina Correntes Correntes de transmiss\u00e3o Correntes transportadoras Correntes para aplica\u00e7\u00f5es especiais Correntes de eleva\u00e7\u00e3o Correntes agr\u00edcolas Elementos de transmiss\u00e3o Acess\u00f3rios para correntes Cadenas KEM Cardan e [&hellip;]<\/p>\n","protected":false},"author":2,"featured_media":0,"parent":0,"menu_order":0,"comment_status":"closed","ping_status":"closed","template":"","meta":{"_et_pb_use_builder":"on","_et_pb_old_content":"","_et_gb_content_width":"","footnotes":""},"class_list":["post-1757","page","type-page","status-publish","hentry"],"yoast_head":"<!-- This site is optimized with the Yoast SEO plugin v27.4 - https:\/\/yoast.com\/product\/yoast-seo-wordpress\/ -->\n<title>Mapa Web - Kemmen<\/title>\n<meta name=\"robots\" content=\"index, follow, max-snippet:-1, max-image-preview:large, max-video-preview:-1\" \/>\n<link rel=\"canonical\" href=\"https:\/\/kemmen.com\/pt-pt\/mapa-web\/\" \/>\n<meta property=\"og:locale\" content=\"pt_PT\" \/>\n<meta property=\"og:type\" content=\"article\" \/>\n<meta property=\"og:title\" content=\"Mapa Web - Kemmen\" \/>\n<meta property=\"og:description\" content=\"Mapa web Home A Empresa Distribuidores oficiais de Donghua Distribuidores oficiais da BW Topas Distribuidores oficiais da EPR Distribuidores de GKN-GWB Distribuidores de Trygonal Distribuidores de Brugarolas Distribuidores de Fag-ina Correntes Correntes de transmiss\u00e3o Correntes transportadoras Correntes para aplica\u00e7\u00f5es especiais Correntes de eleva\u00e7\u00e3o Correntes agr\u00edcolas Elementos de transmiss\u00e3o Acess\u00f3rios para correntes Cadenas KEM Cardan e [&hellip;]\" \/>\n<meta property=\"og:url\" content=\"https:\/\/kemmen.com\/pt-pt\/mapa-web\/\" \/>\n<meta property=\"og:site_name\" content=\"Kemmen\" \/>\n<meta property=\"article:modified_time\" content=\"2025-09-15T11:45:43+00:00\" \/>\n<meta name=\"twitter:card\" content=\"summary_large_image\" \/>\n<meta name=\"twitter:label1\" content=\"Tempo estimado de leitura\" \/>\n\t<meta name=\"twitter:data1\" content=\"1 minuto\" \/>\n<script type=\"application\/ld+json\" class=\"yoast-schema-graph\">{\"@context\":\"https:\\\/\\\/schema.org\",\"@graph\":[{\"@type\":\"WebPage\",\"@id\":\"https:\\\/\\\/kemmen.com\\\/pt-pt\\\/mapa-web\\\/\",\"url\":\"https:\\\/\\\/kemmen.com\\\/pt-pt\\\/mapa-web\\\/\",\"name\":\"Mapa Web - Kemmen\",\"isPartOf\":{\"@id\":\"https:\\\/\\\/kemmen.com\\\/pt-pt\\\/#website\"},\"datePublished\":\"2025-07-17T11:09:37+00:00\",\"dateModified\":\"2025-09-15T11:45:43+00:00\",\"breadcrumb\":{\"@id\":\"https:\\\/\\\/kemmen.com\\\/pt-pt\\\/mapa-web\\\/#breadcrumb\"},\"inLanguage\":\"pt-PT\",\"potentialAction\":[{\"@type\":\"ReadAction\",\"target\":[\"https:\\\/\\\/kemmen.com\\\/pt-pt\\\/mapa-web\\\/\"]}]},{\"@type\":\"BreadcrumbList\",\"@id\":\"https:\\\/\\\/kemmen.com\\\/pt-pt\\\/mapa-web\\\/#breadcrumb\",\"itemListElement\":[{\"@type\":\"ListItem\",\"position\":1,\"name\":\"Portada\",\"item\":\"https:\\\/\\\/kemmen.com\\\/pt-pt\\\/\"},{\"@type\":\"ListItem\",\"position\":2,\"name\":\"Mapa Web\"}]},{\"@type\":\"WebSite\",\"@id\":\"https:\\\/\\\/kemmen.com\\\/pt-pt\\\/#website\",\"url\":\"https:\\\/\\\/kemmen.com\\\/pt-pt\\\/\",\"name\":\"Kemmen\",\"description\":\"\",\"potentialAction\":[{\"@type\":\"SearchAction\",\"target\":{\"@type\":\"EntryPoint\",\"urlTemplate\":\"https:\\\/\\\/kemmen.com\\\/pt-pt\\\/?s={search_term_string}\"},\"query-input\":{\"@type\":\"PropertyValueSpecification\",\"valueRequired\":true,\"valueName\":\"search_term_string\"}}],\"inLanguage\":\"pt-PT\"}]}<\/script>\n<!-- \/ Yoast SEO plugin. -->","yoast_head_json":{"title":"Mapa Web - Kemmen","robots":{"index":"index","follow":"follow","max-snippet":"max-snippet:-1","max-image-preview":"max-image-preview:large","max-video-preview":"max-video-preview:-1"},"canonical":"https:\/\/kemmen.com\/pt-pt\/mapa-web\/","og_locale":"pt_PT","og_type":"article","og_title":"Mapa Web - Kemmen","og_description":"Mapa web Home A Empresa Distribuidores oficiais de Donghua Distribuidores oficiais da BW Topas Distribuidores oficiais da EPR Distribuidores de GKN-GWB Distribuidores de Trygonal Distribuidores de Brugarolas Distribuidores de Fag-ina Correntes Correntes de transmiss\u00e3o Correntes transportadoras Correntes para aplica\u00e7\u00f5es especiais Correntes de eleva\u00e7\u00e3o Correntes agr\u00edcolas Elementos de transmiss\u00e3o Acess\u00f3rios para correntes Cadenas KEM Cardan e [&hellip;]","og_url":"https:\/\/kemmen.com\/pt-pt\/mapa-web\/","og_site_name":"Kemmen","article_modified_time":"2025-09-15T11:45:43+00:00","twitter_card":"summary_large_image","twitter_misc":{"Tempo estimado de leitura":"1 minuto"},"schema":{"@context":"https:\/\/schema.org","@graph":[{"@type":"WebPage","@id":"https:\/\/kemmen.com\/pt-pt\/mapa-web\/","url":"https:\/\/kemmen.com\/pt-pt\/mapa-web\/","name":"Mapa Web - Kemmen","isPartOf":{"@id":"https:\/\/kemmen.com\/pt-pt\/#website"},"datePublished":"2025-07-17T11:09:37+00:00","dateModified":"2025-09-15T11:45:43+00:00","breadcrumb":{"@id":"https:\/\/kemmen.com\/pt-pt\/mapa-web\/#breadcrumb"},"inLanguage":"pt-PT","potentialAction":[{"@type":"ReadAction","target":["https:\/\/kemmen.com\/pt-pt\/mapa-web\/"]}]},{"@type":"BreadcrumbList","@id":"https:\/\/kemmen.com\/pt-pt\/mapa-web\/#breadcrumb","itemListElement":[{"@type":"ListItem","position":1,"name":"Portada","item":"https:\/\/kemmen.com\/pt-pt\/"},{"@type":"ListItem","position":2,"name":"Mapa Web"}]},{"@type":"WebSite","@id":"https:\/\/kemmen.com\/pt-pt\/#website","url":"https:\/\/kemmen.com\/pt-pt\/","name":"Kemmen","description":"","potentialAction":[{"@type":"SearchAction","target":{"@type":"EntryPoint","urlTemplate":"https:\/\/kemmen.com\/pt-pt\/?s={search_term_string}"},"query-input":{"@type":"PropertyValueSpecification","valueRequired":true,"valueName":"search_term_string"}}],"inLanguage":"pt-PT"}]}},"_links":{"self":[{"href":"https:\/\/kemmen.com\/pt-pt\/wp-json\/wp\/v2\/pages\/1757","targetHints":{"allow":["GET"]}}],"collection":[{"href":"https:\/\/kemmen.com\/pt-pt\/wp-json\/wp\/v2\/pages"}],"about":[{"href":"https:\/\/kemmen.com\/pt-pt\/wp-json\/wp\/v2\/types\/page"}],"author":[{"embeddable":true,"href":"https:\/\/kemmen.com\/pt-pt\/wp-json\/wp\/v2\/users\/2"}],"replies":[{"embeddable":true,"href":"https:\/\/kemmen.com\/pt-pt\/wp-json\/wp\/v2\/comments?post=1757"}],"version-history":[{"count":20,"href":"https:\/\/kemmen.com\/pt-pt\/wp-json\/wp\/v2\/pages\/1757\/revisions"}],"predecessor-version":[{"id":2081,"href":"https:\/\/kemmen.com\/pt-pt\/wp-json\/wp\/v2\/pages\/1757\/revisions\/2081"}],"wp:attachment":[{"href":"https:\/\/kemmen.com\/pt-pt\/wp-json\/wp\/v2\/media?parent=1757"}],"curies":[{"name":"wp","href":"https:\/\/api.w.org\/{rel}","templated":true}]}}