{"id":1863,"date":"2025-08-04T12:20:49","date_gmt":"2025-08-04T10:20:49","guid":{"rendered":"https:\/\/kemmen.com\/correntes\/"},"modified":"2026-04-21T17:05:22","modified_gmt":"2026-04-21T15:05:22","slug":"correntes","status":"publish","type":"page","link":"https:\/\/kemmen.com\/pt-pt\/correntes\/","title":{"rendered":"Correntes"},"content":{"rendered":"<p>[et_pb_section fb_built=&#8221;1&#8243; _builder_version=&#8221;4.27.4&#8243; _module_preset=&#8221;default&#8221; background_color=&#8221;rgba(0,31,58,0.8)&#8221; background_image=&#8221;https:\/\/kemmen.com\/wp-content\/uploads\/2025\/08\/Fondo_Cadenas_2.jpg&#8221; background_blend=&#8221;multiply&#8221; custom_padding=&#8221;160px||50px||false|false&#8221; locked=&#8221;off&#8221; global_colors_info=&#8221;{%22gcid-c94150fc-98ff-4d53-88a6-80ae99fedee0%22:%91%22background_color%22%93}&#8221;][et_pb_row column_structure=&#8221;3_5,2_5&#8243; _builder_version=&#8221;4.27.4&#8243; _module_preset=&#8221;default&#8221; max_width=&#8221;1600px&#8221; animation_style=&#8221;fade&#8221; global_colors_info=&#8221;{}&#8221;][et_pb_column type=&#8221;3_5&#8243; _builder_version=&#8221;4.27.4&#8243; _module_preset=&#8221;default&#8221; global_colors_info=&#8221;{}&#8221;][et_pb_text _builder_version=&#8221;4.27.4&#8243; _module_preset=&#8221;default&#8221; text_font=&#8221;Open Sans|700||on|||||&#8221; text_text_color=&#8221;#FFFFFF&#8221; text_font_size=&#8221;50px&#8221; header_font=&#8221;Open Sans|700|||||||&#8221; header_text_color=&#8221;#FFFFFF&#8221; header_font_size=&#8221;50px&#8221; custom_margin=&#8221;||27px|||&#8221; hover_enabled=&#8221;0&#8243; text_font_size_tablet=&#8221;50px&#8221; text_font_size_phone=&#8221;40px&#8221; text_font_size_last_edited=&#8221;on|phone&#8221; header_font_size_tablet=&#8221;&#8221; header_font_size_phone=&#8221;30px&#8221; header_font_size_last_edited=&#8221;on|phone&#8221; global_colors_info=&#8221;{}&#8221; sticky_enabled=&#8221;0&#8243;]<\/p>\n<h1>Distribuidores de correntes industriais<\/h1>\n<p>[\/et_pb_text][et_pb_text _builder_version=&#8221;4.27.4&#8243; _module_preset=&#8221;default&#8221; text_text_color=&#8221;#FFFFFF&#8221; hover_enabled=&#8221;0&#8243; sticky_enabled=&#8221;0&#8243; width=&#8221;86%&#8221;]<\/p>\n<p>Na Kemmen, somos distribuidores e fabricantes de correntes industriais para os mais variados setores.<\/p>\n<p>[\/et_pb_text][et_pb_button button_url=&#8221;#formulario-contactar&#8221; button_text=&#8221;Contactar&#8221; _builder_version=&#8221;4.27.4&#8243; _module_preset=&#8221;default&#8221; custom_button=&#8221;on&#8221; button_text_color=&#8221;#FFFFFF&#8221; button_bg_color=&#8221;gcid-c94150fc-98ff-4d53-88a6-80ae99fedee0&#8243; button_border_width=&#8221;0px&#8221; button_border_radius=&#8221;50px&#8221; button_font=&#8221;Lexend|||on|||||&#8221; custom_padding=&#8221;12px|30px|12px|30px|true|true&#8221; global_colors_info=&#8221;{%22gcid-c94150fc-98ff-4d53-88a6-80ae99fedee0%22:%91%22button_bg_color%22%93}&#8221;][\/et_pb_button][\/et_pb_column][et_pb_column type=&#8221;2_5&#8243; _builder_version=&#8221;4.27.4&#8243; _module_preset=&#8221;default&#8221; global_colors_info=&#8221;{}&#8221;][\/et_pb_column][\/et_pb_row][\/et_pb_section][et_pb_section fb_built=&#8221;1&#8243; _builder_version=&#8221;4.27.4&#8243; _module_preset=&#8221;default&#8221; custom_padding=&#8221;104px||104px||true|&#8221; box_shadow_style=&#8221;preset3&#8243; box_shadow_color=&#8221;rgba(0,0,0,0.22)&#8221; locked=&#8221;off&#8221; global_colors_info=&#8221;{}&#8221;][et_pb_row column_structure=&#8221;2_5,3_5&#8243; _builder_version=&#8221;4.27.4&#8243; _module_preset=&#8221;default&#8221; max_width=&#8221;1600px&#8221; global_colors_info=&#8221;{}&#8221;][et_pb_column type=&#8221;2_5&#8243; _builder_version=&#8221;4.27.4&#8243; _module_preset=&#8221;default&#8221; global_colors_info=&#8221;{}&#8221;][et_pb_image src=&#8221;https:\/\/kemmen.com\/wp-content\/uploads\/2025\/08\/Home-2-1.png&#8221; title_text=&#8221;Home 2 (1)&#8221; _builder_version=&#8221;4.27.4&#8243; _module_preset=&#8221;default&#8221; custom_margin=&#8221;31px|||||&#8221; global_colors_info=&#8221;{}&#8221;][\/et_pb_image][\/et_pb_column][et_pb_column type=&#8221;3_5&#8243; _builder_version=&#8221;4.27.4&#8243; _module_preset=&#8221;default&#8221; global_colors_info=&#8221;{}&#8221;][et_pb_text _builder_version=&#8221;4.27.4&#8243; _module_preset=&#8221;default&#8221; text_font=&#8221;Lexend||||||||&#8221; text_text_color=&#8221;gcid-c94150fc-98ff-4d53-88a6-80ae99fedee0&#8243; text_font_size=&#8221;20px&#8221; custom_margin=&#8221;3px||5px|||&#8221; animation_style=&#8221;fade&#8221; locked=&#8221;off&#8221; global_colors_info=&#8221;{%22gcid-c94150fc-98ff-4d53-88a6-80ae99fedee0%22:%91%22text_text_color%22%93}&#8221;]<\/p>\n<p>TPE Kemmen<\/p>\n<p>[\/et_pb_text][et_pb_text _builder_version=&#8221;4.27.4&#8243; _module_preset=&#8221;default&#8221; header_font=&#8221;Open Sans|700||on|||||&#8221; header_text_color=&#8221;gcid-c94150fc-98ff-4d53-88a6-80ae99fedee0&#8243; header_font_size=&#8221;41px&#8221; header_line_height=&#8221;1.5em&#8221; header_2_font=&#8221;Open Sans|700||on|||||&#8221; header_2_text_color=&#8221;gcid-c94150fc-98ff-4d53-88a6-80ae99fedee0&#8243; header_2_font_size=&#8221;41px&#8221; header_2_line_height=&#8221;1.5em&#8221; custom_margin=&#8221;||13px|||&#8221; animation_style=&#8221;fade&#8221; header_font_size_tablet=&#8221;41px&#8221; header_font_size_phone=&#8221;30px&#8221; header_font_size_last_edited=&#8221;on|phone&#8221; header_2_font_size_tablet=&#8221;41px&#8221; header_2_font_size_phone=&#8221;33px&#8221; header_2_font_size_last_edited=&#8221;on|phone&#8221; locked=&#8221;off&#8221; global_colors_info=&#8221;{%22gcid-c94150fc-98ff-4d53-88a6-80ae99fedee0%22:%91%22header_2_text_color%22,%22header_text_color%22%93}&#8221;]<\/p>\n<h2>Distribuidores oficiais de correntes Donghua<\/h2>\n<p>[\/et_pb_text][et_pb_text _builder_version=&#8221;4.27.4&#8243; _module_preset=&#8221;default&#8221; text_font=&#8221;Open Sans||||||||&#8221; text_text_color=&#8221;#353535&#8243; text_font_size=&#8221;16px&#8221; text_line_height=&#8221;1.6em&#8221; animation_style=&#8221;fade&#8221; locked=&#8221;off&#8221; global_colors_info=&#8221;{}&#8221;]<\/p>\n<p>A Donghua Chain consolidou-se como o maior fabricante mundial de correntes industriais, apoiada pelas suas 7 f\u00e1bricas de produ\u00e7\u00e3o e 17 centros de distribui\u00e7\u00e3o que garantem cobertura global e disponibilidade imediata.<\/p>\n<p>Como parceiro oficial da DONGHUA para Espanha e Portugal, na Kemmen oferecemos aconselhamento t\u00e9cnico especializado, pre\u00e7os competitivos e garantia direta do fabricante. Mantemos um stock superior a 10 000 refer\u00eancias dispon\u00edveis no nosso armaz\u00e9m local em Zamudio e no nosso centro log\u00edstico europeu em Alkmaar (Holanda). <\/p>\n<p>[\/et_pb_text][et_pb_button button_url=&#8221;@ET-DC@eyJkeW5hbWljIjp0cnVlLCJjb250ZW50IjoicG9zdF9saW5rX3VybF9wYWdlIiwic2V0dGluZ3MiOnsicG9zdF9pZCI6IjM1MjYiLCJlbmFibGVfaHRtbCI6Im9mZiJ9fQ==@&#8221; button_text=&#8221;Correntes Donghua&#8221; _builder_version=&#8221;4.27.4&#8243; _dynamic_attributes=&#8221;button_url&#8221; _module_preset=&#8221;default&#8221; custom_button=&#8221;on&#8221; button_text_color=&#8221;#FFFFFF&#8221; button_bg_color=&#8221;gcid-c94150fc-98ff-4d53-88a6-80ae99fedee0&#8243; button_border_width=&#8221;0px&#8221; button_border_radius=&#8221;50px&#8221; button_font=&#8221;Lexend|||on|||||&#8221; custom_padding=&#8221;12px|30px|12px|30px|true|true&#8221; locked=&#8221;off&#8221; global_colors_info=&#8221;{%22gcid-c94150fc-98ff-4d53-88a6-80ae99fedee0%22:%91%22button_bg_color%22%93}&#8221;][\/et_pb_button][et_pb_button button_url=&#8221;@ET-DC@eyJkeW5hbWljIjp0cnVlLCJjb250ZW50IjoicG9zdF9saW5rX3VybF9wYWdlIiwic2V0dGluZ3MiOnsicG9zdF9pZCI6IjU4IiwiZW5hYmxlX2h0bWwiOiJvZmYifX0=@&#8221; button_text=&#8221;Distribuidores Donghua&#8221; _builder_version=&#8221;4.27.4&#8243; _dynamic_attributes=&#8221;button_url&#8221; _module_preset=&#8221;default&#8221; custom_button=&#8221;on&#8221; button_text_color=&#8221;#FFFFFF&#8221; button_bg_color=&#8221;gcid-c94150fc-98ff-4d53-88a6-80ae99fedee0&#8243; button_border_width=&#8221;0px&#8221; button_border_radius=&#8221;50px&#8221; button_font=&#8221;Lexend|||on|||||&#8221; custom_padding=&#8221;12px|30px|12px|30px|true|true&#8221; locked=&#8221;off&#8221; global_colors_info=&#8221;{%22gcid-c94150fc-98ff-4d53-88a6-80ae99fedee0%22:%91%22button_bg_color%22%93}&#8221;][\/et_pb_button][\/et_pb_column][\/et_pb_row][\/et_pb_section][et_pb_section fb_built=&#8221;1&#8243; _builder_version=&#8221;4.27.4&#8243; _module_preset=&#8221;default&#8221; background_color=&#8221;#f9f9f9&#8243; background_image=&#8221;https:\/\/kemmen.com\/wp-content\/uploads\/2025\/07\/Fondo_Kemmen_1.jpg&#8221; parallax=&#8221;on&#8221; custom_padding=&#8221;94px||94px|||&#8221; global_colors_info=&#8221;{}&#8221;][et_pb_row column_structure=&#8221;3_5,2_5&#8243; _builder_version=&#8221;4.27.4&#8243; _module_preset=&#8221;default&#8221; max_width=&#8221;1600px&#8221; global_colors_info=&#8221;{}&#8221;][et_pb_column type=&#8221;3_5&#8243; _builder_version=&#8221;4.27.4&#8243; _module_preset=&#8221;default&#8221; global_colors_info=&#8221;{}&#8221;][et_pb_text _builder_version=&#8221;4.27.4&#8243; _module_preset=&#8221;default&#8221; text_font=&#8221;Lexend||||||||&#8221; text_text_color=&#8221;gcid-c94150fc-98ff-4d53-88a6-80ae99fedee0&#8243; text_font_size=&#8221;20px&#8221; custom_margin=&#8221;3px||5px|||&#8221; animation_style=&#8221;fade&#8221; locked=&#8221;off&#8221; global_colors_info=&#8221;{%22gcid-c94150fc-98ff-4d53-88a6-80ae99fedee0%22:%91%22text_text_color%22%93}&#8221;]<\/p>\n<p>Correntes para aplica\u00e7\u00f5es industriais<\/p>\n<p>[\/et_pb_text][et_pb_text _builder_version=&#8221;4.27.4&#8243; _module_preset=&#8221;default&#8221; header_font=&#8221;Open Sans|700||on|||||&#8221; header_text_color=&#8221;gcid-c94150fc-98ff-4d53-88a6-80ae99fedee0&#8243; header_font_size=&#8221;41px&#8221; header_line_height=&#8221;1.5em&#8221; header_2_font=&#8221;Open Sans|700||on|||||&#8221; header_2_text_color=&#8221;gcid-c94150fc-98ff-4d53-88a6-80ae99fedee0&#8243; header_2_font_size=&#8221;41px&#8221; header_2_line_height=&#8221;1.5em&#8221; custom_margin=&#8221;||13px|||&#8221; animation_style=&#8221;fade&#8221; header_font_size_tablet=&#8221;41px&#8221; header_font_size_phone=&#8221;30px&#8221; header_font_size_last_edited=&#8221;on|phone&#8221; header_2_font_size_tablet=&#8221;41px&#8221; header_2_font_size_phone=&#8221;33px&#8221; header_2_font_size_last_edited=&#8221;on|phone&#8221; locked=&#8221;off&#8221; global_colors_info=&#8221;{%22gcid-c94150fc-98ff-4d53-88a6-80ae99fedee0%22:%91%22header_2_text_color%22,%22header_text_color%22%93}&#8221;]<\/p>\n<h2>Correntes Kem<\/h2>\n<p>[\/et_pb_text][et_pb_text _builder_version=&#8221;4.27.4&#8243; _module_preset=&#8221;default&#8221; text_font=&#8221;Open Sans||||||||&#8221; text_text_color=&#8221;#353535&#8243; text_font_size=&#8221;16px&#8221; text_line_height=&#8221;1.6em&#8221; custom_padding=&#8221;|105px||||&#8221; custom_padding_tablet=&#8221;|105px||||&#8221; custom_padding_phone=&#8221;|0px|||false|false&#8221; custom_padding_last_edited=&#8221;on|phone&#8221; animation_style=&#8221;fade&#8221; locked=&#8221;off&#8221; global_colors_info=&#8221;{}&#8221;]<\/p>\n<p style=\"text-align: left;\">Em Kemmen, somos distribuidores especializados em correntes industriais para toda a pen\u00ednsula, oferecendo solu\u00e7\u00f5es espec\u00edficas para cada tipo de aplica\u00e7\u00e3o. O nosso cat\u00e1logo inclui correntes silenciosas, articuladas, a\u00e9reas, Redler e de a\u00e7o redondo, cada uma delas concebida para responder \u00e0s exig\u00eancias t\u00e9cnicas de setores como o industrial, alimentar, log\u00edstico ou agr\u00edcola. Gra\u00e7as \u00e0 sua qualidade, durabilidade e desempenho, as nossas correntes garantem um funcionamento eficiente e fi\u00e1vel em ambientes de alta exig\u00eancia. Na Kemmen, n\u00e3o fornecemos apenas componentes: acompanhamos os nossos clientes com aconselhamento t\u00e9cnico e compromisso profissional.   <\/p>\n<p>[\/et_pb_text][et_pb_button button_url=&#8221;@ET-DC@eyJkeW5hbWljIjp0cnVlLCJjb250ZW50IjoicG9zdF9saW5rX3VybF9wYWdlIiwic2V0dGluZ3MiOnsicG9zdF9pZCI6IjYwOCIsImVuYWJsZV9odG1sIjoib2ZmIn19@&#8221; button_text=&#8221;Ver correntes Kem&#8221; _builder_version=&#8221;4.27.4&#8243; _dynamic_attributes=&#8221;button_url&#8221; _module_preset=&#8221;default&#8221; custom_button=&#8221;on&#8221; button_text_color=&#8221;#FFFFFF&#8221; button_bg_color=&#8221;gcid-c94150fc-98ff-4d53-88a6-80ae99fedee0&#8243; button_border_width=&#8221;0px&#8221; button_border_radius=&#8221;50px&#8221; button_font=&#8221;Lexend|||on|||||&#8221; custom_padding=&#8221;12px|30px|12px|30px|true|true&#8221; locked=&#8221;off&#8221; global_colors_info=&#8221;{%22gcid-c94150fc-98ff-4d53-88a6-80ae99fedee0%22:%91%22button_bg_color%22%93}&#8221;][\/et_pb_button][\/et_pb_column][et_pb_column type=&#8221;2_5&#8243; _builder_version=&#8221;4.27.4&#8243; _module_preset=&#8221;default&#8221; global_colors_info=&#8221;{}&#8221;][et_pb_image src=&#8221;https:\/\/kemmen.com\/wp-content\/uploads\/2025\/08\/white-Photoroom-2.png&#8221; title_text=&#8221;white-Photoroom (2)&#8221; _builder_version=&#8221;4.27.4&#8243; _module_preset=&#8221;default&#8221; global_colors_info=&#8221;{}&#8221;][\/et_pb_image][\/et_pb_column][\/et_pb_row][\/et_pb_section][et_pb_section fb_built=&#8221;1&#8243; _builder_version=&#8221;4.27.4&#8243; _module_preset=&#8221;default&#8221; background_color=&#8221;#FFFFFF&#8221; background_enable_image=&#8221;off&#8221; parallax=&#8221;on&#8221; custom_padding=&#8221;104px||104px||true|&#8221; locked=&#8221;off&#8221; global_colors_info=&#8221;{}&#8221;][et_pb_row column_structure=&#8221;1_2,1_2&#8243; _builder_version=&#8221;4.27.4&#8243; _module_preset=&#8221;default&#8221; max_width=&#8221;1600px&#8221; animation_style=&#8221;fade&#8221; global_colors_info=&#8221;{}&#8221;][et_pb_column type=&#8221;1_2&#8243; _builder_version=&#8221;4.27.4&#8243; _module_preset=&#8221;default&#8221; global_colors_info=&#8221;{}&#8221;][et_pb_text _builder_version=&#8221;4.27.4&#8243; _module_preset=&#8221;default&#8221; text_font=&#8221;Open Sans|700||on|||||&#8221; text_text_color=&#8221;gcid-c94150fc-98ff-4d53-88a6-80ae99fedee0&#8243; text_font_size=&#8221;50px&#8221; text_line_height=&#8221;1.5em&#8221; custom_margin=&#8221;-1px|||||&#8221; text_font_size_tablet=&#8221;50px&#8221; text_font_size_phone=&#8221;25px&#8221; text_font_size_last_edited=&#8221;on|phone&#8221; locked=&#8221;off&#8221; global_colors_info=&#8221;{%22gcid-c94150fc-98ff-4d53-88a6-80ae99fedee0%22:%91%22text_text_color%22%93}&#8221;]<\/p>\n<p>As nossas marcas<\/p>\n<p>[\/et_pb_text][\/et_pb_column][et_pb_column type=&#8221;1_2&#8243; _builder_version=&#8221;4.27.4&#8243; _module_preset=&#8221;default&#8221; global_colors_info=&#8221;{}&#8221;][et_pb_text _builder_version=&#8221;4.27.4&#8243; _module_preset=&#8221;default&#8221; text_font=&#8221;Open Sans||||||||&#8221; text_text_color=&#8221;#353535&#8243; text_font_size=&#8221;16px&#8221; text_line_height=&#8221;1.6em&#8221; custom_margin=&#8221;10px|||||&#8221; locked=&#8221;off&#8221; global_colors_info=&#8221;{}&#8221;]<\/p>\n<p>Representamos as marcas mais reconhecidas do setor industrial para oferecer solu\u00e7\u00f5es completas em correntes, transmiss\u00e3o de pot\u00eancia e estanqueidade.<\/p>\n<p>[\/et_pb_text][\/et_pb_column][\/et_pb_row][et_pb_row _builder_version=&#8221;4.27.4&#8243; _module_preset=&#8221;default&#8221; max_width=&#8221;1600px&#8221; animation_style=&#8221;fade&#8221; global_colors_info=&#8221;{}&#8221;][et_pb_column type=&#8221;4_4&#8243; _builder_version=&#8221;4.27.4&#8243; _module_preset=&#8221;default&#8221; global_colors_info=&#8221;{}&#8221;][ba_logo_carousel slide_count=&#8221;4&#8243; nav_height=&#8221;48px&#8221; nav_width=&#8221;48px&#8221; nav_color=&#8221;gcid-68313e46-7288-442c-8626-eff0e763ccc9&#8243; nav_bg=&#8221;RGBA(255,255,255,0)&#8221; nav_pos_x=&#8221;-55px&#8221; icon_left=&#8221;&#xf104;||fa||900&#8243; icon_right=&#8221;&#xf105;||fa||900&#8243; slide_count_tablet=&#8221;4&#8243; slide_count_phone=&#8221;1&#8243; slide_count_last_edited=&#8221;on|phone&#8221; nav_width_tablet=&#8221;48px&#8221; nav_width_phone=&#8221;80px&#8221; nav_width_last_edited=&#8221;on|phone&#8221; _builder_version=&#8221;4.27.4&#8243; _module_preset=&#8221;default&#8221; global_colors_info=&#8221;{%22gcid-68313e46-7288-442c-8626-eff0e763ccc9%22:%91%22nav_color%22%93}&#8221;][ba_logo_carousel_child logo=&#8221;https:\/\/kemmen.com\/wp-content\/uploads\/2025\/07\/Logo_Donghua2.jpg&#8221; brand_name=&#8221;Donghua&#8221; is_link=&#8221;on&#8221; link_url=&#8221;@ET-DC@eyJkeW5hbWljIjp0cnVlLCJjb250ZW50IjoicG9zdF9saW5rX3VybF9wYWdlIiwic2V0dGluZ3MiOnsicG9zdF9pZCI6IjU4IiwiZW5hYmxlX2h0bWwiOiJvZmYifX0=@&#8221; _builder_version=&#8221;4.27.4&#8243; _dynamic_attributes=&#8221;link_url&#8221; border_radii_item=&#8221;on|25px|25px|25px|25px&#8221; box_shadow_style=&#8221;preset3&#8243; global_colors_info=&#8221;{}&#8221;][\/ba_logo_carousel_child][ba_logo_carousel_child logo=&#8221;https:\/\/kemmen.com\/wp-content\/uploads\/2025\/07\/Logo_BWTopas.jpg&#8221; brand_name=&#8221;BW Topas&#8221; is_link=&#8221;on&#8221; link_url=&#8221;@ET-DC@eyJkeW5hbWljIjp0cnVlLCJjb250ZW50IjoicG9zdF9saW5rX3VybF9wYWdlIiwic2V0dGluZ3MiOnsicG9zdF9pZCI6IjY1IiwiZW5hYmxlX2h0bWwiOiJvZmYifX0=@&#8221; _builder_version=&#8221;4.27.4&#8243; _dynamic_attributes=&#8221;link_url&#8221; border_radii_item=&#8221;on|25px|25px|25px|25px&#8221; box_shadow_style=&#8221;preset3&#8243; global_colors_info=&#8221;{}&#8221;][\/ba_logo_carousel_child][ba_logo_carousel_child logo=&#8221;https:\/\/kemmen.com\/wp-content\/uploads\/2025\/07\/Logo_EPR.jpg&#8221; brand_name=&#8221;EPR&#8221; is_link=&#8221;on&#8221; link_url=&#8221;@ET-DC@eyJkeW5hbWljIjp0cnVlLCJjb250ZW50IjoicG9zdF9saW5rX3VybF9wYWdlIiwic2V0dGluZ3MiOnsicG9zdF9pZCI6IjY5IiwiZW5hYmxlX2h0bWwiOiJvZmYifX0=@&#8221; _builder_version=&#8221;4.27.4&#8243; _dynamic_attributes=&#8221;link_url&#8221; border_radii_item=&#8221;on|25px|25px|25px|25px&#8221; box_shadow_style=&#8221;preset3&#8243; global_colors_info=&#8221;{}&#8221;][\/ba_logo_carousel_child][ba_logo_carousel_child logo=&#8221;https:\/\/kemmen.com\/wp-content\/uploads\/2025\/07\/Logo_GWB-GKN.jpg&#8221; brand_name=&#8221;GWB-GKN&#8221; is_link=&#8221;on&#8221; link_url=&#8221;@ET-DC@eyJkeW5hbWljIjp0cnVlLCJjb250ZW50IjoicG9zdF9saW5rX3VybF9wYWdlIiwic2V0dGluZ3MiOnsicG9zdF9pZCI6IjczIiwiZW5hYmxlX2h0bWwiOiJvZmYifX0=@&#8221; _builder_version=&#8221;4.27.4&#8243; _dynamic_attributes=&#8221;link_url&#8221; border_radii_item=&#8221;on|25px|25px|25px|25px&#8221; box_shadow_style=&#8221;preset3&#8243; global_colors_info=&#8221;{}&#8221;][\/ba_logo_carousel_child][ba_logo_carousel_child logo=&#8221;https:\/\/kemmen.com\/wp-content\/uploads\/2025\/07\/Logo_Brugarolas.jpg&#8221; brand_name=&#8221;Brugarolas&#8221; is_link=&#8221;on&#8221; link_url=&#8221;@ET-DC@eyJkeW5hbWljIjp0cnVlLCJjb250ZW50IjoicG9zdF9saW5rX3VybF9wYWdlIiwic2V0dGluZ3MiOnsicG9zdF9pZCI6IjgwIiwiZW5hYmxlX2h0bWwiOiJvZmYifX0=@&#8221; _builder_version=&#8221;4.27.4&#8243; _dynamic_attributes=&#8221;link_url&#8221; border_radii_item=&#8221;on|25px|25px|25px|25px&#8221; box_shadow_style=&#8221;preset3&#8243; global_colors_info=&#8221;{}&#8221;][\/ba_logo_carousel_child][ba_logo_carousel_child logo=&#8221;https:\/\/kemmen.com\/wp-content\/uploads\/2025\/07\/Logo_FAG-INA.jpg&#8221; brand_name=&#8221;FAG-INA&#8221; is_link=&#8221;on&#8221; link_url=&#8221;@ET-DC@eyJkeW5hbWljIjp0cnVlLCJjb250ZW50IjoicG9zdF9saW5rX3VybF9wYWdlIiwic2V0dGluZ3MiOnsicG9zdF9pZCI6Ijg0IiwiZW5hYmxlX2h0bWwiOiJvZmYifX0=@&#8221; _builder_version=&#8221;4.27.4&#8243; _dynamic_attributes=&#8221;link_url&#8221; border_radii_item=&#8221;on|25px|25px|25px|25px&#8221; box_shadow_style=&#8221;preset3&#8243; global_colors_info=&#8221;{}&#8221;][\/ba_logo_carousel_child][\/ba_logo_carousel][\/et_pb_column][\/et_pb_row][\/et_pb_section]<\/p>\n","protected":false},"excerpt":{"rendered":"<p>Distribuidores de correntes industriaisNa Kemmen, somos distribuidores e fabricantes de correntes industriais para os mais variados setores.TPE KemmenDistribuidores oficiais de correntes DonghuaA Donghua Chain consolidou-se como o maior fabricante mundial de correntes industriais, apoiada pelas suas 7 f\u00e1bricas de produ\u00e7\u00e3o e 17 centros de distribui\u00e7\u00e3o que garantem cobertura global e disponibilidade imediata. Como parceiro oficial [&hellip;]<\/p>\n","protected":false},"author":2,"featured_media":0,"parent":0,"menu_order":0,"comment_status":"closed","ping_status":"closed","template":"","meta":{"_et_pb_use_builder":"on","_et_pb_old_content":"","_et_gb_content_width":"","footnotes":""},"class_list":["post-1863","page","type-page","status-publish","hentry"],"yoast_head":"<!-- This site is optimized with the Yoast SEO plugin v27.4 - https:\/\/yoast.com\/product\/yoast-seo-wordpress\/ -->\n<title>Distribuidores de correntes | KEMMEN<\/title>\n<meta name=\"description\" content=\"Distribuidores especializados em correntes industriais para toda a pen\u00ednsula, oferecendo solu\u00e7\u00f5es espec\u00edficas para cada tipo de aplica\u00e7\u00e3o.\" \/>\n<meta name=\"robots\" content=\"index, follow, max-snippet:-1, max-image-preview:large, max-video-preview:-1\" \/>\n<link rel=\"canonical\" href=\"https:\/\/kemmen.com\/pt-pt\/correntes\/\" \/>\n<meta property=\"og:locale\" content=\"pt_PT\" \/>\n<meta property=\"og:type\" content=\"article\" \/>\n<meta property=\"og:title\" content=\"Distribuidores de correntes | KEMMEN\" \/>\n<meta property=\"og:description\" content=\"Distribuidores especializados em correntes industriais para toda a pen\u00ednsula, oferecendo solu\u00e7\u00f5es espec\u00edficas para cada tipo de aplica\u00e7\u00e3o.\" \/>\n<meta property=\"og:url\" content=\"https:\/\/kemmen.com\/pt-pt\/correntes\/\" \/>\n<meta property=\"og:site_name\" content=\"Kemmen\" \/>\n<meta property=\"article:modified_time\" content=\"2026-04-21T15:05:22+00:00\" \/>\n<meta name=\"twitter:card\" content=\"summary_large_image\" \/>\n<meta name=\"twitter:label1\" content=\"Tempo estimado de leitura\" \/>\n\t<meta name=\"twitter:data1\" content=\"11 minutos\" \/>\n<script type=\"application\/ld+json\" class=\"yoast-schema-graph\">{\"@context\":\"https:\\\/\\\/schema.org\",\"@graph\":[{\"@type\":\"WebPage\",\"@id\":\"https:\\\/\\\/kemmen.com\\\/pt-pt\\\/correntes\\\/\",\"url\":\"https:\\\/\\\/kemmen.com\\\/pt-pt\\\/correntes\\\/\",\"name\":\"Distribuidores de correntes | KEMMEN\",\"isPartOf\":{\"@id\":\"https:\\\/\\\/kemmen.com\\\/pt-pt\\\/#website\"},\"datePublished\":\"2025-08-04T10:20:49+00:00\",\"dateModified\":\"2026-04-21T15:05:22+00:00\",\"description\":\"Distribuidores especializados em correntes industriais para toda a pen\u00ednsula, oferecendo solu\u00e7\u00f5es espec\u00edficas para cada tipo de aplica\u00e7\u00e3o.\",\"breadcrumb\":{\"@id\":\"https:\\\/\\\/kemmen.com\\\/pt-pt\\\/correntes\\\/#breadcrumb\"},\"inLanguage\":\"pt-PT\",\"potentialAction\":[{\"@type\":\"ReadAction\",\"target\":[\"https:\\\/\\\/kemmen.com\\\/pt-pt\\\/correntes\\\/\"]}]},{\"@type\":\"BreadcrumbList\",\"@id\":\"https:\\\/\\\/kemmen.com\\\/pt-pt\\\/correntes\\\/#breadcrumb\",\"itemListElement\":[{\"@type\":\"ListItem\",\"position\":1,\"name\":\"Portada\",\"item\":\"https:\\\/\\\/kemmen.com\\\/pt-pt\\\/\"},{\"@type\":\"ListItem\",\"position\":2,\"name\":\"Correntes\"}]},{\"@type\":\"WebSite\",\"@id\":\"https:\\\/\\\/kemmen.com\\\/pt-pt\\\/#website\",\"url\":\"https:\\\/\\\/kemmen.com\\\/pt-pt\\\/\",\"name\":\"Kemmen\",\"description\":\"\",\"potentialAction\":[{\"@type\":\"SearchAction\",\"target\":{\"@type\":\"EntryPoint\",\"urlTemplate\":\"https:\\\/\\\/kemmen.com\\\/pt-pt\\\/?s={search_term_string}\"},\"query-input\":{\"@type\":\"PropertyValueSpecification\",\"valueRequired\":true,\"valueName\":\"search_term_string\"}}],\"inLanguage\":\"pt-PT\"}]}<\/script>\n<!-- \/ Yoast SEO plugin. -->","yoast_head_json":{"title":"Distribuidores de correntes | KEMMEN","description":"Distribuidores especializados em correntes industriais para toda a pen\u00ednsula, oferecendo solu\u00e7\u00f5es espec\u00edficas para cada tipo de aplica\u00e7\u00e3o.","robots":{"index":"index","follow":"follow","max-snippet":"max-snippet:-1","max-image-preview":"max-image-preview:large","max-video-preview":"max-video-preview:-1"},"canonical":"https:\/\/kemmen.com\/pt-pt\/correntes\/","og_locale":"pt_PT","og_type":"article","og_title":"Distribuidores de correntes | KEMMEN","og_description":"Distribuidores especializados em correntes industriais para toda a pen\u00ednsula, oferecendo solu\u00e7\u00f5es espec\u00edficas para cada tipo de aplica\u00e7\u00e3o.","og_url":"https:\/\/kemmen.com\/pt-pt\/correntes\/","og_site_name":"Kemmen","article_modified_time":"2026-04-21T15:05:22+00:00","twitter_card":"summary_large_image","twitter_misc":{"Tempo estimado de leitura":"11 minutos"},"schema":{"@context":"https:\/\/schema.org","@graph":[{"@type":"WebPage","@id":"https:\/\/kemmen.com\/pt-pt\/correntes\/","url":"https:\/\/kemmen.com\/pt-pt\/correntes\/","name":"Distribuidores de correntes | KEMMEN","isPartOf":{"@id":"https:\/\/kemmen.com\/pt-pt\/#website"},"datePublished":"2025-08-04T10:20:49+00:00","dateModified":"2026-04-21T15:05:22+00:00","description":"Distribuidores especializados em correntes industriais para toda a pen\u00ednsula, oferecendo solu\u00e7\u00f5es espec\u00edficas para cada tipo de aplica\u00e7\u00e3o.","breadcrumb":{"@id":"https:\/\/kemmen.com\/pt-pt\/correntes\/#breadcrumb"},"inLanguage":"pt-PT","potentialAction":[{"@type":"ReadAction","target":["https:\/\/kemmen.com\/pt-pt\/correntes\/"]}]},{"@type":"BreadcrumbList","@id":"https:\/\/kemmen.com\/pt-pt\/correntes\/#breadcrumb","itemListElement":[{"@type":"ListItem","position":1,"name":"Portada","item":"https:\/\/kemmen.com\/pt-pt\/"},{"@type":"ListItem","position":2,"name":"Correntes"}]},{"@type":"WebSite","@id":"https:\/\/kemmen.com\/pt-pt\/#website","url":"https:\/\/kemmen.com\/pt-pt\/","name":"Kemmen","description":"","potentialAction":[{"@type":"SearchAction","target":{"@type":"EntryPoint","urlTemplate":"https:\/\/kemmen.com\/pt-pt\/?s={search_term_string}"},"query-input":{"@type":"PropertyValueSpecification","valueRequired":true,"valueName":"search_term_string"}}],"inLanguage":"pt-PT"}]}},"_links":{"self":[{"href":"https:\/\/kemmen.com\/pt-pt\/wp-json\/wp\/v2\/pages\/1863","targetHints":{"allow":["GET"]}}],"collection":[{"href":"https:\/\/kemmen.com\/pt-pt\/wp-json\/wp\/v2\/pages"}],"about":[{"href":"https:\/\/kemmen.com\/pt-pt\/wp-json\/wp\/v2\/types\/page"}],"author":[{"embeddable":true,"href":"https:\/\/kemmen.com\/pt-pt\/wp-json\/wp\/v2\/users\/2"}],"replies":[{"embeddable":true,"href":"https:\/\/kemmen.com\/pt-pt\/wp-json\/wp\/v2\/comments?post=1863"}],"version-history":[{"count":6,"href":"https:\/\/kemmen.com\/pt-pt\/wp-json\/wp\/v2\/pages\/1863\/revisions"}],"predecessor-version":[{"id":10995,"href":"https:\/\/kemmen.com\/pt-pt\/wp-json\/wp\/v2\/pages\/1863\/revisions\/10995"}],"wp:attachment":[{"href":"https:\/\/kemmen.com\/pt-pt\/wp-json\/wp\/v2\/media?parent=1863"}],"curies":[{"name":"wp","href":"https:\/\/api.w.org\/{rel}","templated":true}]}}